{"id":1389606,"date":"2024-02-20T09:39:31","date_gmt":"2024-02-20T08:39:31","guid":{"rendered":"https:\/\/dnaera.com\/rs\/produkt\/beauty\/"},"modified":"2024-03-18T14:36:02","modified_gmt":"2024-03-18T13:36:02","slug":"beauty","status":"publish","type":"product","link":"https:\/\/dnaera.com\/rs\/produkt\/beauty\/","title":{"rendered":"Vzh\u013ead a zdravie"},"content":{"rendered":"<div>\n<div>Spoznajte podstatn\u00e9 spojitosti medzi genetikou a aspektami kr\u00e1sy, ktor\u00e9 m\u00f4\u017eu odhali\u0165 d\u00f4le\u017eit\u00e9 inform\u00e1cie o va\u0161ich jedine\u010dn\u00fdch vlastnostiach. Va\u0161a DNA v sebe nesie d\u00f4le\u017eit\u00e9 inform\u00e1cie ovplyv\u0148uj\u00face v\u0161etko, od zdravia ciev po kvalitu poko\u017eky, vlasov a vitalitu zubov.<\/div>\n<div><\/div>\n<div>Z\u00edskajte preh\u013ead o predispoz\u00edci\u00e1ch, ako s\u00fa k\u0155\u010dov\u00e9 \u017eily, akn\u00e9, atopick\u00e1 dermatit\u00edda, celulit\u00edda a vr\u00e1sky, ktor\u00e9 m\u00f4\u017eu ma\u0165 vplyv na zdravie va\u0161ej poko\u017eky. Tieto hodnotn\u00e9 poznatky v\u00e1m pom\u00f4\u017eu podnikn\u00fa\u0165 informovan\u00e9 kroky pre optimaliz\u00e1ciu va\u0161ej osobnej starostlivosti o zdravie a kr\u00e1su.<\/div>\n<\/div>\n","protected":false},"excerpt":{"rendered":"<p>Alop\u00e9cia, pigmentov\u00e9 \u0161kvrny, \u010di atopick\u00e1 dermatit\u00edda. Genetika m\u00e1 z\u00e1sadn\u00fd vplyv aj na n\u00e1\u0161 vzh\u013ead a kr\u00e1su.<\/p>\n","protected":false},"featured_media":1389605,"template":"","meta":{"_acf_changed":false,"content-type":"","inline_featured_image":false},"product_brand":[],"product_cat":[105],"product_tag":[],"class_list":{"0":"post-1389606","1":"product","2":"type-product","3":"status-publish","4":"has-post-thumbnail","6":"product_cat-digital-content","8":"first","9":"instock","10":"virtual","11":"purchasable","12":"product-type-simple"},"acf":[],"_links":{"self":[{"href":"https:\/\/dnaera.com\/rs\/wp-json\/wp\/v2\/product\/1389606","targetHints":{"allow":["GET"]}}],"collection":[{"href":"https:\/\/dnaera.com\/rs\/wp-json\/wp\/v2\/product"}],"about":[{"href":"https:\/\/dnaera.com\/rs\/wp-json\/wp\/v2\/types\/product"}],"version-history":[{"count":1,"href":"https:\/\/dnaera.com\/rs\/wp-json\/wp\/v2\/product\/1389606\/revisions"}],"predecessor-version":[{"id":1390245,"href":"https:\/\/dnaera.com\/rs\/wp-json\/wp\/v2\/product\/1389606\/revisions\/1390245"}],"wp:featuredmedia":[{"embeddable":true,"href":"https:\/\/dnaera.com\/rs\/wp-json\/wp\/v2\/media\/1389605"}],"wp:attachment":[{"href":"https:\/\/dnaera.com\/rs\/wp-json\/wp\/v2\/media?parent=1389606"}],"wp:term":[{"taxonomy":"product_brand","embeddable":true,"href":"https:\/\/dnaera.com\/rs\/wp-json\/wp\/v2\/product_brand?post=1389606"},{"taxonomy":"product_cat","embeddable":true,"href":"https:\/\/dnaera.com\/rs\/wp-json\/wp\/v2\/product_cat?post=1389606"},{"taxonomy":"product_tag","embeddable":true,"href":"https:\/\/dnaera.com\/rs\/wp-json\/wp\/v2\/product_tag?post=1389606"}],"curies":[{"name":"wp","href":"https:\/\/api.w.org\/{rel}","templated":true}]}}