{"id":1389602,"date":"2024-02-20T09:39:25","date_gmt":"2024-02-20T08:39:25","guid":{"rendered":"https:\/\/dnaera.com\/rs\/produkt\/carrier-status\/"},"modified":"2024-03-18T14:29:49","modified_gmt":"2024-03-18T13:29:49","slug":"carrier-status","status":"publish","type":"product","link":"https:\/\/dnaera.com\/rs\/produkt\/carrier-status\/","title":{"rendered":"Status pren\u00e1\u0161a\u010da"},"content":{"rendered":"<div>\n<div>Za pren\u00e1\u0161a\u010da autozom\u00e1lne reces\u00edvneho ochorenia sa pova\u017euje osoba, ktor\u00e1 m\u00e1 vo svojej DNA jednu k\u00f3piu zmenen\u00e9ho g\u00e9nu. Tak\u00fdto jedinec obvykle nevykazuje pr\u00edznaky ochorenia, ale m\u00f4\u017ee ovplyvni\u0165 zdravotn\u00fd stav svojich det\u00ed. Aby sa tak\u00e9to ochorenie rozvinulo, je potrebn\u00e9 zdedi\u0165 obidve k\u00f3pie dan\u00e9ho g\u00e9nu s mut\u00e1ciou.<\/div>\n<div><\/div>\n<div>Na\u0161a anal\u00fdza v\u0161ak nezah\u0155\u0148a v\u0161etky genetick\u00e9 varianty, ktor\u00e9 m\u00f4\u017eu by\u0165 spojen\u00e9 s rozvojom tak\u00fdchto ochoren\u00ed. Preto ak v\u00e1m test neodhal\u00ed, \u017ee ste pren\u00e1\u0161a\u010dom ochorenia, st\u00e1le m\u00f4\u017eete by\u0165 nosite\u013eom variantu, ktor\u00fd sme neanalyzovali. Ak ste vy aj v\u00e1\u0161 partner dostali pozit\u00edvny v\u00fdsledok, je vhodn\u00e9 sa poradi\u0165 s lek\u00e1rom.<\/div>\n<\/div>\n","protected":false},"excerpt":{"rendered":"<p>Pl\u00e1nujete si zalo\u017ei\u0165 rodinu teraz alebo v bud\u00facnosti? Zistite, ak\u00e9 m\u00e1te predispoz\u00edcie, ktor\u00e9 nemusia ma\u0165 vplyv na v\u00e1s, ale m\u00f4\u017eu ovplyvni\u0165 zdravie va\u0161ich det\u00ed.<\/p>\n","protected":false},"featured_media":1389601,"template":"","meta":{"_acf_changed":false,"content-type":"","inline_featured_image":false},"product_brand":[],"product_cat":[105],"product_tag":[],"class_list":{"0":"post-1389602","1":"product","2":"type-product","3":"status-publish","4":"has-post-thumbnail","6":"product_cat-digital-content","8":"first","9":"instock","10":"virtual","11":"purchasable","12":"product-type-simple"},"acf":[],"_links":{"self":[{"href":"https:\/\/dnaera.com\/rs\/wp-json\/wp\/v2\/product\/1389602","targetHints":{"allow":["GET"]}}],"collection":[{"href":"https:\/\/dnaera.com\/rs\/wp-json\/wp\/v2\/product"}],"about":[{"href":"https:\/\/dnaera.com\/rs\/wp-json\/wp\/v2\/types\/product"}],"version-history":[{"count":1,"href":"https:\/\/dnaera.com\/rs\/wp-json\/wp\/v2\/product\/1389602\/revisions"}],"predecessor-version":[{"id":1390242,"href":"https:\/\/dnaera.com\/rs\/wp-json\/wp\/v2\/product\/1389602\/revisions\/1390242"}],"wp:featuredmedia":[{"embeddable":true,"href":"https:\/\/dnaera.com\/rs\/wp-json\/wp\/v2\/media\/1389601"}],"wp:attachment":[{"href":"https:\/\/dnaera.com\/rs\/wp-json\/wp\/v2\/media?parent=1389602"}],"wp:term":[{"taxonomy":"product_brand","embeddable":true,"href":"https:\/\/dnaera.com\/rs\/wp-json\/wp\/v2\/product_brand?post=1389602"},{"taxonomy":"product_cat","embeddable":true,"href":"https:\/\/dnaera.com\/rs\/wp-json\/wp\/v2\/product_cat?post=1389602"},{"taxonomy":"product_tag","embeddable":true,"href":"https:\/\/dnaera.com\/rs\/wp-json\/wp\/v2\/product_tag?post=1389602"}],"curies":[{"name":"wp","href":"https:\/\/api.w.org\/{rel}","templated":true}]}}