{"id":1389594,"date":"2024-02-20T09:39:15","date_gmt":"2024-02-20T08:39:15","guid":{"rendered":"https:\/\/dnaera.com\/rs\/produkt\/medications\/"},"modified":"2024-03-18T14:02:37","modified_gmt":"2024-03-18T13:02:37","slug":"medications","status":"publish","type":"product","link":"https:\/\/dnaera.com\/rs\/produkt\/medications\/","title":{"rendered":"Lie\u010div\u00e1"},"content":{"rendered":"<div>\n<div>Existuje ve\u013ek\u00e9 mno\u017estvo enz\u00fdmov, ktor\u00e9 sa podie\u013eaj\u00fa na metabolizme r\u00f4znych lie\u010div. Genetika m\u00f4\u017ee ovplyv\u0148ova\u0165 ich funkciu. V tejto \u010dasti n\u00e1jdete inform\u00e1cie, ktor\u00e9 by mohli ma\u0165 vplyv na to, ako va\u0161e telo reaguje na r\u00f4zne lieky, vr\u00e1tane d\u00e1vkovania a mo\u017en\u00fdch ved\u013eaj\u0161\u00edch \u00fa\u010dinkov.<\/div>\n<div><\/div>\n<div>Odpor\u00fa\u010dame v\u00e1m, aby ste tieto v\u00fdsledky prebrali so svoj\u00edm lek\u00e1rom, \u010do m\u00f4\u017ee pom\u00f4c\u0165 pri nastaven\u00ed najlep\u0161ieho lie\u010debn\u00e9ho pl\u00e1nu. D\u00f4le\u017eit\u00e9 je, aby ste nikdy neupravovali svoju lie\u010dbu bez konzult\u00e1cie s odborn\u00edkom.<\/div>\n<\/div>\n","protected":false},"excerpt":{"rendered":"<p>Vplyv genetiky na metabolizmus lie\u010div, ich d\u00e1vkovanie, \u010di potenci\u00e1lny ne\u017eiad\u00faci \u00fa\u010dinok.<\/p>\n","protected":false},"featured_media":1389593,"template":"","meta":{"_acf_changed":false,"content-type":"","inline_featured_image":false},"product_brand":[],"product_cat":[105],"product_tag":[],"class_list":{"0":"post-1389594","1":"product","2":"type-product","3":"status-publish","4":"has-post-thumbnail","6":"product_cat-digital-content","8":"first","9":"instock","10":"virtual","11":"purchasable","12":"product-type-simple"},"acf":[],"_links":{"self":[{"href":"https:\/\/dnaera.com\/rs\/wp-json\/wp\/v2\/product\/1389594","targetHints":{"allow":["GET"]}}],"collection":[{"href":"https:\/\/dnaera.com\/rs\/wp-json\/wp\/v2\/product"}],"about":[{"href":"https:\/\/dnaera.com\/rs\/wp-json\/wp\/v2\/types\/product"}],"version-history":[{"count":1,"href":"https:\/\/dnaera.com\/rs\/wp-json\/wp\/v2\/product\/1389594\/revisions"}],"predecessor-version":[{"id":1390220,"href":"https:\/\/dnaera.com\/rs\/wp-json\/wp\/v2\/product\/1389594\/revisions\/1390220"}],"wp:featuredmedia":[{"embeddable":true,"href":"https:\/\/dnaera.com\/rs\/wp-json\/wp\/v2\/media\/1389593"}],"wp:attachment":[{"href":"https:\/\/dnaera.com\/rs\/wp-json\/wp\/v2\/media?parent=1389594"}],"wp:term":[{"taxonomy":"product_brand","embeddable":true,"href":"https:\/\/dnaera.com\/rs\/wp-json\/wp\/v2\/product_brand?post=1389594"},{"taxonomy":"product_cat","embeddable":true,"href":"https:\/\/dnaera.com\/rs\/wp-json\/wp\/v2\/product_cat?post=1389594"},{"taxonomy":"product_tag","embeddable":true,"href":"https:\/\/dnaera.com\/rs\/wp-json\/wp\/v2\/product_tag?post=1389594"}],"curies":[{"name":"wp","href":"https:\/\/api.w.org\/{rel}","templated":true}]}}