{"id":1389592,"date":"2024-02-20T09:39:12","date_gmt":"2024-02-20T08:39:12","guid":{"rendered":"https:\/\/dnaera.com\/rs\/produkt\/vitamins-and-minerals\/"},"modified":"2024-03-18T13:54:44","modified_gmt":"2024-03-18T12:54:44","slug":"vitamins-and-minerals","status":"publish","type":"product","link":"https:\/\/dnaera.com\/rs\/produkt\/vitamins-and-minerals\/","title":{"rendered":"Vitam\u00edny a miner\u00e1ly"},"content":{"rendered":"<div>\n<div>Vitam\u00edny a miner\u00e1ly s\u00fa k\u013e\u00fa\u010dov\u00e9 \u017eiviny pre spr\u00e1vnu funkciu metabolizmu v \u013eudskom tele. V tejto \u010dasti n\u00e1jdete inform\u00e1cie, ako va\u0161e g\u00e9ny m\u00f4\u017eu ovplyvni\u0165 hladiny t\u00fdchto d\u00f4le\u017eit\u00fdch \u017eiv\u00edn vo va\u0161om organizme. Pri dodr\u017eiavan\u00ed pestrej a vyv\u00e1\u017eenej stravy by mali by\u0165 hladiny vitam\u00ednov a miner\u00e1lov v norme, nez\u00e1visle na v\u00fdsledkoch genetickej anal\u00fdzy.<\/div>\n<div><\/div>\n<div>T\u00e1to anal\u00fdza sk\u00fama genetick\u00e9 sklony k hladin\u00e1m jednotliv\u00fdch vitam\u00ednov a miner\u00e1lov. Ak chcete z\u00edska\u0165 presn\u00fd preh\u013ead o aktu\u00e1lnych hladin\u00e1ch \u017eiv\u00edn vo va\u0161om tele, odpor\u00fa\u010dame vykona\u0165 krvn\u00fd test.<\/div>\n<\/div>\n","protected":false},"excerpt":{"rendered":"<p>Cel\u00e9 telo potrebuje spr\u00e1vnu d\u00e1vku vitam\u00ednov a miner\u00e1lov. Zistite, ak\u00e9 m\u00e1te genetick\u00e9 predispoz\u00edcie a podporte svoju imunitu.<\/p>\n","protected":false},"featured_media":1389591,"template":"","meta":{"_acf_changed":false,"content-type":"","inline_featured_image":false},"product_brand":[],"product_cat":[105],"product_tag":[],"class_list":{"0":"post-1389592","1":"product","2":"type-product","3":"status-publish","4":"has-post-thumbnail","6":"product_cat-digital-content","8":"first","9":"instock","10":"virtual","11":"purchasable","12":"product-type-simple"},"acf":[],"_links":{"self":[{"href":"https:\/\/dnaera.com\/rs\/wp-json\/wp\/v2\/product\/1389592","targetHints":{"allow":["GET"]}}],"collection":[{"href":"https:\/\/dnaera.com\/rs\/wp-json\/wp\/v2\/product"}],"about":[{"href":"https:\/\/dnaera.com\/rs\/wp-json\/wp\/v2\/types\/product"}],"version-history":[{"count":1,"href":"https:\/\/dnaera.com\/rs\/wp-json\/wp\/v2\/product\/1389592\/revisions"}],"predecessor-version":[{"id":1390201,"href":"https:\/\/dnaera.com\/rs\/wp-json\/wp\/v2\/product\/1389592\/revisions\/1390201"}],"wp:featuredmedia":[{"embeddable":true,"href":"https:\/\/dnaera.com\/rs\/wp-json\/wp\/v2\/media\/1389591"}],"wp:attachment":[{"href":"https:\/\/dnaera.com\/rs\/wp-json\/wp\/v2\/media?parent=1389592"}],"wp:term":[{"taxonomy":"product_brand","embeddable":true,"href":"https:\/\/dnaera.com\/rs\/wp-json\/wp\/v2\/product_brand?post=1389592"},{"taxonomy":"product_cat","embeddable":true,"href":"https:\/\/dnaera.com\/rs\/wp-json\/wp\/v2\/product_cat?post=1389592"},{"taxonomy":"product_tag","embeddable":true,"href":"https:\/\/dnaera.com\/rs\/wp-json\/wp\/v2\/product_tag?post=1389592"}],"curies":[{"name":"wp","href":"https:\/\/api.w.org\/{rel}","templated":true}]}}