{"id":24,"date":"2021-05-03T13:55:26","date_gmt":"2021-05-03T13:55:26","guid":{"rendered":"https:\/\/dnaera.com\/rs\/?page_id=24"},"modified":"2026-01-26T11:31:18","modified_gmt":"2026-01-26T10:31:18","slug":"kontakt","status":"publish","type":"page","link":"https:\/\/dnaera.com\/rs\/kontakt\/","title":{"rendered":"Kontakt"},"content":{"rendered":"\t\t<div data-elementor-type=\"wp-page\" data-elementor-id=\"24\" class=\"elementor elementor-24\" data-elementor-post-type=\"page\">\n\t\t\t\t\t\t<section class=\"elementor-section elementor-top-section elementor-element elementor-element-499c429 elementor-section-boxed elementor-section-height-default elementor-section-height-default\" data-id=\"499c429\" data-element_type=\"section\">\n\t\t\t\t\t\t<div class=\"elementor-container elementor-column-gap-default\">\n\t\t\t\t\t<div class=\"elementor-column elementor-col-100 elementor-top-column elementor-element elementor-element-60ca04d\" data-id=\"60ca04d\" data-element_type=\"column\">\n\t\t\t<div class=\"elementor-widget-wrap elementor-element-populated\">\n\t\t\t\t\t\t<div class=\"elementor-element elementor-element-184aa8a elementor-widget elementor-widget-spacer\" data-id=\"184aa8a\" data-element_type=\"widget\" data-widget_type=\"spacer.default\">\n\t\t\t\t\t\t\t<div class=\"elementor-spacer\">\n\t\t\t<div class=\"elementor-spacer-inner\"><\/div>\n\t\t<\/div>\n\t\t\t\t\t\t<\/div>\n\t\t\t\t\t<\/div>\n\t\t<\/div>\n\t\t\t\t\t<\/div>\n\t\t<\/section>\n\t\t\t\t<section class=\"elementor-section elementor-top-section elementor-element elementor-element-527ee37 elementor-section-boxed elementor-section-height-default elementor-section-height-default\" data-id=\"527ee37\" data-element_type=\"section\">\n\t\t\t\t\t\t<div class=\"elementor-container elementor-column-gap-default\">\n\t\t\t\t\t<div class=\"elementor-column elementor-col-100 elementor-top-column elementor-element elementor-element-1761a9e\" data-id=\"1761a9e\" data-element_type=\"column\">\n\t\t\t<div class=\"elementor-widget-wrap elementor-element-populated\">\n\t\t\t\t\t\t<div class=\"elementor-element elementor-element-0bd8ee8 elementor-widget elementor-widget-heading\" data-id=\"0bd8ee8\" data-element_type=\"widget\" data-widget_type=\"heading.default\">\n\t\t\t\t\t<h2 class=\"elementor-heading-title elementor-size-default\">Zainteresovani ste?<\/h2>\t\t\t\t<\/div>\n\t\t\t\t\t<\/div>\n\t\t<\/div>\n\t\t\t\t\t<\/div>\n\t\t<\/section>\n\t\t\t\t<section class=\"elementor-section elementor-top-section elementor-element elementor-element-7f3564d elementor-section-boxed elementor-section-height-default elementor-section-height-default\" data-id=\"7f3564d\" data-element_type=\"section\">\n\t\t\t\t\t\t<div class=\"elementor-container elementor-column-gap-default\">\n\t\t\t\t\t<div class=\"elementor-column elementor-col-100 elementor-top-column elementor-element elementor-element-8564726\" data-id=\"8564726\" data-element_type=\"column\">\n\t\t\t<div class=\"elementor-widget-wrap elementor-element-populated\">\n\t\t\t\t\t\t<div class=\"elementor-element elementor-element-6e16263 elementor-widget elementor-widget-spacer\" data-id=\"6e16263\" data-element_type=\"widget\" data-widget_type=\"spacer.default\">\n\t\t\t\t\t\t\t<div class=\"elementor-spacer\">\n\t\t\t<div class=\"elementor-spacer-inner\"><\/div>\n\t\t<\/div>\n\t\t\t\t\t\t<\/div>\n\t\t\t\t\t<\/div>\n\t\t<\/div>\n\t\t\t\t\t<\/div>\n\t\t<\/section>\n\t\t\t\t<section class=\"elementor-section elementor-top-section elementor-element elementor-element-4ad5532 elementor-section-boxed elementor-section-height-default elementor-section-height-default\" data-id=\"4ad5532\" data-element_type=\"section\">\n\t\t\t\t\t\t<div class=\"elementor-container elementor-column-gap-default\">\n\t\t\t\t\t<div class=\"elementor-column elementor-col-100 elementor-top-column elementor-element elementor-element-c3bef1e\" data-id=\"c3bef1e\" data-element_type=\"column\">\n\t\t\t<div class=\"elementor-widget-wrap elementor-element-populated\">\n\t\t\t\t\t\t<div class=\"elementor-element elementor-element-693eb52 elementor-widget elementor-widget-text-editor\" data-id=\"693eb52\" data-element_type=\"widget\" data-widget_type=\"text-editor.default\">\n\t\t\t\t\t\t\t\t\t<h1><span style=\"color: #465ac8;font-size: 24px;text-align: var(--bs-body-text-align)\">Kontaktirajte nas<\/span><\/h1><div>\u00a0<\/div><div><span lang=\"RO\">Kontaktirajte nas za vi\u0161e informacija o na\u0161im proizvodima i uslugama, a mi \u0107emo vam odgovoriti u \u0161to kra\u0107em roku.<\/span><\/div><p><span style=\"font-weight: 400\">E-adresa: <a href=\"mailto:info@dnaera.com\">info@dnaera.com<\/a><\/span><\/p><p><strong>DNA ERA s.r.o.<\/strong><span style=\"font-weight: 400\"><br \/><\/span><span style=\"font-weight: 400\">City Business Center I<\/span><span style=\"font-weight: 400\"><br \/><\/span><span style=\"font-weight: 400\">Karad\u017ei\u010dova 8<\/span><span style=\"font-weight: 400\"><br \/><\/span><span style=\"font-weight: 400\">821 08 Bratislava<\/span><span style=\"font-weight: 400\"><br \/><\/span>Slova\u010dka<\/p>\t\t\t\t\t\t\t\t<\/div>\n\t\t\t\t<div class=\"elementor-element elementor-element-ca38848 elementor-hidden-desktop elementor-hidden-tablet elementor-hidden-mobile elementor-widget-divider--view-line elementor-widget elementor-widget-divider\" data-id=\"ca38848\" data-element_type=\"widget\" data-widget_type=\"divider.default\">\n\t\t\t\t\t\t\t<div class=\"elementor-divider\">\n\t\t\t<span class=\"elementor-divider-separator\">\n\t\t\t\t\t\t<\/span>\n\t\t<\/div>\n\t\t\t\t\t\t<\/div>\n\t\t\t\t\t<\/div>\n\t\t<\/div>\n\t\t\t\t\t<\/div>\n\t\t<\/section>\n\t\t<div class=\"elementor-element elementor-element-eaaf4f3 e-flex e-con-boxed e-con e-parent\" data-id=\"eaaf4f3\" data-element_type=\"container\">\n\t\t\t\t\t<div class=\"e-con-inner\">\n\t\t\t\t<div class=\"elementor-element elementor-element-5813631 elementor-widget elementor-widget-spacer\" data-id=\"5813631\" data-element_type=\"widget\" data-widget_type=\"spacer.default\">\n\t\t\t\t\t\t\t<div class=\"elementor-spacer\">\n\t\t\t<div class=\"elementor-spacer-inner\"><\/div>\n\t\t<\/div>\n\t\t\t\t\t\t<\/div>\n\t\t\t\t\t<\/div>\n\t\t\t\t<\/div>\n\t\t\t\t<section class=\"elementor-section elementor-top-section elementor-element elementor-element-4e13eb3 elementor-hidden-desktop elementor-hidden-tablet elementor-hidden-mobile elementor-section-boxed elementor-section-height-default elementor-section-height-default\" data-id=\"4e13eb3\" data-element_type=\"section\" data-settings=\"{&quot;background_background&quot;:&quot;classic&quot;}\">\n\t\t\t\t\t\t<div class=\"elementor-container elementor-column-gap-default\">\n\t\t\t\t\t<div class=\"elementor-column elementor-col-100 elementor-top-column elementor-element elementor-element-0157e99\" data-id=\"0157e99\" data-element_type=\"column\" data-settings=\"{&quot;background_background&quot;:&quot;classic&quot;}\">\n\t\t\t<div class=\"elementor-widget-wrap elementor-element-populated\">\n\t\t\t\t\t\t\t<\/div>\n\t\t<\/div>\n\t\t\t\t\t<\/div>\n\t\t<\/section>\n\t\t\t\t<\/div>\n\t\t","protected":false},"excerpt":{"rendered":"<p>Zainteresovani ste? Kontaktirajte nas \u00a0Kontaktirajte nas za vi\u0161e informacija o na\u0161im proizvodima i uslugama, a mi \u0107emo vam odgovoriti u \u0161to kra\u0107em roku. E-adresa: info@dnaera.com DNA ERA s.r.o.City Business Center IKarad\u017ei\u010dova 8821 08 BratislavaSlova\u010dka<\/p>\n","protected":false},"author":1,"featured_media":0,"parent":0,"menu_order":0,"comment_status":"closed","ping_status":"closed","template":"","meta":{"_acf_changed":false,"content-type":"","inline_featured_image":false,"footnotes":""},"class_list":["post-24","page","type-page","status-publish","hentry"],"acf":[],"_links":{"self":[{"href":"https:\/\/dnaera.com\/rs\/wp-json\/wp\/v2\/pages\/24","targetHints":{"allow":["GET"]}}],"collection":[{"href":"https:\/\/dnaera.com\/rs\/wp-json\/wp\/v2\/pages"}],"about":[{"href":"https:\/\/dnaera.com\/rs\/wp-json\/wp\/v2\/types\/page"}],"author":[{"embeddable":true,"href":"https:\/\/dnaera.com\/rs\/wp-json\/wp\/v2\/users\/1"}],"replies":[{"embeddable":true,"href":"https:\/\/dnaera.com\/rs\/wp-json\/wp\/v2\/comments?post=24"}],"version-history":[{"count":5,"href":"https:\/\/dnaera.com\/rs\/wp-json\/wp\/v2\/pages\/24\/revisions"}],"predecessor-version":[{"id":1412268,"href":"https:\/\/dnaera.com\/rs\/wp-json\/wp\/v2\/pages\/24\/revisions\/1412268"}],"wp:attachment":[{"href":"https:\/\/dnaera.com\/rs\/wp-json\/wp\/v2\/media?parent=24"}],"curies":[{"name":"wp","href":"https:\/\/api.w.org\/{rel}","templated":true}]}}