{"id":1390124,"date":"2024-03-13T22:09:18","date_gmt":"2024-03-13T21:09:18","guid":{"rendered":"https:\/\/dnaera.com\/ro\/?post_type=product&#038;p=1390124"},"modified":"2024-03-18T22:02:57","modified_gmt":"2024-03-18T21:02:57","slug":"health-heart-veins","status":"publish","type":"product","link":"https:\/\/dnaera.com\/ro\/produkt\/health-heart-veins\/","title":{"rendered":"Srdce a cievy"},"content":{"rendered":"<div>\n<div>Kardiovaskul\u00e1rne ochorenia s\u00fa ve\u013ekou skupinou ochoren\u00ed, ktor\u00e9 postihuj\u00fa srdce a cievy, pri\u010dom m\u00f4\u017eu vies\u0165 k v\u00e1\u017enym zdravotn\u00fdm komplik\u00e1ci\u00e1m. Medzi naj\u010dastej\u0161ie v\u00e1\u017ene komplik\u00e1cie patr\u00ed nedostato\u010dn\u00e9 prekrvenie srdca alebo mozgu kv\u00f4li z\u00fa\u017een\u00fdm alebo blokovan\u00fdm cievam. Okrem genetiky je riziko rozvoja t\u00fdchto ochoren\u00ed ovplyvnen\u00e9 najm\u00e4 pr\u00edtomnos\u0165ou vysok\u00e9ho krvn\u00e9ho tlaku, vysok\u00fdch hlad\u00edn LDL cholesterolu v krvi, cukrovky, ale aj faj\u010den\u00edm alebo sedav\u00fdm sp\u00f4sobom \u017eivota.<\/div>\n<\/div>\n<div><\/div>\n<div>\n<div>V\u00fdsledky v tejto kateg\u00f3rii hovoria o genetickej n\u00e1chylnosti, pri\u010dom nezah\u0155\u0148aj\u00fa vplyv ostatn\u00fdch faktorov. Vy\u0161\u0161ie genetick\u00e9 riziko preto neznamen\u00e1, \u017ee sa dan\u00e9 ochorenie u v\u00e1s mus\u00ed objavi\u0165 a taktie\u017e nie je vyl\u00fa\u010den\u00e9, \u017ee sa po\u010das \u017eivota stretnete aj s tak\u00fdm ochoren\u00edm, na ktor\u00e9 nem\u00e1te vy\u0161\u0161iu genetick\u00fa n\u00e1chylnos\u0165. Na zn\u00ed\u017eenie pravdepodobnosti rozvoja t\u00fdchto ochoren\u00ed, ako aj na v\u010dasn\u00fd z\u00e1chyt pr\u00edpadn\u00e9ho rozvinut\u00e9ho ochorenia, v\u00e1m odpor\u00fa\u010dame zv\u00e1\u017ei\u0165 prevent\u00edvne kroky uveden\u00e9 v odpor\u00fa\u010daniach v\u00fdsledkov.<\/div>\n<\/div>\n","protected":false},"excerpt":{"rendered":"<p>Kardiovaskul\u00e1rne ochorenia s\u00fa nebezpe\u010dn\u00e9 pre srdce a cievy. M\u00f4\u017eu sp\u00f4sobi\u0165 v\u00e1\u017ene probl\u00e9my, ako je nedostato\u010dn\u00e9 prekrvenie srdca \u010di mozgu. Riziko vzniku t\u00fdchto chor\u00f4b ovplyv\u0148uje aj genetika, a pr\u00e1ve DNA anal\u00fdza v\u00e1m m\u00f4\u017ee pom\u00f4c\u0165 odhali\u0165 va\u0161u genetick\u00fa n\u00e1chylnos\u0165.<\/p>\n","protected":false},"featured_media":1390123,"template":"","meta":{"_acf_changed":false,"content-type":"","inline_featured_image":false},"product_brand":[],"product_cat":[105],"product_tag":[],"class_list":{"0":"post-1390124","1":"product","2":"type-product","3":"status-publish","4":"has-post-thumbnail","6":"product_cat-digital-content","8":"first","9":"instock","10":"virtual","11":"taxable","12":"purchasable","13":"product-type-simple"},"acf":[],"_links":{"self":[{"href":"https:\/\/dnaera.com\/ro\/wp-json\/wp\/v2\/product\/1390124","targetHints":{"allow":["GET"]}}],"collection":[{"href":"https:\/\/dnaera.com\/ro\/wp-json\/wp\/v2\/product"}],"about":[{"href":"https:\/\/dnaera.com\/ro\/wp-json\/wp\/v2\/types\/product"}],"version-history":[{"count":5,"href":"https:\/\/dnaera.com\/ro\/wp-json\/wp\/v2\/product\/1390124\/revisions"}],"predecessor-version":[{"id":1390334,"href":"https:\/\/dnaera.com\/ro\/wp-json\/wp\/v2\/product\/1390124\/revisions\/1390334"}],"wp:featuredmedia":[{"embeddable":true,"href":"https:\/\/dnaera.com\/ro\/wp-json\/wp\/v2\/media\/1390123"}],"wp:attachment":[{"href":"https:\/\/dnaera.com\/ro\/wp-json\/wp\/v2\/media?parent=1390124"}],"wp:term":[{"taxonomy":"product_brand","embeddable":true,"href":"https:\/\/dnaera.com\/ro\/wp-json\/wp\/v2\/product_brand?post=1390124"},{"taxonomy":"product_cat","embeddable":true,"href":"https:\/\/dnaera.com\/ro\/wp-json\/wp\/v2\/product_cat?post=1390124"},{"taxonomy":"product_tag","embeddable":true,"href":"https:\/\/dnaera.com\/ro\/wp-json\/wp\/v2\/product_tag?post=1390124"}],"curies":[{"name":"wp","href":"https:\/\/api.w.org\/{rel}","templated":true}]}}