{"id":1390122,"date":"2024-03-13T22:09:16","date_gmt":"2024-03-13T21:09:16","guid":{"rendered":"https:\/\/dnaera.com\/ro\/?post_type=product&#038;p=1390122"},"modified":"2024-03-18T14:52:38","modified_gmt":"2024-03-18T13:52:38","slug":"oncology","status":"publish","type":"product","link":"https:\/\/dnaera.com\/ro\/produkt\/oncology\/","title":{"rendered":"Onkol\u00f3gia"},"content":{"rendered":"<div>\n<div>Onkologick\u00e9 ochorenia predstavuj\u00fa ve\u013ek\u00fa skupinu ochoren\u00ed, ktor\u00e9 s\u00fa charakteristick\u00e9 najm\u00e4 nekontrolovate\u013en\u00fdm delen\u00edm buniek a \u0161\u00edren\u00edm t\u00fdchto abnorm\u00e1lnych buniek do r\u00f4znych \u010dast\u00ed tela. Kv\u00f4li takto naru\u0161enej regul\u00e1cii m\u00f4\u017eu tieto bunky vytv\u00e1ra\u0165 v\u00e4\u010d\u0161ie \u00fatvary \u2013 tzv. n\u00e1dory, ktor\u00e9 m\u00f4\u017eu naru\u0161i\u0165 norm\u00e1lne fungovanie tkan\u00edv alebo org\u00e1nov. Rakovina m\u00f4\u017ee vznikn\u00fa\u0165 v hociktorej \u010dasti tela z r\u00f4znych pr\u00ed\u010din, vr\u00e1tane genetick\u00fdch faktorov, vplyvu prostredia, \u017eivotn\u00fdch n\u00e1vykov, ale aj oby\u010dajnej n\u00e1hody.<\/div>\n<div><\/div>\n<div>V\u00fdsledky v tejto kateg\u00f3rii hovoria o genetickej n\u00e1chylnosti, pri\u010dom nezah\u0155\u0148aj\u00fa vplyv ostatn\u00fdch faktorov. Vy\u0161\u0161ie genetick\u00e9 riziko preto neznamen\u00e1, \u017ee sa dan\u00e9 ochorenie u v\u00e1s mus\u00ed objavi\u0165 a taktie\u017e nie je vyl\u00fa\u010den\u00e9, \u017ee sa po\u010das \u017eivota stretnete aj s tak\u00fdm ochoren\u00edm, na ktor\u00e9 nem\u00e1te vy\u0161\u0161iu genetick\u00fa n\u00e1chylnos\u0165. Na zn\u00ed\u017eenie pravdepodobnosti rozvoja t\u00fdchto ochoren\u00ed, ako aj na v\u010dasn\u00fd z\u00e1chyt pr\u00edpadn\u00e9ho rozvinut\u00e9ho ochorenia, v\u00e1m odpor\u00fa\u010dame zv\u00e1\u017ei\u0165 prevent\u00edvne kroky uveden\u00e9 v odpor\u00fa\u010daniach v\u00fdsledkov.<\/div>\n<\/div>\n","protected":false},"excerpt":{"rendered":"<p>Genetika je jedn\u00fdm z faktorov, ktor\u00e9 ovplyv\u0148uj\u00fa vznik rakoviny. Spoznajte svoje genetick\u00e9 predispoz\u00edcie v oblasti n\u00e1chylnosti na onkologick\u00e9 ochorenia. V\u010faka DNA anal\u00fdze m\u00f4\u017eete kona\u0165 proakt\u00edvne a chr\u00e1ni\u0165 svoje zdravie.<\/p>\n","protected":false},"featured_media":1390121,"template":"","meta":{"_acf_changed":false,"content-type":"","inline_featured_image":false},"product_brand":[],"product_cat":[105],"product_tag":[],"class_list":{"0":"post-1390122","1":"product","2":"type-product","3":"status-publish","4":"has-post-thumbnail","6":"product_cat-digital-content","8":"first","9":"instock","10":"virtual","11":"taxable","12":"purchasable","13":"product-type-simple"},"acf":[],"_links":{"self":[{"href":"https:\/\/dnaera.com\/ro\/wp-json\/wp\/v2\/product\/1390122","targetHints":{"allow":["GET"]}}],"collection":[{"href":"https:\/\/dnaera.com\/ro\/wp-json\/wp\/v2\/product"}],"about":[{"href":"https:\/\/dnaera.com\/ro\/wp-json\/wp\/v2\/types\/product"}],"version-history":[{"count":2,"href":"https:\/\/dnaera.com\/ro\/wp-json\/wp\/v2\/product\/1390122\/revisions"}],"predecessor-version":[{"id":1390258,"href":"https:\/\/dnaera.com\/ro\/wp-json\/wp\/v2\/product\/1390122\/revisions\/1390258"}],"wp:featuredmedia":[{"embeddable":true,"href":"https:\/\/dnaera.com\/ro\/wp-json\/wp\/v2\/media\/1390121"}],"wp:attachment":[{"href":"https:\/\/dnaera.com\/ro\/wp-json\/wp\/v2\/media?parent=1390122"}],"wp:term":[{"taxonomy":"product_brand","embeddable":true,"href":"https:\/\/dnaera.com\/ro\/wp-json\/wp\/v2\/product_brand?post=1390122"},{"taxonomy":"product_cat","embeddable":true,"href":"https:\/\/dnaera.com\/ro\/wp-json\/wp\/v2\/product_cat?post=1390122"},{"taxonomy":"product_tag","embeddable":true,"href":"https:\/\/dnaera.com\/ro\/wp-json\/wp\/v2\/product_tag?post=1390122"}],"curies":[{"name":"wp","href":"https:\/\/api.w.org\/{rel}","templated":true}]}}