{"id":1390120,"date":"2024-03-13T22:09:13","date_gmt":"2024-03-13T21:09:13","guid":{"rendered":"https:\/\/dnaera.com\/ro\/produkt\/health-other\/"},"modified":"2024-03-18T14:49:00","modified_gmt":"2024-03-18T13:49:00","slug":"health-other","status":"publish","type":"product","link":"https:\/\/dnaera.com\/ro\/produkt\/health-other\/","title":{"rendered":"In\u00e9 zdravotn\u00e9 predispoz\u00edcie"},"content":{"rendered":"<div>\n<div>Pocit fyzickej, ale aj du\u0161evnej pohody, m\u00f4\u017ee by\u0165 ovplyvnen\u00fd r\u00f4znymi zdravotn\u00fdmi probl\u00e9mami. Tieto probl\u00e9my m\u00f4\u017eu by\u0165 do\u010dasn\u00e9, ale aj chronick\u00e9 a m\u00f4\u017eu v\u00fdznamn\u00fdm sp\u00f4sobom ovplyvni\u0165 n\u00e1\u0161 ka\u017edodenn\u00fd \u017eivot. V najv\u00e1\u017enej\u0161\u00edch pr\u00edpadoch m\u00f4\u017eu dokonca sp\u00f4sobi\u0165 \u017eivot ohrozuj\u00faci stav. Okrem genetickej predispoz\u00edcie maj\u00fa na rozvoj t\u00fdchto ochoren\u00ed vplyv aj in\u00e9 faktory, vr\u00e1tane n\u00e1\u0161ho stravovania, fyzickej aktivity, ale aj vystavovania sa zlozvykom, ako je nadmern\u00fd pr\u00edjem alkoholu alebo faj\u010denie.<\/div>\n<div><\/div>\n<div>V\u00fdsledky v tejto kateg\u00f3rii hovoria o genetickej n\u00e1chylnosti, pri\u010dom nezah\u0155\u0148aj\u00fa vplyv ostatn\u00fdch faktorov. Vy\u0161\u0161ie genetick\u00e9 riziko preto neznamen\u00e1, \u017ee sa dan\u00e9 ochorenie u v\u00e1s mus\u00ed objavi\u0165 a taktie\u017e nie je vyl\u00fa\u010den\u00e9, \u017ee sa po\u010das \u017eivota stretnete aj s tak\u00fdm ochoren\u00edm, na ktor\u00e9 nem\u00e1te vy\u0161\u0161iu genetick\u00fa n\u00e1chylnos\u0165. Na zn\u00ed\u017eenie pravdepodobnosti rozvoja t\u00fdchto ochoren\u00ed, ako aj na v\u010dasn\u00fd z\u00e1chyt pr\u00edpadn\u00e9ho rozvinut\u00e9ho ochorenia, v\u00e1m odpor\u00fa\u010dame zv\u00e1\u017ei\u0165 prevent\u00edvne kroky uveden\u00e9 v odpor\u00fa\u010daniach v\u00fdsledkov.<\/div>\n<\/div>\n","protected":false},"excerpt":{"rendered":"<p>Zdravotn\u00e9 probl\u00e9my ovplyv\u0148uj\u00fa fyzick\u00fa aj psychick\u00fa pohodu. Niektor\u00e9 s\u00fa do\u010dasn\u00e9, in\u00e9 chronick\u00e9 a v\u00e1\u017ene. DNA anal\u00fdza v\u00e1m m\u00f4\u017ee pom\u00f4c\u0165 odhali\u0165 genetick\u00e9 predispoz\u00edcie k r\u00f4znym ochoreniam a tak v\u00e1m umo\u017en\u00ed v\u010das prija\u0165 prevent\u00edvne opatrenia a zlep\u0161i\u0165 tak kvalitu v\u00e1\u0161ho \u017eivota.<\/p>\n","protected":false},"featured_media":1390119,"template":"","meta":{"_acf_changed":false,"content-type":"","inline_featured_image":false},"product_brand":[],"product_cat":[105],"product_tag":[],"class_list":{"0":"post-1390120","1":"product","2":"type-product","3":"status-publish","4":"has-post-thumbnail","6":"product_cat-digital-content","8":"first","9":"instock","10":"virtual","11":"taxable","12":"purchasable","13":"product-type-simple"},"acf":[],"_links":{"self":[{"href":"https:\/\/dnaera.com\/ro\/wp-json\/wp\/v2\/product\/1390120","targetHints":{"allow":["GET"]}}],"collection":[{"href":"https:\/\/dnaera.com\/ro\/wp-json\/wp\/v2\/product"}],"about":[{"href":"https:\/\/dnaera.com\/ro\/wp-json\/wp\/v2\/types\/product"}],"version-history":[{"count":1,"href":"https:\/\/dnaera.com\/ro\/wp-json\/wp\/v2\/product\/1390120\/revisions"}],"predecessor-version":[{"id":1390256,"href":"https:\/\/dnaera.com\/ro\/wp-json\/wp\/v2\/product\/1390120\/revisions\/1390256"}],"wp:featuredmedia":[{"embeddable":true,"href":"https:\/\/dnaera.com\/ro\/wp-json\/wp\/v2\/media\/1390119"}],"wp:attachment":[{"href":"https:\/\/dnaera.com\/ro\/wp-json\/wp\/v2\/media?parent=1390120"}],"wp:term":[{"taxonomy":"product_brand","embeddable":true,"href":"https:\/\/dnaera.com\/ro\/wp-json\/wp\/v2\/product_brand?post=1390120"},{"taxonomy":"product_cat","embeddable":true,"href":"https:\/\/dnaera.com\/ro\/wp-json\/wp\/v2\/product_cat?post=1390120"},{"taxonomy":"product_tag","embeddable":true,"href":"https:\/\/dnaera.com\/ro\/wp-json\/wp\/v2\/product_tag?post=1390120"}],"curies":[{"name":"wp","href":"https:\/\/api.w.org\/{rel}","templated":true}]}}