{"id":1389612,"date":"2024-02-20T09:39:37","date_gmt":"2024-02-20T08:39:37","guid":{"rendered":"https:\/\/dnaera.com\/ro\/produkt\/personality\/"},"modified":"2024-03-19T10:32:02","modified_gmt":"2024-03-19T09:32:02","slug":"personality","status":"publish","type":"product","link":"https:\/\/dnaera.com\/ro\/produkt\/personality\/","title":{"rendered":"Osobnostn\u00e9 \u010drty"},"content":{"rendered":"<div>\n<div>Osobnostn\u00e9 vlastnosti n\u00e1s formuj\u00fa a ovplyv\u0148uj\u00fa na\u0161e my\u0161lienky, pocity a spr\u00e1vanie. V tejto sekcii zistite, ako va\u0161e g\u00e9ny m\u00f4\u017eu ovplyvni\u0165 va\u0161u toleranciu k stresu, \u00farove\u0148 neuroticizmu a r\u00f4zne pocity, ako je obava, pocit viny, nap\u00e4tie, zranite\u013enos\u0165, frustr\u00e1cia, ne\u0161\u0165astie, nervozita a podr\u00e1\u017edenos\u0165.<\/div>\n<div><\/div>\n<div>Tieto vlastnosti m\u00f4\u017eu ma\u0165 v\u00fdznamn\u00fd vplyv na v\u00e1\u0161 ka\u017edodenn\u00fd \u017eivot a pohodu. Porozumenie svojim genetick\u00fdm predispoz\u00edci\u00e1m v\u00e1m m\u00f4\u017ee pom\u00f4c\u0165 identifikova\u0165, ako reagujete na r\u00f4zne situ\u00e1cie a ako sa m\u00f4\u017eete lep\u0161ie vyrovna\u0165 so stresom a nepohodou.<\/div>\n<\/div>\n","protected":false},"excerpt":{"rendered":"<p>Va\u0161a osobnos\u0165 je jedine\u010dn\u00e1, ovplyvnen\u00e1 kombin\u00e1ciou genetick\u00fdch a environment\u00e1lnych faktorov. Objavte inform\u00e1cie o va\u0161ich genetick\u00fdch predispoz\u00edci\u00e1ch a z\u00edskajte hlb\u0161ie porozumenie va\u0161im jedine\u010dn\u00fdm vlastnostiam.<\/p>\n","protected":false},"featured_media":1389611,"template":"","meta":{"_acf_changed":false,"content-type":"","inline_featured_image":false},"product_brand":[],"product_cat":[105],"product_tag":[],"class_list":{"0":"post-1389612","1":"product","2":"type-product","3":"status-publish","4":"has-post-thumbnail","6":"product_cat-digital-content","8":"first","9":"instock","10":"virtual","11":"taxable","12":"purchasable","13":"product-type-simple"},"acf":[],"_links":{"self":[{"href":"https:\/\/dnaera.com\/ro\/wp-json\/wp\/v2\/product\/1389612","targetHints":{"allow":["GET"]}}],"collection":[{"href":"https:\/\/dnaera.com\/ro\/wp-json\/wp\/v2\/product"}],"about":[{"href":"https:\/\/dnaera.com\/ro\/wp-json\/wp\/v2\/types\/product"}],"version-history":[{"count":2,"href":"https:\/\/dnaera.com\/ro\/wp-json\/wp\/v2\/product\/1389612\/revisions"}],"predecessor-version":[{"id":1390255,"href":"https:\/\/dnaera.com\/ro\/wp-json\/wp\/v2\/product\/1389612\/revisions\/1390255"}],"wp:featuredmedia":[{"embeddable":true,"href":"https:\/\/dnaera.com\/ro\/wp-json\/wp\/v2\/media\/1389611"}],"wp:attachment":[{"href":"https:\/\/dnaera.com\/ro\/wp-json\/wp\/v2\/media?parent=1389612"}],"wp:term":[{"taxonomy":"product_brand","embeddable":true,"href":"https:\/\/dnaera.com\/ro\/wp-json\/wp\/v2\/product_brand?post=1389612"},{"taxonomy":"product_cat","embeddable":true,"href":"https:\/\/dnaera.com\/ro\/wp-json\/wp\/v2\/product_cat?post=1389612"},{"taxonomy":"product_tag","embeddable":true,"href":"https:\/\/dnaera.com\/ro\/wp-json\/wp\/v2\/product_tag?post=1389612"}],"curies":[{"name":"wp","href":"https:\/\/api.w.org\/{rel}","templated":true}]}}