{"id":1389610,"date":"2024-02-20T09:39:35","date_gmt":"2024-02-20T08:39:35","guid":{"rendered":"https:\/\/dnaera.com\/ro\/produkt\/productivity\/"},"modified":"2024-05-17T14:23:22","modified_gmt":"2024-05-17T12:23:22","slug":"productivity","status":"publish","type":"product","link":"https:\/\/dnaera.com\/ro\/produkt\/productivity\/","title":{"rendered":"Produktivita"},"content":{"rendered":"<div>\n<div>Mnoh\u00e9 faktory ovplyv\u0148uj\u00fa na\u0161u produktivitu, vr\u00e1tane genetick\u00fdch predispoz\u00edci\u00ed, ktor\u00e9 m\u00f4\u017eu ur\u010dova\u0165, ako efekt\u00edvne pracujeme v r\u00f4znych \u010dasoch d\u0148a. Tieto predispoz\u00edcie m\u00f4\u017eu tie\u017e ovplyvni\u0165 d\u013a\u017eku, h\u013abku a kvalitu v\u00e1\u0161ho sp\u00e1nku, ktor\u00fd je k\u013e\u00fa\u010dov\u00fd pre regener\u00e1ciu mozgu a zachovanie v\u00e1\u0161ho v\u00fdkonu na vysokej \u00farovni.<\/div>\n<div><\/div>\n<div>Na z\u00e1klade poznania svojich genetick\u00fdch predispoz\u00edci\u00ed si tie\u017e m\u00f4\u017eete porovna\u0165 \u010di sa v\u00e1m podarilo svoje g\u00e9ny prekona\u0165, pr\u00edpadne do akej miery sa e\u0161te viete zlep\u0161i\u0165.<\/div>\n<\/div>\n","protected":false},"excerpt":{"rendered":"<p>Genetick\u00e9 predispoz\u00edcie m\u00f4\u017eu ovplyv\u0148ova\u0165 d\u013a\u017eku, h\u013abku a kvalitu sp\u00e1nku, ale aj efektivitu v s\u00fakromnom a pracovnom \u017eivote.<\/p>\n","protected":false},"featured_media":1389609,"template":"","meta":{"_acf_changed":false,"content-type":"","inline_featured_image":false},"product_brand":[],"product_cat":[105],"product_tag":[],"class_list":{"0":"post-1389610","1":"product","2":"type-product","3":"status-publish","4":"has-post-thumbnail","6":"product_cat-digital-content","8":"first","9":"instock","10":"virtual","11":"taxable","12":"purchasable","13":"product-type-simple"},"acf":[],"_links":{"self":[{"href":"https:\/\/dnaera.com\/ro\/wp-json\/wp\/v2\/product\/1389610","targetHints":{"allow":["GET"]}}],"collection":[{"href":"https:\/\/dnaera.com\/ro\/wp-json\/wp\/v2\/product"}],"about":[{"href":"https:\/\/dnaera.com\/ro\/wp-json\/wp\/v2\/types\/product"}],"version-history":[{"count":1,"href":"https:\/\/dnaera.com\/ro\/wp-json\/wp\/v2\/product\/1389610\/revisions"}],"predecessor-version":[{"id":1390250,"href":"https:\/\/dnaera.com\/ro\/wp-json\/wp\/v2\/product\/1389610\/revisions\/1390250"}],"wp:featuredmedia":[{"embeddable":true,"href":"https:\/\/dnaera.com\/ro\/wp-json\/wp\/v2\/media\/1389609"}],"wp:attachment":[{"href":"https:\/\/dnaera.com\/ro\/wp-json\/wp\/v2\/media?parent=1389610"}],"wp:term":[{"taxonomy":"product_brand","embeddable":true,"href":"https:\/\/dnaera.com\/ro\/wp-json\/wp\/v2\/product_brand?post=1389610"},{"taxonomy":"product_cat","embeddable":true,"href":"https:\/\/dnaera.com\/ro\/wp-json\/wp\/v2\/product_cat?post=1389610"},{"taxonomy":"product_tag","embeddable":true,"href":"https:\/\/dnaera.com\/ro\/wp-json\/wp\/v2\/product_tag?post=1389610"}],"curies":[{"name":"wp","href":"https:\/\/api.w.org\/{rel}","templated":true}]}}