{"id":1389608,"date":"2024-02-20T09:39:33","date_gmt":"2024-02-20T08:39:33","guid":{"rendered":"https:\/\/dnaera.com\/ro\/produkt\/mental-and-neurological-health\/"},"modified":"2024-05-17T14:25:58","modified_gmt":"2024-05-17T12:25:58","slug":"mental-and-neurological-health","status":"publish","type":"product","link":"https:\/\/dnaera.com\/ro\/produkt\/mental-and-neurological-health\/","title":{"rendered":"Du\u0161evn\u00e9 a neurologick\u00e9 zdravie"},"content":{"rendered":"<div>\n<div>Na\u0161e du\u0161evn\u00e9 a neurologick\u00e9 zdravie formuje, ako mysl\u00edme, c\u00edtime, kon\u00e1me a ako budujeme vz\u0165ahy. V tejto sekcii n\u00e1jdete inform\u00e1cie o tom, ako va\u0161e g\u00e9ny m\u00f4\u017eu ovplyvni\u0165 riziko vzniku du\u0161evn\u00fdch a neurologick\u00fdch ochoren\u00ed. Ide v\u0161ak len o genetick\u00e9 predispoz\u00edcie, \u010do znamen\u00e1, \u017ee nie je ist\u00e9, \u010di sa u v\u00e1s tieto ochorenia skuto\u010dne rozvin\u00fa.<\/div>\n<div><\/div>\n<div>Je tie\u017e mo\u017en\u00e9, \u017ee sa objavia ochorenia, na ktor\u00e9 genetick\u00fa n\u00e1chylnos\u0165 nem\u00e1te. Aby ste zn\u00ed\u017eili riziko vzniku t\u00fdchto ochoren\u00ed, je dobr\u00e9 dodr\u017eiava\u0165 odpor\u00fa\u010dan\u00e9 prevent\u00edvne opatrenia uveden\u00e9 vo v\u00fdsledkoch. Doporu\u010dujeme tie\u017e prediskutova\u0165 tieto inform\u00e1cie so svoj\u00edm lek\u00e1rom alebo psychoterapeutom.<\/div>\n<\/div>\n","protected":false},"excerpt":{"rendered":"<p>Depresia, \u00fazkostn\u00e9 poruchy, ADHD, Alzheimerova choroba a mnoho \u010fal\u0161\u00edch. Aj pri na\u0161ej du\u0161evnej pohode zohr\u00e1vaj\u00fa d\u00f4le\u017eit\u00fa \u00falohu genetick\u00e9 predispoz\u00edcie a prevencia.<\/p>\n","protected":false},"featured_media":1389607,"template":"","meta":{"_acf_changed":false,"content-type":"","inline_featured_image":false},"product_brand":[],"product_cat":[105],"product_tag":[],"class_list":{"0":"post-1389608","1":"product","2":"type-product","3":"status-publish","4":"has-post-thumbnail","6":"product_cat-digital-content","8":"first","9":"instock","10":"virtual","11":"taxable","12":"purchasable","13":"product-type-simple"},"acf":[],"_links":{"self":[{"href":"https:\/\/dnaera.com\/ro\/wp-json\/wp\/v2\/product\/1389608","targetHints":{"allow":["GET"]}}],"collection":[{"href":"https:\/\/dnaera.com\/ro\/wp-json\/wp\/v2\/product"}],"about":[{"href":"https:\/\/dnaera.com\/ro\/wp-json\/wp\/v2\/types\/product"}],"version-history":[{"count":2,"href":"https:\/\/dnaera.com\/ro\/wp-json\/wp\/v2\/product\/1389608\/revisions"}],"predecessor-version":[{"id":1390248,"href":"https:\/\/dnaera.com\/ro\/wp-json\/wp\/v2\/product\/1389608\/revisions\/1390248"}],"wp:featuredmedia":[{"embeddable":true,"href":"https:\/\/dnaera.com\/ro\/wp-json\/wp\/v2\/media\/1389607"}],"wp:attachment":[{"href":"https:\/\/dnaera.com\/ro\/wp-json\/wp\/v2\/media?parent=1389608"}],"wp:term":[{"taxonomy":"product_brand","embeddable":true,"href":"https:\/\/dnaera.com\/ro\/wp-json\/wp\/v2\/product_brand?post=1389608"},{"taxonomy":"product_cat","embeddable":true,"href":"https:\/\/dnaera.com\/ro\/wp-json\/wp\/v2\/product_cat?post=1389608"},{"taxonomy":"product_tag","embeddable":true,"href":"https:\/\/dnaera.com\/ro\/wp-json\/wp\/v2\/product_tag?post=1389608"}],"curies":[{"name":"wp","href":"https:\/\/api.w.org\/{rel}","templated":true}]}}