{"id":1389604,"date":"2024-02-20T09:39:28","date_gmt":"2024-02-20T08:39:28","guid":{"rendered":"https:\/\/dnaera.com\/ro\/produkt\/nutrition-and-health\/"},"modified":"2024-03-18T14:33:15","modified_gmt":"2024-03-18T13:33:15","slug":"nutrition-and-health","status":"publish","type":"product","link":"https:\/\/dnaera.com\/ro\/produkt\/nutrition-and-health\/","title":{"rendered":"V\u00fd\u017eiva a zdravie"},"content":{"rendered":"<div>\n<div>Spr\u00e1vna strava a v\u00fd\u017eiva s\u00fa neoddelite\u013enou s\u00fa\u010das\u0165ou zdrav\u00e9ho rastu a v\u00fdvoja ka\u017ed\u00e9ho z n\u00e1s. Vyv\u00e1\u017een\u00e1 a rozmanit\u00e1 strava zohr\u00e1va k\u013e\u00fa\u010dov\u00fa \u00falohu v chode n\u00e1\u0161ho tela, pom\u00e1ha predch\u00e1dza\u0165 mnoh\u00fdm chorob\u00e1m a prispieva k lep\u0161iemu a dlh\u0161iemu \u017eivotu.<\/div>\n<div><\/div>\n<div>V tejto \u010dasti n\u00e1jdete inform\u00e1cie t\u00fdkaj\u00face sa v\u00fd\u017eivy, ktor\u00e9 m\u00f4\u017eu ma\u0165 r\u00f4zny dopad na va\u0161e zdravie. Na\u0161e v\u00fd\u017eivov\u00e9 reporty tie\u017e zah\u0155\u0148aj\u00fa \u0161irok\u00fa paletu odpor\u00fa\u010dan\u00ed od na\u0161ich expertov na v\u00fd\u017eivu, ktor\u00e9 v\u00e1m m\u00f4\u017eu pom\u00f4c\u0165 pri tvorbe v\u00e1\u0161ho jed\u00e1lni\u010dka.<\/div>\n<\/div>\n","protected":false},"excerpt":{"rendered":"<p>Nefunguj\u00fa v\u00e1m v\u0161eobecn\u00e9 rady a di\u00e9ty? Spoznajte svoje g\u00e9ny v oblasti v\u00fd\u017eivy a n\u00e1jdite spr\u00e1vny smer k vysn\u00edvanej postave a zdrav\u00e9mu \u017eivotn\u00e9mu \u0161t\u00fdlu.<\/p>\n","protected":false},"featured_media":1389603,"template":"","meta":{"_acf_changed":false,"content-type":"","inline_featured_image":false},"product_brand":[],"product_cat":[105],"product_tag":[],"class_list":{"0":"post-1389604","1":"product","2":"type-product","3":"status-publish","4":"has-post-thumbnail","6":"product_cat-digital-content","8":"first","9":"instock","10":"virtual","11":"taxable","12":"purchasable","13":"product-type-simple"},"acf":[],"_links":{"self":[{"href":"https:\/\/dnaera.com\/ro\/wp-json\/wp\/v2\/product\/1389604","targetHints":{"allow":["GET"]}}],"collection":[{"href":"https:\/\/dnaera.com\/ro\/wp-json\/wp\/v2\/product"}],"about":[{"href":"https:\/\/dnaera.com\/ro\/wp-json\/wp\/v2\/types\/product"}],"version-history":[{"count":1,"href":"https:\/\/dnaera.com\/ro\/wp-json\/wp\/v2\/product\/1389604\/revisions"}],"predecessor-version":[{"id":1390244,"href":"https:\/\/dnaera.com\/ro\/wp-json\/wp\/v2\/product\/1389604\/revisions\/1390244"}],"wp:featuredmedia":[{"embeddable":true,"href":"https:\/\/dnaera.com\/ro\/wp-json\/wp\/v2\/media\/1389603"}],"wp:attachment":[{"href":"https:\/\/dnaera.com\/ro\/wp-json\/wp\/v2\/media?parent=1389604"}],"wp:term":[{"taxonomy":"product_brand","embeddable":true,"href":"https:\/\/dnaera.com\/ro\/wp-json\/wp\/v2\/product_brand?post=1389604"},{"taxonomy":"product_cat","embeddable":true,"href":"https:\/\/dnaera.com\/ro\/wp-json\/wp\/v2\/product_cat?post=1389604"},{"taxonomy":"product_tag","embeddable":true,"href":"https:\/\/dnaera.com\/ro\/wp-json\/wp\/v2\/product_tag?post=1389604"}],"curies":[{"name":"wp","href":"https:\/\/api.w.org\/{rel}","templated":true}]}}