{"id":1389600,"date":"2024-02-20T09:39:22","date_gmt":"2024-02-20T08:39:22","guid":{"rendered":"https:\/\/dnaera.com\/ro\/produkt\/sport-predispositions\/"},"modified":"2024-03-18T14:19:41","modified_gmt":"2024-03-18T13:19:41","slug":"sport-predispositions","status":"publish","type":"product","link":"https:\/\/dnaera.com\/ro\/produkt\/sport-predispositions\/","title":{"rendered":"\u0160portov\u00e9 predispoz\u00edcie"},"content":{"rendered":"<div>\n<div>Pravideln\u00e9 cvi\u010denie n\u00e1s zlep\u0161uje bez oh\u013eadu na n\u00e1\u0161 genetick\u00fd z\u00e1klad. Ak ste u\u017e niekedy cvi\u010dili v skupine, mo\u017eno ste si v\u0161imli, \u017ee ka\u017ed\u00fd reaguje na rovnak\u00fd cvi\u010debn\u00fd pl\u00e1n inak. Tieto rozdiely s\u00fa \u010dasto ovplyvnen\u00e9 genetikou, ktor\u00e1 m\u00f4\u017ee ovplyv\u0148ova\u0165, ako na\u0161e telo reaguje na r\u00f4zne druhy cvi\u010denia.<\/div>\n<div><\/div>\n<div>Niektor\u00e9 genetick\u00e9 varianty m\u00f4\u017eu fungova\u0165 ako ochrann\u00e9 faktory, ktor\u00e9 n\u00e1s chr\u00e1nia pred zraneniami, zatia\u013e \u010do in\u00e9, ktor\u00e9 sa t\u00fdkaj\u00fa \u0161truktur\u00e1lnych komponentov tela, m\u00f4\u017eu zvy\u0161ova\u0165 riziko zranen\u00ed. Genetika tak m\u00f4\u017ee ma\u0165 v\u00fdznamn\u00fd vplyv na \u0161portov\u00fa kari\u00e9ru a v\u00fdkonnos\u0165.<\/div>\n<\/div>\n","protected":false},"excerpt":{"rendered":"<p>Objavte, ak\u00fd typ \u0161portu sed\u00ed v\u00e1\u0161mu telu najviac a dosiahnite e\u0161te lep\u0161ie v\u00fdsledky. Spoznajte svoj genetick\u00fd \u0161portov\u00fd profil a genetick\u00fa n\u00e1chylnos\u0165 na viacer\u00e9 typy \u0161portov\u00fdch zranen\u00ed.<\/p>\n","protected":false},"featured_media":1389599,"template":"","meta":{"_acf_changed":false,"content-type":"","inline_featured_image":false},"product_brand":[],"product_cat":[105],"product_tag":[],"class_list":{"0":"post-1389600","1":"product","2":"type-product","3":"status-publish","4":"has-post-thumbnail","6":"product_cat-digital-content","8":"first","9":"instock","10":"virtual","11":"taxable","12":"purchasable","13":"product-type-simple"},"acf":[],"_links":{"self":[{"href":"https:\/\/dnaera.com\/ro\/wp-json\/wp\/v2\/product\/1389600","targetHints":{"allow":["GET"]}}],"collection":[{"href":"https:\/\/dnaera.com\/ro\/wp-json\/wp\/v2\/product"}],"about":[{"href":"https:\/\/dnaera.com\/ro\/wp-json\/wp\/v2\/types\/product"}],"version-history":[{"count":1,"href":"https:\/\/dnaera.com\/ro\/wp-json\/wp\/v2\/product\/1389600\/revisions"}],"predecessor-version":[{"id":1390238,"href":"https:\/\/dnaera.com\/ro\/wp-json\/wp\/v2\/product\/1389600\/revisions\/1390238"}],"wp:featuredmedia":[{"embeddable":true,"href":"https:\/\/dnaera.com\/ro\/wp-json\/wp\/v2\/media\/1389599"}],"wp:attachment":[{"href":"https:\/\/dnaera.com\/ro\/wp-json\/wp\/v2\/media?parent=1389600"}],"wp:term":[{"taxonomy":"product_brand","embeddable":true,"href":"https:\/\/dnaera.com\/ro\/wp-json\/wp\/v2\/product_brand?post=1389600"},{"taxonomy":"product_cat","embeddable":true,"href":"https:\/\/dnaera.com\/ro\/wp-json\/wp\/v2\/product_cat?post=1389600"},{"taxonomy":"product_tag","embeddable":true,"href":"https:\/\/dnaera.com\/ro\/wp-json\/wp\/v2\/product_tag?post=1389600"}],"curies":[{"name":"wp","href":"https:\/\/api.w.org\/{rel}","templated":true}]}}