{"id":1389598,"date":"2024-02-20T09:39:20","date_gmt":"2024-02-20T08:39:20","guid":{"rendered":"https:\/\/dnaera.com\/ro\/produkt\/health\/"},"modified":"2024-03-18T14:08:10","modified_gmt":"2024-03-18T13:08:10","slug":"health","status":"publish","type":"product","link":"https:\/\/dnaera.com\/ro\/produkt\/health\/","title":{"rendered":"Zdravie"},"content":{"rendered":"<div>\n<div>C\u00edti\u0165 sa fyzicky a psychicky dobre je ve\u013emi d\u00f4le\u017eit\u00e9. V tejto \u010dasti n\u00e1jdete inform\u00e1cie, ktor\u00e9 m\u00f4\u017eu nazna\u010dova\u0165, ako va\u0161e g\u00e9ny ovplyv\u0148uj\u00fa riziko vzniku r\u00f4znych ochoren\u00ed. Pam\u00e4tajte, \u017ee ide len o predispoz\u00edcie, tak\u017ee nie je zaru\u010den\u00e9, \u017ee choroby, na ktor\u00e9 m\u00e1te zv\u00fd\u0161en\u00e9 genetick\u00e9 riziko, sa skuto\u010dne rozvin\u00fa, alebo \u017ee sa neobjavia ochorenia, na ktor\u00e9 genetick\u00e9 riziko nem\u00e1te.<\/div>\n<div><\/div>\n<div>So zn\u00ed\u017een\u00edm \u0161ance, \u017ee sa u v\u00e1s tak\u00e9to ochorenia rozvin\u00fa, v\u00e1m m\u00f4\u017ee pom\u00f4c\u0165 dodr\u017eiavanie prevent\u00edvnych opatren\u00ed, ktor\u00e9 s\u00fa uveden\u00e9 v odpor\u00fa\u010daniach. Na rozvoj t\u00fdchto ochoren\u00ed vpl\u00fdvaj\u00fa okrem genetiky aj in\u00e9 faktory, ako s\u00fa strava, pohybov\u00e1 aktivita, faj\u010denie, kozum\u00e1cia alkoholu \u010di prostredie. Tie\u017e je dobr\u00e9 tieto v\u00fdsledky prekonzultova\u0165 so svoj\u00edm lek\u00e1rom.<\/div>\n<\/div>\n","protected":false},"excerpt":{"rendered":"<p>V\u0161etci sme r\u00f4zni a nie ka\u017ed\u00fd m\u00e1 rovnak\u00e9 riziko na rozvoj nejak\u00e9ho ochorenia. Zistite svoje zdravotn\u00e9 predispoz\u00edcie a bu\u010fte o krok vpred.<\/p>\n","protected":false},"featured_media":1389597,"template":"","meta":{"_acf_changed":false,"content-type":"","inline_featured_image":false},"product_brand":[],"product_cat":[105],"product_tag":[],"class_list":{"0":"post-1389598","1":"product","2":"type-product","3":"status-publish","4":"has-post-thumbnail","6":"product_cat-digital-content","8":"first","9":"instock","10":"virtual","11":"taxable","12":"purchasable","13":"product-type-simple"},"acf":[],"_links":{"self":[{"href":"https:\/\/dnaera.com\/ro\/wp-json\/wp\/v2\/product\/1389598","targetHints":{"allow":["GET"]}}],"collection":[{"href":"https:\/\/dnaera.com\/ro\/wp-json\/wp\/v2\/product"}],"about":[{"href":"https:\/\/dnaera.com\/ro\/wp-json\/wp\/v2\/types\/product"}],"version-history":[{"count":1,"href":"https:\/\/dnaera.com\/ro\/wp-json\/wp\/v2\/product\/1389598\/revisions"}],"predecessor-version":[{"id":1390226,"href":"https:\/\/dnaera.com\/ro\/wp-json\/wp\/v2\/product\/1389598\/revisions\/1390226"}],"wp:featuredmedia":[{"embeddable":true,"href":"https:\/\/dnaera.com\/ro\/wp-json\/wp\/v2\/media\/1389597"}],"wp:attachment":[{"href":"https:\/\/dnaera.com\/ro\/wp-json\/wp\/v2\/media?parent=1389598"}],"wp:term":[{"taxonomy":"product_brand","embeddable":true,"href":"https:\/\/dnaera.com\/ro\/wp-json\/wp\/v2\/product_brand?post=1389598"},{"taxonomy":"product_cat","embeddable":true,"href":"https:\/\/dnaera.com\/ro\/wp-json\/wp\/v2\/product_cat?post=1389598"},{"taxonomy":"product_tag","embeddable":true,"href":"https:\/\/dnaera.com\/ro\/wp-json\/wp\/v2\/product_tag?post=1389598"}],"curies":[{"name":"wp","href":"https:\/\/api.w.org\/{rel}","templated":true}]}}