{"id":1389596,"date":"2024-02-20T09:39:17","date_gmt":"2024-02-20T08:39:17","guid":{"rendered":"https:\/\/dnaera.com\/ro\/produkt\/intolerances\/"},"modified":"2024-03-18T14:06:43","modified_gmt":"2024-03-18T13:06:43","slug":"intolerances","status":"publish","type":"product","link":"https:\/\/dnaera.com\/ro\/produkt\/intolerances\/","title":{"rendered":"Intolerancie"},"content":{"rendered":"<div>\n<div>Intolerancie ch\u00e1peme ako probl\u00e9my s tr\u00e1ven\u00edm ur\u010dit\u00fdch potrav\u00edn, ako aj s v\u00fdrazn\u00fdmi \u0165a\u017ekos\u0165ami po ich konzum\u00e1cii, ako napr\u00edklad siln\u00e9 bolesti brucha, \u010di nad\u00favanie. V tejto kateg\u00f3rii n\u00e1jdete v\u00fdsledky, ktor\u00e9 m\u00f4\u017eu vpl\u00fdva\u0165 na toleranciu v\u00e1\u0161ho organizmu k \u0161pecifick\u00fdm zlo\u017ek\u00e1m potravy.<\/div>\n<div><\/div>\n<div>Ide v\u0161ak iba o genetick\u00e9 predispoz\u00edcie, ktor\u00e9 m\u00f4\u017eu zvy\u0161ova\u0165 n\u00e1chylnos\u0165 v\u00e1\u0161ho tela na intoleranciu k ur\u010ditej zlo\u017eke potravy. Bez potvrdenej intolerancie lek\u00e1rom sa ale neodpor\u00fa\u010da vyra\u010fova\u0165 \u017eiadne zlo\u017eky potravy.<\/div>\n<\/div>\n","protected":false},"excerpt":{"rendered":"<p>Spoznajte genetick\u00e9 n\u00e1chylnosti v\u00e1\u0161ho organizmu na intolerancie \u0161pecifick\u00fdch zlo\u017eiek potravy.<\/p>\n","protected":false},"featured_media":1389595,"template":"","meta":{"_acf_changed":false,"content-type":"","inline_featured_image":false},"product_brand":[],"product_cat":[105],"product_tag":[],"class_list":{"0":"post-1389596","1":"product","2":"type-product","3":"status-publish","4":"has-post-thumbnail","6":"product_cat-digital-content","8":"first","9":"instock","10":"virtual","11":"taxable","12":"purchasable","13":"product-type-simple"},"acf":[],"_links":{"self":[{"href":"https:\/\/dnaera.com\/ro\/wp-json\/wp\/v2\/product\/1389596","targetHints":{"allow":["GET"]}}],"collection":[{"href":"https:\/\/dnaera.com\/ro\/wp-json\/wp\/v2\/product"}],"about":[{"href":"https:\/\/dnaera.com\/ro\/wp-json\/wp\/v2\/types\/product"}],"version-history":[{"count":1,"href":"https:\/\/dnaera.com\/ro\/wp-json\/wp\/v2\/product\/1389596\/revisions"}],"predecessor-version":[{"id":1390224,"href":"https:\/\/dnaera.com\/ro\/wp-json\/wp\/v2\/product\/1389596\/revisions\/1390224"}],"wp:featuredmedia":[{"embeddable":true,"href":"https:\/\/dnaera.com\/ro\/wp-json\/wp\/v2\/media\/1389595"}],"wp:attachment":[{"href":"https:\/\/dnaera.com\/ro\/wp-json\/wp\/v2\/media?parent=1389596"}],"wp:term":[{"taxonomy":"product_brand","embeddable":true,"href":"https:\/\/dnaera.com\/ro\/wp-json\/wp\/v2\/product_brand?post=1389596"},{"taxonomy":"product_cat","embeddable":true,"href":"https:\/\/dnaera.com\/ro\/wp-json\/wp\/v2\/product_cat?post=1389596"},{"taxonomy":"product_tag","embeddable":true,"href":"https:\/\/dnaera.com\/ro\/wp-json\/wp\/v2\/product_tag?post=1389596"}],"curies":[{"name":"wp","href":"https:\/\/api.w.org\/{rel}","templated":true}]}}