{"id":1377128,"date":"2023-06-13T09:09:48","date_gmt":"2023-06-13T07:09:48","guid":{"rendered":"https:\/\/dnaera.com\/ro\/?post_type=product&#038;p=1377128"},"modified":"2023-07-13T15:49:42","modified_gmt":"2023-07-13T13:49:42","slug":"produktivity-rozsirenie","status":"publish","type":"product","link":"https:\/\/dnaera.com\/ro\/produkt\/produktivity-rozsirenie\/","title":{"rendered":"Productivity roz\u0161\u00edrenie"},"content":{"rendered":"","protected":false},"excerpt":{"rendered":"<p>V\u010faka tomuto roz\u0161\u00edreniu z\u00edskate 12 nov\u00fdch v\u00fdsledkov, ktor\u00e9 s\u00fa zameran\u00e9 na vlastnosti spojen\u00e9 so sp\u00e1nkom, pam\u00e4\u0165ou, dlhovekos\u0165ou alebo inteligenciou.<\/p>\n","protected":false},"featured_media":1377155,"template":"","meta":{"_acf_changed":false,"content-type":"","inline_featured_image":false},"product_brand":[],"product_cat":[93],"product_tag":[92],"class_list":{"0":"post-1377128","1":"product","2":"type-product","3":"status-publish","4":"has-post-thumbnail","6":"product_cat-extension","7":"product_tag-migracia-2022","9":"first","10":"instock","11":"virtual","12":"taxable","13":"purchasable","14":"product-type-simple"},"acf":[],"_links":{"self":[{"href":"https:\/\/dnaera.com\/ro\/wp-json\/wp\/v2\/product\/1377128","targetHints":{"allow":["GET"]}}],"collection":[{"href":"https:\/\/dnaera.com\/ro\/wp-json\/wp\/v2\/product"}],"about":[{"href":"https:\/\/dnaera.com\/ro\/wp-json\/wp\/v2\/types\/product"}],"version-history":[{"count":3,"href":"https:\/\/dnaera.com\/ro\/wp-json\/wp\/v2\/product\/1377128\/revisions"}],"predecessor-version":[{"id":1377370,"href":"https:\/\/dnaera.com\/ro\/wp-json\/wp\/v2\/product\/1377128\/revisions\/1377370"}],"wp:featuredmedia":[{"embeddable":true,"href":"https:\/\/dnaera.com\/ro\/wp-json\/wp\/v2\/media\/1377155"}],"wp:attachment":[{"href":"https:\/\/dnaera.com\/ro\/wp-json\/wp\/v2\/media?parent=1377128"}],"wp:term":[{"taxonomy":"product_brand","embeddable":true,"href":"https:\/\/dnaera.com\/ro\/wp-json\/wp\/v2\/product_brand?post=1377128"},{"taxonomy":"product_cat","embeddable":true,"href":"https:\/\/dnaera.com\/ro\/wp-json\/wp\/v2\/product_cat?post=1377128"},{"taxonomy":"product_tag","embeddable":true,"href":"https:\/\/dnaera.com\/ro\/wp-json\/wp\/v2\/product_tag?post=1377128"}],"curies":[{"name":"wp","href":"https:\/\/api.w.org\/{rel}","templated":true}]}}