{"id":1370406,"date":"2022-10-17T15:27:53","date_gmt":"2022-10-17T13:27:53","guid":{"rendered":"https:\/\/dnaera.com\/ro\/?post_type=product&#038;p=1370406"},"modified":"2025-04-30T22:10:00","modified_gmt":"2025-04-30T20:10:00","slug":"darcekova-poukazka-dna-entry-test","status":"publish","type":"product","link":"https:\/\/dnaera.com\/ro\/produkt\/darcekova-poukazka-dna-entry-test\/","title":{"rendered":"Dar\u010dekov\u00e1 pouk\u00e1\u017eka \u2013 DNA Entry test"},"content":{"rendered":"","protected":false},"excerpt":{"rendered":"","protected":false},"featured_media":1370816,"template":"","meta":{"_acf_changed":false,"content-type":"","inline_featured_image":false},"product_brand":[],"product_cat":[88],"product_tag":[92],"class_list":{"0":"post-1370406","1":"product","2":"type-product","3":"status-publish","4":"has-post-thumbnail","6":"product_cat-voucher","7":"product_tag-migracia-2022","9":"first","10":"instock","11":"virtual","12":"taxable","13":"purchasable","14":"product-type-simple"},"acf":[],"_links":{"self":[{"href":"https:\/\/dnaera.com\/ro\/wp-json\/wp\/v2\/product\/1370406","targetHints":{"allow":["GET"]}}],"collection":[{"href":"https:\/\/dnaera.com\/ro\/wp-json\/wp\/v2\/product"}],"about":[{"href":"https:\/\/dnaera.com\/ro\/wp-json\/wp\/v2\/types\/product"}],"version-history":[{"count":3,"href":"https:\/\/dnaera.com\/ro\/wp-json\/wp\/v2\/product\/1370406\/revisions"}],"predecessor-version":[{"id":1377037,"href":"https:\/\/dnaera.com\/ro\/wp-json\/wp\/v2\/product\/1370406\/revisions\/1377037"}],"wp:featuredmedia":[{"embeddable":true,"href":"https:\/\/dnaera.com\/ro\/wp-json\/wp\/v2\/media\/1370816"}],"wp:attachment":[{"href":"https:\/\/dnaera.com\/ro\/wp-json\/wp\/v2\/media?parent=1370406"}],"wp:term":[{"taxonomy":"product_brand","embeddable":true,"href":"https:\/\/dnaera.com\/ro\/wp-json\/wp\/v2\/product_brand?post=1370406"},{"taxonomy":"product_cat","embeddable":true,"href":"https:\/\/dnaera.com\/ro\/wp-json\/wp\/v2\/product_cat?post=1370406"},{"taxonomy":"product_tag","embeddable":true,"href":"https:\/\/dnaera.com\/ro\/wp-json\/wp\/v2\/product_tag?post=1370406"}],"curies":[{"name":"wp","href":"https:\/\/api.w.org\/{rel}","templated":true}]}}