{"id":1369788,"date":"2022-09-14T07:31:07","date_gmt":"2022-09-14T05:31:07","guid":{"rendered":"https:\/\/dnaera.com\/ro\/?post_type=product&#038;p=1369788"},"modified":"2023-07-26T14:34:04","modified_gmt":"2023-07-26T12:34:04","slug":"health-rozsirenie","status":"publish","type":"product","link":"https:\/\/dnaera.com\/ro\/produkt\/health-rozsirenie\/","title":{"rendered":"Health roz\u0161\u00edrenie"},"content":{"rendered":"","protected":false},"excerpt":{"rendered":"<p>V\u010faka tomuto roz\u0161\u00edreniu z\u00edskate 53 nov\u00fdch v\u00fdsledkov, ktor\u00e9 s\u00fa zameran\u00e9 na zdravie a zdravotn\u00e9 rizik\u00e1.<\/p>\n","protected":false},"featured_media":1377167,"template":"","meta":{"_acf_changed":false,"content-type":"","inline_featured_image":false},"product_brand":[],"product_cat":[93],"product_tag":[92],"class_list":{"0":"post-1369788","1":"product","2":"type-product","3":"status-publish","4":"has-post-thumbnail","6":"product_cat-extension","7":"product_tag-migracia-2022","9":"first","10":"instock","11":"virtual","12":"taxable","13":"purchasable","14":"product-type-simple"},"acf":[],"_links":{"self":[{"href":"https:\/\/dnaera.com\/ro\/wp-json\/wp\/v2\/product\/1369788","targetHints":{"allow":["GET"]}}],"collection":[{"href":"https:\/\/dnaera.com\/ro\/wp-json\/wp\/v2\/product"}],"about":[{"href":"https:\/\/dnaera.com\/ro\/wp-json\/wp\/v2\/types\/product"}],"version-history":[{"count":3,"href":"https:\/\/dnaera.com\/ro\/wp-json\/wp\/v2\/product\/1369788\/revisions"}],"predecessor-version":[{"id":1386214,"href":"https:\/\/dnaera.com\/ro\/wp-json\/wp\/v2\/product\/1369788\/revisions\/1386214"}],"wp:featuredmedia":[{"embeddable":true,"href":"https:\/\/dnaera.com\/ro\/wp-json\/wp\/v2\/media\/1377167"}],"wp:attachment":[{"href":"https:\/\/dnaera.com\/ro\/wp-json\/wp\/v2\/media?parent=1369788"}],"wp:term":[{"taxonomy":"product_brand","embeddable":true,"href":"https:\/\/dnaera.com\/ro\/wp-json\/wp\/v2\/product_brand?post=1369788"},{"taxonomy":"product_cat","embeddable":true,"href":"https:\/\/dnaera.com\/ro\/wp-json\/wp\/v2\/product_cat?post=1369788"},{"taxonomy":"product_tag","embeddable":true,"href":"https:\/\/dnaera.com\/ro\/wp-json\/wp\/v2\/product_tag?post=1369788"}],"curies":[{"name":"wp","href":"https:\/\/api.w.org\/{rel}","templated":true}]}}