{"id":1369784,"date":"2022-09-14T07:31:07","date_gmt":"2022-09-14T05:31:07","guid":{"rendered":"https:\/\/dnaera.com\/ro\/?post_type=product&#038;p=1369784"},"modified":"2023-11-06T12:03:08","modified_gmt":"2023-11-06T11:03:08","slug":"mental-health-rozsirenie","status":"publish","type":"product","link":"https:\/\/dnaera.com\/ro\/produkt\/mental-health-rozsirenie\/","title":{"rendered":"Mental Health roz\u0161\u00edrenie"},"content":{"rendered":"","protected":false},"excerpt":{"rendered":"<p class=\"Typography__Text-sc-q6opsf-8 Typography__Regular-sc-q6opsf-40 cmnuwA lkYQeA\">V\u010faka tomuto roz\u0161\u00edreniu z\u00edskate 12 nov\u00fdch v\u00fdsledkov, ktor\u00e9 s\u00fa zameran\u00e9 na rozvoj ochoren\u00ed v oblasti du\u0161evn\u00e9ho a neurologick\u00e9ho zdravia.<\/p>\n","protected":false},"featured_media":1375000,"template":"","meta":{"_acf_changed":false,"content-type":"","inline_featured_image":false},"product_brand":[],"product_cat":[93],"product_tag":[92],"class_list":{"0":"post-1369784","1":"product","2":"type-product","3":"status-publish","4":"has-post-thumbnail","6":"product_cat-extension","7":"product_tag-migracia-2022","9":"first","10":"instock","11":"virtual","12":"taxable","13":"purchasable","14":"product-type-simple"},"acf":[],"_links":{"self":[{"href":"https:\/\/dnaera.com\/ro\/wp-json\/wp\/v2\/product\/1369784","targetHints":{"allow":["GET"]}}],"collection":[{"href":"https:\/\/dnaera.com\/ro\/wp-json\/wp\/v2\/product"}],"about":[{"href":"https:\/\/dnaera.com\/ro\/wp-json\/wp\/v2\/types\/product"}],"version-history":[{"count":3,"href":"https:\/\/dnaera.com\/ro\/wp-json\/wp\/v2\/product\/1369784\/revisions"}],"predecessor-version":[{"id":1377369,"href":"https:\/\/dnaera.com\/ro\/wp-json\/wp\/v2\/product\/1369784\/revisions\/1377369"}],"wp:featuredmedia":[{"embeddable":true,"href":"https:\/\/dnaera.com\/ro\/wp-json\/wp\/v2\/media\/1375000"}],"wp:attachment":[{"href":"https:\/\/dnaera.com\/ro\/wp-json\/wp\/v2\/media?parent=1369784"}],"wp:term":[{"taxonomy":"product_brand","embeddable":true,"href":"https:\/\/dnaera.com\/ro\/wp-json\/wp\/v2\/product_brand?post=1369784"},{"taxonomy":"product_cat","embeddable":true,"href":"https:\/\/dnaera.com\/ro\/wp-json\/wp\/v2\/product_cat?post=1369784"},{"taxonomy":"product_tag","embeddable":true,"href":"https:\/\/dnaera.com\/ro\/wp-json\/wp\/v2\/product_tag?post=1369784"}],"curies":[{"name":"wp","href":"https:\/\/api.w.org\/{rel}","templated":true}]}}