{"id":1369782,"date":"2022-09-14T07:31:06","date_gmt":"2022-09-14T05:31:06","guid":{"rendered":"https:\/\/dnaera.com\/ro\/?post_type=product&#038;p=1369782"},"modified":"2023-07-26T14:40:43","modified_gmt":"2023-07-26T12:40:43","slug":"lifestyle-rozsirenie","status":"publish","type":"product","link":"https:\/\/dnaera.com\/ro\/produkt\/lifestyle-rozsirenie\/","title":{"rendered":"Lifestyle roz\u0161\u00edrenie"},"content":{"rendered":"","protected":false},"excerpt":{"rendered":"<p>V\u010faka tomuto roz\u0161\u00edreniu z\u00edskate 41 nov\u00fdch v\u00fdsledkov, ktor\u00e9 s\u00fa zameran\u00e9 na v\u00fd\u017eivu a zlep\u0161enie \u0161portov\u00e9ho v\u00fdkonu.<\/p>\n","protected":false},"featured_media":1377168,"template":"","meta":{"_acf_changed":false,"content-type":"","inline_featured_image":false},"product_brand":[],"product_cat":[93],"product_tag":[92],"class_list":{"0":"post-1369782","1":"product","2":"type-product","3":"status-publish","4":"has-post-thumbnail","6":"product_cat-extension","7":"product_tag-migracia-2022","9":"first","10":"instock","11":"virtual","12":"taxable","13":"purchasable","14":"product-type-simple"},"acf":[],"_links":{"self":[{"href":"https:\/\/dnaera.com\/ro\/wp-json\/wp\/v2\/product\/1369782","targetHints":{"allow":["GET"]}}],"collection":[{"href":"https:\/\/dnaera.com\/ro\/wp-json\/wp\/v2\/product"}],"about":[{"href":"https:\/\/dnaera.com\/ro\/wp-json\/wp\/v2\/types\/product"}],"version-history":[{"count":2,"href":"https:\/\/dnaera.com\/ro\/wp-json\/wp\/v2\/product\/1369782\/revisions"}],"predecessor-version":[{"id":1377372,"href":"https:\/\/dnaera.com\/ro\/wp-json\/wp\/v2\/product\/1369782\/revisions\/1377372"}],"wp:featuredmedia":[{"embeddable":true,"href":"https:\/\/dnaera.com\/ro\/wp-json\/wp\/v2\/media\/1377168"}],"wp:attachment":[{"href":"https:\/\/dnaera.com\/ro\/wp-json\/wp\/v2\/media?parent=1369782"}],"wp:term":[{"taxonomy":"product_brand","embeddable":true,"href":"https:\/\/dnaera.com\/ro\/wp-json\/wp\/v2\/product_brand?post=1369782"},{"taxonomy":"product_cat","embeddable":true,"href":"https:\/\/dnaera.com\/ro\/wp-json\/wp\/v2\/product_cat?post=1369782"},{"taxonomy":"product_tag","embeddable":true,"href":"https:\/\/dnaera.com\/ro\/wp-json\/wp\/v2\/product_tag?post=1369782"}],"curies":[{"name":"wp","href":"https:\/\/api.w.org\/{rel}","templated":true}]}}