{"id":1369780,"date":"2022-09-14T07:31:07","date_gmt":"2022-09-14T05:31:07","guid":{"rendered":"https:\/\/dnaera.com\/ro\/?post_type=product&#038;p=1369780"},"modified":"2025-03-05T14:56:38","modified_gmt":"2025-03-05T13:56:38","slug":"rozsirena-konzultacia","status":"publish","type":"product","link":"https:\/\/dnaera.com\/ro\/produkt\/rozsirena-konzultacia\/","title":{"rendered":"Roz\u0161\u00edren\u00e1 genetick\u00e1 konzult\u00e1cia"},"content":{"rendered":"","protected":false},"excerpt":{"rendered":"<p><span class=\"Typography__Text-sc-q6opsf-8 Typography__Regular-sc-q6opsf-40 gpoKaC\">60-min\u00fatov\u00e1 konzult\u00e1cia,<br \/>\nmo\u017enos\u0165 detailne skonzultova\u0165 v\u00fdsledky DNA anal\u00fdzy<br \/>\n<\/span><\/p>\n","protected":false},"featured_media":1369689,"template":"","meta":{"_acf_changed":false,"content-type":"","inline_featured_image":false},"product_brand":[],"product_cat":[66],"product_tag":[92],"class_list":{"0":"post-1369780","1":"product","2":"type-product","3":"status-publish","4":"has-post-thumbnail","6":"product_cat-consultation","7":"product_tag-migracia-2022","9":"first","10":"instock","11":"virtual","12":"taxable","13":"purchasable","14":"product-type-simple"},"acf":[],"_links":{"self":[{"href":"https:\/\/dnaera.com\/ro\/wp-json\/wp\/v2\/product\/1369780","targetHints":{"allow":["GET"]}}],"collection":[{"href":"https:\/\/dnaera.com\/ro\/wp-json\/wp\/v2\/product"}],"about":[{"href":"https:\/\/dnaera.com\/ro\/wp-json\/wp\/v2\/types\/product"}],"version-history":[{"count":6,"href":"https:\/\/dnaera.com\/ro\/wp-json\/wp\/v2\/product\/1369780\/revisions"}],"predecessor-version":[{"id":1409701,"href":"https:\/\/dnaera.com\/ro\/wp-json\/wp\/v2\/product\/1369780\/revisions\/1409701"}],"wp:featuredmedia":[{"embeddable":true,"href":"https:\/\/dnaera.com\/ro\/wp-json\/wp\/v2\/media\/1369689"}],"wp:attachment":[{"href":"https:\/\/dnaera.com\/ro\/wp-json\/wp\/v2\/media?parent=1369780"}],"wp:term":[{"taxonomy":"product_brand","embeddable":true,"href":"https:\/\/dnaera.com\/ro\/wp-json\/wp\/v2\/product_brand?post=1369780"},{"taxonomy":"product_cat","embeddable":true,"href":"https:\/\/dnaera.com\/ro\/wp-json\/wp\/v2\/product_cat?post=1369780"},{"taxonomy":"product_tag","embeddable":true,"href":"https:\/\/dnaera.com\/ro\/wp-json\/wp\/v2\/product_tag?post=1369780"}],"curies":[{"name":"wp","href":"https:\/\/api.w.org\/{rel}","templated":true}]}}