{"id":1369778,"date":"2022-09-14T07:31:07","date_gmt":"2022-09-14T05:31:07","guid":{"rendered":"https:\/\/dnaera.com\/ro\/?post_type=product&#038;p=1369778"},"modified":"2023-08-10T09:40:14","modified_gmt":"2023-08-10T07:40:14","slug":"zakladna-konzultacia","status":"publish","type":"product","link":"https:\/\/dnaera.com\/ro\/produkt\/zakladna-konzultacia\/","title":{"rendered":"Z\u00e1kladn\u00e1 genetick\u00e1 konzult\u00e1cia"},"content":{"rendered":"","protected":false},"excerpt":{"rendered":"<p><span class=\"Typography__Text-sc-q6opsf-8 Typography__Regular-sc-q6opsf-40 gpoKaC\">30-min\u00fatov\u00e1 konzult\u00e1cia,<br \/>\ncelkov\u00fd poh\u013ead na v\u00fdsledky DNA anal\u00fdzy<\/span><\/p>\n","protected":false},"featured_media":1369689,"template":"","meta":{"_acf_changed":false,"content-type":"","inline_featured_image":false},"product_brand":[],"product_cat":[66],"product_tag":[92],"class_list":{"0":"post-1369778","1":"product","2":"type-product","3":"status-publish","4":"has-post-thumbnail","6":"product_cat-consultation","7":"product_tag-migracia-2022","9":"first","10":"instock","11":"virtual","12":"taxable","13":"purchasable","14":"product-type-simple"},"acf":[],"_links":{"self":[{"href":"https:\/\/dnaera.com\/ro\/wp-json\/wp\/v2\/product\/1369778","targetHints":{"allow":["GET"]}}],"collection":[{"href":"https:\/\/dnaera.com\/ro\/wp-json\/wp\/v2\/product"}],"about":[{"href":"https:\/\/dnaera.com\/ro\/wp-json\/wp\/v2\/types\/product"}],"version-history":[{"count":6,"href":"https:\/\/dnaera.com\/ro\/wp-json\/wp\/v2\/product\/1369778\/revisions"}],"predecessor-version":[{"id":1378453,"href":"https:\/\/dnaera.com\/ro\/wp-json\/wp\/v2\/product\/1369778\/revisions\/1378453"}],"wp:featuredmedia":[{"embeddable":true,"href":"https:\/\/dnaera.com\/ro\/wp-json\/wp\/v2\/media\/1369689"}],"wp:attachment":[{"href":"https:\/\/dnaera.com\/ro\/wp-json\/wp\/v2\/media?parent=1369778"}],"wp:term":[{"taxonomy":"product_brand","embeddable":true,"href":"https:\/\/dnaera.com\/ro\/wp-json\/wp\/v2\/product_brand?post=1369778"},{"taxonomy":"product_cat","embeddable":true,"href":"https:\/\/dnaera.com\/ro\/wp-json\/wp\/v2\/product_cat?post=1369778"},{"taxonomy":"product_tag","embeddable":true,"href":"https:\/\/dnaera.com\/ro\/wp-json\/wp\/v2\/product_tag?post=1369778"}],"curies":[{"name":"wp","href":"https:\/\/api.w.org\/{rel}","templated":true}]}}