{"id":1355281,"date":"2021-12-16T10:09:11","date_gmt":"2021-12-16T09:09:11","guid":{"rendered":"https:\/\/dnaera.com\/ro\/?post_type=product&#038;p=1355281"},"modified":"2025-05-05T19:21:36","modified_gmt":"2025-05-05T17:21:36","slug":"dna-health-test-darcekova-poukazka","status":"publish","type":"product","link":"https:\/\/dnaera.com\/ro\/produkt\/dna-health-test-darcekova-poukazka\/","title":{"rendered":"Dar\u010dekov\u00e1 pouk\u00e1\u017eka &#8211; DNA Health test"},"content":{"rendered":"","protected":false},"excerpt":{"rendered":"","protected":false},"featured_media":1369824,"template":"","meta":{"_acf_changed":false,"content-type":"","inline_featured_image":false},"product_brand":[],"product_cat":[88],"product_tag":[95],"class_list":{"0":"post-1355281","1":"product","2":"type-product","3":"status-publish","4":"has-post-thumbnail","6":"product_cat-voucher","7":"product_tag-ostavaju","9":"first","10":"instock","11":"sale","12":"virtual","13":"taxable","14":"purchasable","15":"product-type-simple"},"acf":[],"_links":{"self":[{"href":"https:\/\/dnaera.com\/ro\/wp-json\/wp\/v2\/product\/1355281","targetHints":{"allow":["GET"]}}],"collection":[{"href":"https:\/\/dnaera.com\/ro\/wp-json\/wp\/v2\/product"}],"about":[{"href":"https:\/\/dnaera.com\/ro\/wp-json\/wp\/v2\/types\/product"}],"version-history":[{"count":4,"href":"https:\/\/dnaera.com\/ro\/wp-json\/wp\/v2\/product\/1355281\/revisions"}],"predecessor-version":[{"id":1367095,"href":"https:\/\/dnaera.com\/ro\/wp-json\/wp\/v2\/product\/1355281\/revisions\/1367095"}],"wp:featuredmedia":[{"embeddable":true,"href":"https:\/\/dnaera.com\/ro\/wp-json\/wp\/v2\/media\/1369824"}],"wp:attachment":[{"href":"https:\/\/dnaera.com\/ro\/wp-json\/wp\/v2\/media?parent=1355281"}],"wp:term":[{"taxonomy":"product_brand","embeddable":true,"href":"https:\/\/dnaera.com\/ro\/wp-json\/wp\/v2\/product_brand?post=1355281"},{"taxonomy":"product_cat","embeddable":true,"href":"https:\/\/dnaera.com\/ro\/wp-json\/wp\/v2\/product_cat?post=1355281"},{"taxonomy":"product_tag","embeddable":true,"href":"https:\/\/dnaera.com\/ro\/wp-json\/wp\/v2\/product_tag?post=1355281"}],"curies":[{"name":"wp","href":"https:\/\/api.w.org\/{rel}","templated":true}]}}