{"id":1355273,"date":"2021-12-16T09:59:57","date_gmt":"2021-12-16T08:59:57","guid":{"rendered":"https:\/\/dnaera.com\/ro\/?post_type=product&#038;p=1355273"},"modified":"2025-04-30T22:15:42","modified_gmt":"2025-04-30T20:15:42","slug":"dna-complex-test-darcekova-poukazka","status":"publish","type":"product","link":"https:\/\/dnaera.com\/ro\/produkt\/dna-complex-test-darcekova-poukazka\/","title":{"rendered":"Dar\u010dekov\u00e1 pouk\u00e1\u017eka &#8211; DNA Complex test"},"content":{"rendered":"","protected":false},"excerpt":{"rendered":"","protected":false},"featured_media":1369823,"template":"","meta":{"_acf_changed":false,"content-type":"","inline_featured_image":false},"product_brand":[],"product_cat":[88],"product_tag":[95],"class_list":{"0":"post-1355273","1":"product","2":"type-product","3":"status-publish","4":"has-post-thumbnail","6":"product_cat-voucher","7":"product_tag-ostavaju","9":"first","10":"instock","11":"virtual","12":"taxable","13":"purchasable","14":"product-type-simple"},"acf":[],"_links":{"self":[{"href":"https:\/\/dnaera.com\/ro\/wp-json\/wp\/v2\/product\/1355273","targetHints":{"allow":["GET"]}}],"collection":[{"href":"https:\/\/dnaera.com\/ro\/wp-json\/wp\/v2\/product"}],"about":[{"href":"https:\/\/dnaera.com\/ro\/wp-json\/wp\/v2\/types\/product"}],"version-history":[{"count":3,"href":"https:\/\/dnaera.com\/ro\/wp-json\/wp\/v2\/product\/1355273\/revisions"}],"predecessor-version":[{"id":1387101,"href":"https:\/\/dnaera.com\/ro\/wp-json\/wp\/v2\/product\/1355273\/revisions\/1387101"}],"wp:featuredmedia":[{"embeddable":true,"href":"https:\/\/dnaera.com\/ro\/wp-json\/wp\/v2\/media\/1369823"}],"wp:attachment":[{"href":"https:\/\/dnaera.com\/ro\/wp-json\/wp\/v2\/media?parent=1355273"}],"wp:term":[{"taxonomy":"product_brand","embeddable":true,"href":"https:\/\/dnaera.com\/ro\/wp-json\/wp\/v2\/product_brand?post=1355273"},{"taxonomy":"product_cat","embeddable":true,"href":"https:\/\/dnaera.com\/ro\/wp-json\/wp\/v2\/product_cat?post=1355273"},{"taxonomy":"product_tag","embeddable":true,"href":"https:\/\/dnaera.com\/ro\/wp-json\/wp\/v2\/product_tag?post=1355273"}],"curies":[{"name":"wp","href":"https:\/\/api.w.org\/{rel}","templated":true}]}}