{"id":1352174,"date":"2021-09-29T10:19:12","date_gmt":"2021-09-29T08:19:12","guid":{"rendered":"https:\/\/dnaera.com\/ro\/?page_id=1352174"},"modified":"2025-12-02T11:39:05","modified_gmt":"2025-12-02T10:39:05","slug":"politica-privind-cookie-urile","status":"publish","type":"page","link":"https:\/\/dnaera.com\/ro\/politica-privind-cookie-urile\/","title":{"rendered":"Cookies policy"},"content":{"rendered":"\t\t<div data-elementor-type=\"wp-page\" data-elementor-id=\"1352174\" class=\"elementor elementor-1352174\" data-elementor-post-type=\"page\">\n\t\t\t\t\t\t<section class=\"elementor-section elementor-top-section elementor-element elementor-element-01ee211 elementor-section-boxed elementor-section-height-default elementor-section-height-default\" data-id=\"01ee211\" data-element_type=\"section\">\n\t\t\t\t\t\t<div class=\"elementor-container elementor-column-gap-default\">\n\t\t\t\t\t<div class=\"elementor-column elementor-col-100 elementor-top-column elementor-element elementor-element-74b8398\" data-id=\"74b8398\" data-element_type=\"column\">\n\t\t\t<div class=\"elementor-widget-wrap elementor-element-populated\">\n\t\t\t\t\t\t<div class=\"elementor-element elementor-element-c763400 elementor-widget elementor-widget-heading\" data-id=\"c763400\" data-element_type=\"widget\" data-widget_type=\"heading.default\">\n\t\t\t\t<div class=\"elementor-widget-container\">\n\t\t\t\t\t<h1 class=\"elementor-heading-title elementor-size-default\">Politica privind cookie-urile<\/h1>\t\t\t\t<\/div>\n\t\t\t\t<\/div>\n\t\t\t\t<div class=\"elementor-element elementor-element-3cb7a2b elementor-widget elementor-widget-heading\" data-id=\"3cb7a2b\" data-element_type=\"widget\" data-widget_type=\"heading.default\">\n\t\t\t\t<div class=\"elementor-widget-container\">\n\t\t\t\t\t<h2 class=\"elementor-heading-title elementor-size-default\">Cookie-uri<\/h2>\t\t\t\t<\/div>\n\t\t\t\t<\/div>\n\t\t\t\t<div class=\"elementor-element elementor-element-7393c78 elementor-widget elementor-widget-text-editor\" data-id=\"7393c78\" data-element_type=\"widget\" data-widget_type=\"text-editor.default\">\n\t\t\t\t<div class=\"elementor-widget-container\">\n\t\t\t\t\t\t\t\t\t<p>Pentru a asigura buna func\u021bionare a acestui site web <a href=\"http:\/\/www.dnaera.com\/ro\/\">www.dnaera.com\/ro<\/a> (denumit \u00een continuare \u201e<strong>site-ul web<\/strong>\u201d), uneori stoc\u0103m pe dispozitivul dvs. mici fi\u0219iere de date, cunoscute sub numele de cookie-uri.<\/p>\t\t\t\t\t\t\t\t<\/div>\n\t\t\t\t<\/div>\n\t\t\t\t<div class=\"elementor-element elementor-element-057a316 elementor-widget elementor-widget-heading\" data-id=\"057a316\" data-element_type=\"widget\" data-widget_type=\"heading.default\">\n\t\t\t\t<div class=\"elementor-widget-container\">\n\t\t\t\t\t<h2 class=\"elementor-heading-title elementor-size-default\">Ce sunt cookie-urile?<\/h2>\t\t\t\t<\/div>\n\t\t\t\t<\/div>\n\t\t\t\t<div class=\"elementor-element elementor-element-c3b5256 elementor-widget elementor-widget-text-editor\" data-id=\"c3b5256\" data-element_type=\"widget\" data-widget_type=\"text-editor.default\">\n\t\t\t\t<div class=\"elementor-widget-container\">\n\t\t\t\t\t\t\t\t\t<p>Un cookie este un mic fi\u0219ier text pe care un site web \u00eel stocheaz\u0103 pe computerul sau dispozitivul dvs. mobil atunci c\u00e2nd \u00eel naviga\u021bi. Datorit\u0103 acestui fi\u0219ier, site-ul web stocheaz\u0103 informa\u021bii despre ac\u021biunile \u0219i preferin\u021bele dvs. pentru o anumit\u0103 perioad\u0103 de timp, astfel \u00eenc\u00e2t s\u0103 nu fie necesar s\u0103 le reintroduce\u021bi la urm\u0103toarea vizit\u0103 sau navigare pe paginile sale individuale.<\/p>\t\t\t\t\t\t\t\t<\/div>\n\t\t\t\t<\/div>\n\t\t\t\t<div class=\"elementor-element elementor-element-d91ec03 elementor-widget elementor-widget-heading\" data-id=\"d91ec03\" data-element_type=\"widget\" data-widget_type=\"heading.default\">\n\t\t\t\t<div class=\"elementor-widget-container\">\n\t\t\t\t\t<h2 class=\"elementor-heading-title elementor-size-default\">Ce cookie-uri utiliz\u0103m?<\/h2>\t\t\t\t<\/div>\n\t\t\t\t<\/div>\n\t\t\t\t<div class=\"elementor-element elementor-element-19c9e20 elementor-widget elementor-widget-text-editor\" data-id=\"19c9e20\" data-element_type=\"widget\" data-widget_type=\"text-editor.default\">\n\t\t\t\t<div class=\"elementor-widget-container\">\n\t\t\t\t\t\t\t\t\t<p>Cookie-uri esen\u021biale (func\u021bionale)<\/p><ul><li style=\"font-weight: 400\"><em>Consim\u021b\u0103m\u00e2ntul pentru cookie-uri<\/em> \u2013 scopul este de a stoca consim\u021b\u0103m\u00e2ntul utilizatorului pentru site-ul nostru web (expir\u0103 la 12 luni de la acordare).<\/li><\/ul><p>Cookie-uri analitice \u0219i de marketing<\/p><ul><li style=\"font-weight: 400\"><em>Google Analytics \u0219i Google AdWords<\/em> \u2013 scopul este de a colecta date despre num\u0103rul de vizitatori ai site-ului web, data primei vizite, data celei mai recente vizite \u0219i de a ob\u021bine date statistice anonimizate despre utilizarea site-ului web (expir\u0103 la 24 de luni de la acordare).<\/li><li style=\"font-weight: 400\"><em>Google Tag Manager<\/em> \u2013 scopul este colectarea de date \u00een scopul analizei traficului \u0219i optimiz\u0103rii marketingului (expir\u0103 la 24 de luni de la acordare).<\/li><li style=\"font-weight: 400\"><em>Facebook Pixel<\/em> \u2013 scopul este identificarea \u00een cadrul re\u021belei de publicitate Facebook, redirec\u021bionarea publicit\u0103\u021bii pe baza ac\u021biunilor utilizatorului (a\u0219a-numitul remarketing; expirare 24 de luni de la acordare).<\/li><li style=\"font-weight: 400\"><em>Hotjar<\/em> \u2013 scopul este colectarea de date privind mi\u0219c\u0103rile utilizatorilor pe site-ul web al companiei, \u00een vederea \u00eembun\u0103t\u0103\u021birii experien\u021bei utilizatorilor clien\u021bilor \u0219i vizitatorilor site-ului web.<\/li><li style=\"font-weight: 400\"><em>HubSpot<\/em> \u2013 scopul este colectarea de date \u00een scopul identific\u0103rii vizitatorilor \u0219i, ulterior, personalizarea con\u021binutului \u00een comunic\u0103ri \u00een func\u021bie de preferin\u021bele individuale ale utilizatorilor.<\/li><\/ul>\t\t\t\t\t\t\t\t<\/div>\n\t\t\t\t<\/div>\n\t\t\t\t<div class=\"elementor-element elementor-element-33e4a6b elementor-hidden-desktop elementor-hidden-tablet elementor-hidden-mobile elementor-widget elementor-widget-heading\" data-id=\"33e4a6b\" data-element_type=\"widget\" data-widget_type=\"heading.default\">\n\t\t\t\t<div class=\"elementor-widget-container\">\n\t\t\t\t\t<h2 class=\"elementor-heading-title elementor-size-default\">Set\u0103ri cookie<\/h2>\t\t\t\t<\/div>\n\t\t\t\t<\/div>\n\t\t\t\t<div class=\"elementor-element elementor-element-a881fad elementor-hidden-desktop elementor-hidden-tablet elementor-hidden-mobile elementor-widget elementor-widget-shortcode\" data-id=\"a881fad\" data-element_type=\"widget\" data-widget_type=\"shortcode.default\">\n\t\t\t\t<div class=\"elementor-widget-container\">\n\t\t\t\t\t\t\t<div class=\"elementor-shortcode\">\n<div id=\"cookie-settings\" class=\"webikon-cookies-switcher js-webikon-cookies-switcher\">\n                        <div class=\"webikon-cookies-switcher__item\">\n                <label for=\"technical\" class=\"webikon-cookies-switcher__label\">Technical<\/label>\n\n                                    <input type=\"checkbox\" id=\"technical\" class=\"webikon-cookies-switcher__input\" name=\"technical\" value=\"1\" disabled checked>\n                \n                                                    <div class=\"webikon-cookies-switcher__desc\">Sunt esen\u021biale pentru func\u021bionarea corect\u0103 a paginii web \u0219i a func\u021biilor sale de baz\u0103.<\/div>\n                            <\/div>\n                                <div class=\"webikon-cookies-switcher__item\">\n                <label for=\"advertising\" class=\"webikon-cookies-switcher__label\">Advertising<\/label>\n\n                                    <input type=\"checkbox\" id=\"advertising\" class=\"webikon-cookies-switcher__input js-webikon-cookies-switcher-input js-webikon-cookies-switcher-advertising\" name=\"advertising\" value=\"1\" >\n                \n                                                    <div class=\"webikon-cookies-switcher__desc\">Ne permit nou\u0103 \u0219i partenerilor no\u0219tri s\u0103 v\u0103 oferim produse \u0219i servicii relevante, pe baza intereselor dumneavoastr\u0103 \u0219i a comportamentului manifestat pe site-ul nostru.<\/div>\n                            <\/div>\n                                <div class=\"webikon-cookies-switcher__item\">\n                <label for=\"analytical\" class=\"webikon-cookies-switcher__label\">Analytical<\/label>\n\n                                    <input type=\"checkbox\" id=\"analytical\" class=\"webikon-cookies-switcher__input js-webikon-cookies-switcher-input js-webikon-cookies-switcher-analytical\" name=\"analytical\" value=\"1\" >\n                \n                                                    <div class=\"webikon-cookies-switcher__desc\">Ne ajut\u0103 s\u0103 \u00een\u021belegem modul \u00een care vizitatorii interac\u021bioneaz\u0103 cu site-ul nostru, permi\u021b\u00e2ndu-ne astfel s\u0103 \u00eembun\u0103t\u0103\u021bim experien\u021ba utilizatorului.<\/div>\n                            <\/div>\n                                <div class=\"webikon-cookies-switcher__item\">\n                <label for=\"personalization\" class=\"webikon-cookies-switcher__label\">Personalization<\/label>\n\n                                    <input type=\"checkbox\" id=\"personalization\" class=\"webikon-cookies-switcher__input js-webikon-cookies-switcher-input js-webikon-cookies-switcher-personalization\" name=\"personalization\" value=\"1\" >\n                \n                                                    <div class=\"webikon-cookies-switcher__desc\">Ne permit s\u0103 re\u021binem preferin\u021bele dumneavoastr\u0103 \u0219i s\u0103 v\u0103 oferim con\u021binut \u0219i func\u021bionalit\u0103\u021bi adaptate intereselor dumneavoastr\u0103 specifice.<\/div>\n                            <\/div>\n            \n    <div class=\"webikon-cookies-switcher__btn-wrapper\">\n        <button class=\"webikon-cookies-switcher__btn js-webikon-cookies-switcher-save-btn\">Save my choices<\/button>\n        <div class=\"webikon-cookies-switcher__success-notice js-webikon-cookies-switcher-success-notice\">Choices were successfuly saved<\/div>\n    <\/div>\n<\/div>\n<\/div>\n\t\t\t\t\t\t<\/div>\n\t\t\t\t<\/div>\n\t\t\t\t<div class=\"elementor-element elementor-element-f4fe566 elementor-widget elementor-widget-heading\" data-id=\"f4fe566\" data-element_type=\"widget\" data-widget_type=\"heading.default\">\n\t\t\t\t<div class=\"elementor-widget-container\">\n\t\t\t\t\t<h2 class=\"elementor-heading-title elementor-size-default\">Cookie-urile \u0219i legisla\u021bia UE<\/h2>\t\t\t\t<\/div>\n\t\t\t\t<\/div>\n\t\t\t\t<div class=\"elementor-element elementor-element-e0caa41 elementor-widget elementor-widget-text-editor\" data-id=\"e0caa41\" data-element_type=\"widget\" data-widget_type=\"text-editor.default\">\n\t\t\t\t<div class=\"elementor-widget-container\">\n\t\t\t\t\t\t\t\t\t<p>Legea prevede c\u0103 putem stoca cookie-uri pe dispozitivul dvs. dac\u0103 acestea sunt necesare pentru func\u021bionarea acestui site web (a\u0219a-numitele cookie-uri necesare). Pentru toate celelalte tipuri de cookie-uri (de exemplu, cookie-uri analitice \u0219i de marketing), avem nevoie de consim\u021b\u0103m\u00e2ntul dvs. Acest site web utilizeaz\u0103 diferite tipuri de cookie-uri. Unele cookie-uri sunt plasate aici de servicii ter\u021be care apar pe site-ul nostru.<\/p>\t\t\t\t\t\t\t\t<\/div>\n\t\t\t\t<\/div>\n\t\t\t\t<div class=\"elementor-element elementor-element-361eca4 elementor-widget elementor-widget-heading\" data-id=\"361eca4\" data-element_type=\"widget\" data-widget_type=\"heading.default\">\n\t\t\t\t<div class=\"elementor-widget-container\">\n\t\t\t\t\t<h2 class=\"elementor-heading-title elementor-size-default\">Cum utiliz\u0103m cookie-urile?<\/h2>\t\t\t\t<\/div>\n\t\t\t\t<\/div>\n\t\t\t\t<div class=\"elementor-element elementor-element-ee635f8 elementor-widget elementor-widget-text-editor\" data-id=\"ee635f8\" data-element_type=\"widget\" data-widget_type=\"text-editor.default\">\n\t\t\t\t<div class=\"elementor-widget-container\">\n\t\t\t\t\t\t\t\t\t<p>Acest site web utilizeaz\u0103 cookie-uri pentru a colecta informa\u021bii statistice anonime despre vizitatori, pentru a re\u021bine set\u0103rile utilizatorilor, pentru a adapta mai bine reclamele la interesele vizitatorilor \u0219i pentru func\u021bionalitatea sa esen\u021bial\u0103. Cookie-urile nu vor fi utilizate \u00een alte scopuri dec\u00e2t cele men\u021bionate. Pute\u021bi modifica sau retrage consim\u021b\u0103m\u00e2ntul dvs. pentru utilizarea cookie-urilor \u00een orice moment pe site-ul nostru web.<\/p>\t\t\t\t\t\t\t\t<\/div>\n\t\t\t\t<\/div>\n\t\t\t\t<div class=\"elementor-element elementor-element-f75de5a elementor-widget elementor-widget-heading\" data-id=\"f75de5a\" data-element_type=\"widget\" data-widget_type=\"heading.default\">\n\t\t\t\t<div class=\"elementor-widget-container\">\n\t\t\t\t\t<h2 class=\"elementor-heading-title elementor-size-default\">Cum se controleaz\u0103 cookie-urile?<\/h2>\t\t\t\t<\/div>\n\t\t\t\t<\/div>\n\t\t\t\t<div class=\"elementor-element elementor-element-19d82e0 elementor-widget elementor-widget-text-editor\" data-id=\"19d82e0\" data-element_type=\"widget\" data-widget_type=\"text-editor.default\">\n\t\t\t\t<div class=\"elementor-widget-container\">\n\t\t\t\t\t\t\t\t\t<p>Pute\u021bi controla \u0219i\/sau \u0219terge cookie-urile la discre\u021bia dvs. \u2013 consulta\u021bi <a href=\"http:\/\/aboutcookies.org\">aboutcookies.org<\/a> pentru detalii. Pute\u021bi \u0219terge toate cookie-urile stocate pe computerul dvs., iar majoritatea browserelor pot fi setate pentru a \u00eempiedica stocarea acestora. Cu toate acestea, dac\u0103 face\u021bi acest lucru, este posibil s\u0103 fie necesar s\u0103 ajusta\u021bi manual unele set\u0103ri de fiecare dat\u0103 c\u00e2nd vizita\u021bi un site web, iar unele servicii \u0219i func\u021bii ar putea s\u0103 nu func\u021bioneze corect sau deloc.<\/p>\t\t\t\t\t\t\t\t<\/div>\n\t\t\t\t<\/div>\n\t\t\t\t<div class=\"elementor-element elementor-element-8e28d62 elementor-widget elementor-widget-heading\" data-id=\"8e28d62\" data-element_type=\"widget\" data-widget_type=\"heading.default\">\n\t\t\t\t<div class=\"elementor-widget-container\">\n\t\t\t\t\t<h2 class=\"elementor-heading-title elementor-size-default\">Contacta\u021bi-ne<\/h2>\t\t\t\t<\/div>\n\t\t\t\t<\/div>\n\t\t\t\t<div class=\"elementor-element elementor-element-6ac3626 elementor-widget elementor-widget-text-editor\" data-id=\"6ac3626\" data-element_type=\"widget\" data-widget_type=\"text-editor.default\">\n\t\t\t\t<div class=\"elementor-widget-container\">\n\t\t\t\t\t\t\t\t\t<p>Dac\u0103 ave\u021bi \u00eentreb\u0103ri, nu ezita\u021bi s\u0103 ne contacta\u021bi la: <a href=\"mailto:gdpr@dnaera.sk\">gdpr@dnaera.sk<\/a>.<\/p>\t\t\t\t\t\t\t\t<\/div>\n\t\t\t\t<\/div>\n\t\t\t\t\t<\/div>\n\t\t<\/div>\n\t\t\t\t\t<\/div>\n\t\t<\/section>\n\t\t\t\t<\/div>\n\t\t","protected":false},"excerpt":{"rendered":"<p>Politica privind cookie-urile Cookie-uri Pentru a asigura buna func\u021bionare a acestui site web www.dnaera.com\/ro (denumit \u00een continuare \u201esite-ul web\u201d), uneori stoc\u0103m pe dispozitivul dvs. mici fi\u0219iere de date, cunoscute sub numele de cookie-uri. Ce sunt cookie-urile? Un cookie este un mic fi\u0219ier text pe care un site web \u00eel stocheaz\u0103 pe computerul sau dispozitivul dvs. [&hellip;]<\/p>\n","protected":false},"author":1,"featured_media":0,"parent":0,"menu_order":0,"comment_status":"closed","ping_status":"closed","template":"","meta":{"_acf_changed":false,"content-type":"","inline_featured_image":false,"footnotes":""},"class_list":["post-1352174","page","type-page","status-publish","hentry"],"acf":[],"_links":{"self":[{"href":"https:\/\/dnaera.com\/ro\/wp-json\/wp\/v2\/pages\/1352174","targetHints":{"allow":["GET"]}}],"collection":[{"href":"https:\/\/dnaera.com\/ro\/wp-json\/wp\/v2\/pages"}],"about":[{"href":"https:\/\/dnaera.com\/ro\/wp-json\/wp\/v2\/types\/page"}],"author":[{"embeddable":true,"href":"https:\/\/dnaera.com\/ro\/wp-json\/wp\/v2\/users\/1"}],"replies":[{"embeddable":true,"href":"https:\/\/dnaera.com\/ro\/wp-json\/wp\/v2\/comments?post=1352174"}],"version-history":[{"count":5,"href":"https:\/\/dnaera.com\/ro\/wp-json\/wp\/v2\/pages\/1352174\/revisions"}],"predecessor-version":[{"id":1411765,"href":"https:\/\/dnaera.com\/ro\/wp-json\/wp\/v2\/pages\/1352174\/revisions\/1411765"}],"wp:attachment":[{"href":"https:\/\/dnaera.com\/ro\/wp-json\/wp\/v2\/media?parent=1352174"}],"curies":[{"name":"wp","href":"https:\/\/api.w.org\/{rel}","templated":true}]}}