{"id":1376507,"date":"2024-03-13T22:12:23","date_gmt":"2024-03-13T21:12:23","guid":{"rendered":"https:\/\/dnaera.com\/pl\/?post_type=product&#038;p=1376507"},"modified":"2024-03-18T14:54:04","modified_gmt":"2024-03-18T13:54:04","slug":"oncology","status":"publish","type":"product","link":"https:\/\/dnaera.com\/pl\/produkt\/oncology\/","title":{"rendered":"Onkologia"},"content":{"rendered":"<div>\n<div>Choroby onkologiczne charakteryzuj\u0105 si\u0119 niekontrolowanym podzia\u0142em kom\u00f3rek. Zdrowe kom\u00f3rki przekszta\u0142caj\u0105 si\u0119 w kom\u00f3rki nowotworowe i rozprzestrzeniaj\u0105 si\u0119 do r\u00f3\u017cnych cz\u0119\u015bci cia\u0142a. Mog\u0105 tworzy\u0107 wi\u0119ksze formacje zwane nowotworami i zak\u0142\u00f3ca\u0107 normalne funkcjonowanie tkanek lub narz\u0105d\u00f3w w dowolnych cz\u0119\u015bciach cia\u0142a. Wyniki w tej kategorii przedstawiaj\u0105 ryzyko genetyczne rozwoju chor\u00f3b onkologicznych, ale nie s\u0105 jednoznaczne z ich wyst\u0105pieniem.<\/div>\n<div><\/div>\n<div>Nie jest te\u017c wykluczone, \u017ce mimo ni\u017cszego ryzyka genetycznego i tak zachorujesz na nowotw\u00f3r. Kancerogeneza jest procesem z\u0142o\u017conym i opr\u00f3cz gen\u00f3w wp\u0142ywaj\u0105 na ni\u0105 inne czynniki jak \u015brodowisko, styl \u017cycia, czy zwyk\u0142y zbieg okoliczno\u015bci. Aby zmniejszy\u0107 prawdopodobie\u0144stwo zachorowania na choroby z tej kategorii, a tak\u017ce aby w por\u0119 je zdiagnozowa\u0107, zalecamy rozwa\u017cenie dzia\u0142a\u0144 profilaktycznych wymienionych w zaleceniach otrzymanych razem z wynikami.<\/div>\n<\/div>\n","protected":false},"excerpt":{"rendered":"<p>Geny s\u0105 jednym z czynnik\u00f3w wp\u0142ywaj\u0105cych na rozw\u00f3j nowotwor\u00f3w. Poznaj swoje predyspozycje genetyczne do rozwoju chor\u00f3b onkologicznych. Dzi\u0119ki analizie DNA mo\u017cesz dzia\u0142a\u0107 proaktywnie, aby zmniejszy\u0107 prawdopodobie\u0144stwo zachorowania.<\/p>\n","protected":false},"featured_media":1376506,"template":"","meta":{"_acf_changed":false,"content-type":"","inline_featured_image":false},"product_brand":[],"product_cat":[99],"product_tag":[],"class_list":{"0":"post-1376507","1":"product","2":"type-product","3":"status-publish","4":"has-post-thumbnail","6":"product_cat-digital-content","8":"first","9":"instock","10":"virtual","11":"taxable","12":"purchasable","13":"product-type-simple"},"acf":[],"_links":{"self":[{"href":"https:\/\/dnaera.com\/pl\/wp-json\/wp\/v2\/product\/1376507","targetHints":{"allow":["GET"]}}],"collection":[{"href":"https:\/\/dnaera.com\/pl\/wp-json\/wp\/v2\/product"}],"about":[{"href":"https:\/\/dnaera.com\/pl\/wp-json\/wp\/v2\/types\/product"}],"version-history":[{"count":2,"href":"https:\/\/dnaera.com\/pl\/wp-json\/wp\/v2\/product\/1376507\/revisions"}],"predecessor-version":[{"id":1376548,"href":"https:\/\/dnaera.com\/pl\/wp-json\/wp\/v2\/product\/1376507\/revisions\/1376548"}],"wp:featuredmedia":[{"embeddable":true,"href":"https:\/\/dnaera.com\/pl\/wp-json\/wp\/v2\/media\/1376506"}],"wp:attachment":[{"href":"https:\/\/dnaera.com\/pl\/wp-json\/wp\/v2\/media?parent=1376507"}],"wp:term":[{"taxonomy":"product_brand","embeddable":true,"href":"https:\/\/dnaera.com\/pl\/wp-json\/wp\/v2\/product_brand?post=1376507"},{"taxonomy":"product_cat","embeddable":true,"href":"https:\/\/dnaera.com\/pl\/wp-json\/wp\/v2\/product_cat?post=1376507"},{"taxonomy":"product_tag","embeddable":true,"href":"https:\/\/dnaera.com\/pl\/wp-json\/wp\/v2\/product_tag?post=1376507"}],"curies":[{"name":"wp","href":"https:\/\/api.w.org\/{rel}","templated":true}]}}