{"id":1376363,"date":"2024-02-20T09:45:03","date_gmt":"2024-02-20T08:45:03","guid":{"rendered":"https:\/\/dnaera.com\/pl\/produkt\/personality\/"},"modified":"2024-03-18T14:47:09","modified_gmt":"2024-03-18T13:47:09","slug":"personality","status":"publish","type":"product","link":"https:\/\/dnaera.com\/pl\/produkt\/personality\/","title":{"rendered":"Cechy osobowo\u015bci"},"content":{"rendered":"<div>\n<div>Nasze cechy osobowo\u015bci kszta\u0142tuj\u0105 nas i wp\u0142ywaj\u0105 na nasze my\u015bli, uczucia i zachowanie. W tej sekcji dowiedz si\u0119, w jaki spos\u00f3b twoje geny mog\u0105 wp\u0142yn\u0105\u0107 na twoj\u0105 tolerancj\u0119 na stres, poziom neurotyczno\u015bci oraz r\u00f3\u017cne uczucia, takie jak obawa, poczucie winy, napi\u0119cie, wra\u017cliwo\u015b\u0107, frustracja, nieszcz\u0119\u015bcie, nerwowo\u015b\u0107 i dra\u017cliwo\u015b\u0107.<\/div>\n<div><\/div>\n<div>Te cechy mog\u0105 mie\u0107 istotny wp\u0142yw na twoje codzienne \u017cycie i samopoczucie. Zrozumienie swoich genetycznych predyspozycji mo\u017ce pom\u00f3c ci zidentyfikowa\u0107, jak reagujesz na r\u00f3\u017cne sytuacje i jak lepiej radzi\u0107 sobie ze stresem i dyskomfortem.<\/div>\n<\/div>\n","protected":false},"excerpt":{"rendered":"<p>Twoja osobowo\u015b\u0107 jest unikalna, kszta\u0142towana kombinacj\u0105 czynnik\u00f3w genetycznych i \u015brodowiskowych. Odkryj informacje na temat swoich predyspozycji genetycznych i zyskaj g\u0142\u0119bsze zrozumienie swoich unikatowych cech.<\/p>\n","protected":false},"featured_media":1376362,"template":"","meta":{"_acf_changed":false,"content-type":"","inline_featured_image":false},"product_brand":[],"product_cat":[99],"product_tag":[],"class_list":{"0":"post-1376363","1":"product","2":"type-product","3":"status-publish","4":"has-post-thumbnail","6":"product_cat-digital-content","8":"first","9":"instock","10":"virtual","11":"taxable","12":"purchasable","13":"product-type-simple"},"acf":[],"_links":{"self":[{"href":"https:\/\/dnaera.com\/pl\/wp-json\/wp\/v2\/product\/1376363","targetHints":{"allow":["GET"]}}],"collection":[{"href":"https:\/\/dnaera.com\/pl\/wp-json\/wp\/v2\/product"}],"about":[{"href":"https:\/\/dnaera.com\/pl\/wp-json\/wp\/v2\/types\/product"}],"version-history":[{"count":2,"href":"https:\/\/dnaera.com\/pl\/wp-json\/wp\/v2\/product\/1376363\/revisions"}],"predecessor-version":[{"id":1376546,"href":"https:\/\/dnaera.com\/pl\/wp-json\/wp\/v2\/product\/1376363\/revisions\/1376546"}],"wp:featuredmedia":[{"embeddable":true,"href":"https:\/\/dnaera.com\/pl\/wp-json\/wp\/v2\/media\/1376362"}],"wp:attachment":[{"href":"https:\/\/dnaera.com\/pl\/wp-json\/wp\/v2\/media?parent=1376363"}],"wp:term":[{"taxonomy":"product_brand","embeddable":true,"href":"https:\/\/dnaera.com\/pl\/wp-json\/wp\/v2\/product_brand?post=1376363"},{"taxonomy":"product_cat","embeddable":true,"href":"https:\/\/dnaera.com\/pl\/wp-json\/wp\/v2\/product_cat?post=1376363"},{"taxonomy":"product_tag","embeddable":true,"href":"https:\/\/dnaera.com\/pl\/wp-json\/wp\/v2\/product_tag?post=1376363"}],"curies":[{"name":"wp","href":"https:\/\/api.w.org\/{rel}","templated":true}]}}