{"id":1376361,"date":"2024-02-20T09:45:01","date_gmt":"2024-02-20T08:45:01","guid":{"rendered":"https:\/\/dnaera.com\/pl\/produkt\/productivity\/"},"modified":"2024-05-17T14:28:51","modified_gmt":"2024-05-17T12:28:51","slug":"productivity","status":"publish","type":"product","link":"https:\/\/dnaera.com\/pl\/produkt\/productivity\/","title":{"rendered":"Produktywno\u015b\u0107"},"content":{"rendered":"<div>\n<div>Na nasz\u0105 produktywno\u015b\u0107 wp\u0142ywa wiele czynnik\u00f3w, m.in. predyspozycje genetyczne, kt\u00f3re mog\u0105 decydowa\u0107 o tym, jak efektywnie pracujemy o r\u00f3\u017cnych porach dnia. Geny mog\u0105 mie\u0107 te\u017c wp\u0142yw na d\u0142ugo\u015b\u0107, g\u0142\u0119boko\u015b\u0107 i jako\u015b\u0107 Twojego snu, kt\u00f3ry jest kluczowy dla regeneracji m\u00f3zgu i utrzymania wydajno\u015bci na wysokim poziomie.<\/div>\n<div><\/div>\n<div>Predyspozycje genetyczne mog\u0105 ukierunkowa\u0107 Ci\u0119 na to, jak najlepiej wykorzysta\u0107 drzemi\u0105cy w Tobie potencja\u0142.<\/div>\n<\/div>\n","protected":false},"excerpt":{"rendered":"<p>Predyspozycje genetyczne mog\u0105 wp\u0142ywa\u0107 na d\u0142ugo\u015b\u0107, g\u0142\u0119boko\u015b\u0107 i jako\u015b\u0107 snu, a tak\u017ce efektywno\u015b\u0107 w \u017cyciu prywatnym i zawodowym.<\/p>\n","protected":false},"featured_media":1376360,"template":"","meta":{"_acf_changed":false,"content-type":"","inline_featured_image":false},"product_brand":[],"product_cat":[99],"product_tag":[],"class_list":{"0":"post-1376361","1":"product","2":"type-product","3":"status-publish","4":"has-post-thumbnail","6":"product_cat-digital-content","8":"first","9":"instock","10":"virtual","11":"taxable","12":"purchasable","13":"product-type-simple"},"acf":[],"_links":{"self":[{"href":"https:\/\/dnaera.com\/pl\/wp-json\/wp\/v2\/product\/1376361","targetHints":{"allow":["GET"]}}],"collection":[{"href":"https:\/\/dnaera.com\/pl\/wp-json\/wp\/v2\/product"}],"about":[{"href":"https:\/\/dnaera.com\/pl\/wp-json\/wp\/v2\/types\/product"}],"version-history":[{"count":1,"href":"https:\/\/dnaera.com\/pl\/wp-json\/wp\/v2\/product\/1376361\/revisions"}],"predecessor-version":[{"id":1376545,"href":"https:\/\/dnaera.com\/pl\/wp-json\/wp\/v2\/product\/1376361\/revisions\/1376545"}],"wp:featuredmedia":[{"embeddable":true,"href":"https:\/\/dnaera.com\/pl\/wp-json\/wp\/v2\/media\/1376360"}],"wp:attachment":[{"href":"https:\/\/dnaera.com\/pl\/wp-json\/wp\/v2\/media?parent=1376361"}],"wp:term":[{"taxonomy":"product_brand","embeddable":true,"href":"https:\/\/dnaera.com\/pl\/wp-json\/wp\/v2\/product_brand?post=1376361"},{"taxonomy":"product_cat","embeddable":true,"href":"https:\/\/dnaera.com\/pl\/wp-json\/wp\/v2\/product_cat?post=1376361"},{"taxonomy":"product_tag","embeddable":true,"href":"https:\/\/dnaera.com\/pl\/wp-json\/wp\/v2\/product_tag?post=1376361"}],"curies":[{"name":"wp","href":"https:\/\/api.w.org\/{rel}","templated":true}]}}