{"id":1376359,"date":"2024-02-20T09:44:59","date_gmt":"2024-02-20T08:44:59","guid":{"rendered":"https:\/\/dnaera.com\/pl\/produkt\/mental-and-neurological-health\/"},"modified":"2024-05-17T14:29:15","modified_gmt":"2024-05-17T12:29:15","slug":"mental-and-neurological-health","status":"publish","type":"product","link":"https:\/\/dnaera.com\/pl\/produkt\/mental-and-neurological-health\/","title":{"rendered":"Zdrowie psychiczne i neurologiczne"},"content":{"rendered":"<div>\n<div>Nasze zdrowie psychiczne i neurologiczne kszta\u0142tuje spos\u00f3b, w jaki my\u015blimy, czujemy, dzia\u0142amy i budujemy relacje. W tej sekcji znajdziesz informacje o tym, jak Twoje geny mog\u0105 wp\u0142ywa\u0107 na ryzyko rozwoju chor\u00f3b psychicznych i neurologicznych. S\u0105 to jednak wy\u0142\u0105cznie predyspozycje genetyczne, co oznacza, \u017ce \u200b\u200bnie ma pewno\u015bci, czy faktycznie zachorujesz na te choroby.<\/div>\n<div><\/div>\n<div>Mo\u017cliwe jest r\u00f3wnie\u017c, \u017ce wyst\u0105pi\u0105 u Ciebie choroby, na kt\u00f3re nie jeste\u015b genetycznie podatny. Aby zmniejszy\u0107 ryzyko zachorowania, warto stosowa\u0107 si\u0119 do zalece\u0144 profilaktycznych wymienionych w wynikach. Zalecamy r\u00f3wnie\u017c om\u00f3wienie tych informacji z lekarzem lub psychoterapeut\u0105.<\/div>\n<\/div>\n","protected":false},"excerpt":{"rendered":"<p>Depresja, zaburzenia l\u0119kowe, ADHD, choroba Alzheimera i wiele innych. Wa\u017cn\u0105 rol\u0119 w naszym zdrowiu psychicznym odgrywaj\u0105 mi\u0119dzy innymi predyspozycje genetyczne i dzia\u0142ania profilaktyczne.<\/p>\n","protected":false},"featured_media":1376358,"template":"","meta":{"_acf_changed":false,"content-type":"","inline_featured_image":false},"product_brand":[],"product_cat":[99],"product_tag":[],"class_list":{"0":"post-1376359","1":"product","2":"type-product","3":"status-publish","4":"has-post-thumbnail","6":"product_cat-digital-content","8":"first","9":"instock","10":"virtual","11":"taxable","12":"purchasable","13":"product-type-simple"},"acf":[],"_links":{"self":[{"href":"https:\/\/dnaera.com\/pl\/wp-json\/wp\/v2\/product\/1376359","targetHints":{"allow":["GET"]}}],"collection":[{"href":"https:\/\/dnaera.com\/pl\/wp-json\/wp\/v2\/product"}],"about":[{"href":"https:\/\/dnaera.com\/pl\/wp-json\/wp\/v2\/types\/product"}],"version-history":[{"count":1,"href":"https:\/\/dnaera.com\/pl\/wp-json\/wp\/v2\/product\/1376359\/revisions"}],"predecessor-version":[{"id":1376544,"href":"https:\/\/dnaera.com\/pl\/wp-json\/wp\/v2\/product\/1376359\/revisions\/1376544"}],"wp:featuredmedia":[{"embeddable":true,"href":"https:\/\/dnaera.com\/pl\/wp-json\/wp\/v2\/media\/1376358"}],"wp:attachment":[{"href":"https:\/\/dnaera.com\/pl\/wp-json\/wp\/v2\/media?parent=1376359"}],"wp:term":[{"taxonomy":"product_brand","embeddable":true,"href":"https:\/\/dnaera.com\/pl\/wp-json\/wp\/v2\/product_brand?post=1376359"},{"taxonomy":"product_cat","embeddable":true,"href":"https:\/\/dnaera.com\/pl\/wp-json\/wp\/v2\/product_cat?post=1376359"},{"taxonomy":"product_tag","embeddable":true,"href":"https:\/\/dnaera.com\/pl\/wp-json\/wp\/v2\/product_tag?post=1376359"}],"curies":[{"name":"wp","href":"https:\/\/api.w.org\/{rel}","templated":true}]}}