{"id":1376355,"date":"2024-02-20T09:44:54","date_gmt":"2024-02-20T08:44:54","guid":{"rendered":"https:\/\/dnaera.com\/pl\/produkt\/nutrition-and-health\/"},"modified":"2024-03-18T14:34:29","modified_gmt":"2024-03-18T13:34:29","slug":"nutrition-and-health","status":"publish","type":"product","link":"https:\/\/dnaera.com\/pl\/produkt\/nutrition-and-health\/","title":{"rendered":"\u017bywienie i zdrowie"},"content":{"rendered":"<div>\n<div>W\u0142a\u015bciwa dieta i od\u017cywianie s\u0105 integraln\u0105 cz\u0119\u015bci\u0105 zdrowego rozwoju ka\u017cdego z nas. Zr\u00f3wnowa\u017cona i zr\u00f3\u017cnicowana dieta odgrywa kluczow\u0105 rol\u0119 w funkcjonowaniu naszego organizmu, pomaga zapobiega\u0107 wielu chorobom oraz przyczynia si\u0119 do lepszego i d\u0142u\u017cszego \u017cycia.<\/div>\n<div><\/div>\n<div>W tej kategorii znajdziesz informacje zwi\u0105zane z od\u017cywianiem, kt\u00f3re mog\u0105 mie\u0107 wp\u0142yw na Twoje zdrowie. Nasze wyniki analiz zawieraj\u0105 r\u00f3wnie\u017c szerok\u0105 gam\u0119 zalece\u0144 ekspert\u00f3w ds. \u017cywienia, kt\u00f3re mog\u0105 pom\u00f3c w u\u0142o\u017ceniu odpowiedniej diety.<\/div>\n<\/div>\n","protected":false},"excerpt":{"rendered":"<p>Og\u00f3lne zalecenia diety nie s\u0105 dla Ciebie skuteczne? Poznaj swoje predyspozycje genetyczne dotycz\u0105ce \u017cywienia, czy sk\u0142onno\u015bci do tycia i podejmij kroki w kierunku \u015bwiadomego od\u017cywiania.<\/p>\n","protected":false},"featured_media":1376354,"template":"","meta":{"_acf_changed":false,"content-type":"","inline_featured_image":false},"product_brand":[],"product_cat":[99],"product_tag":[],"class_list":{"0":"post-1376355","1":"product","2":"type-product","3":"status-publish","4":"has-post-thumbnail","6":"product_cat-digital-content","8":"first","9":"instock","10":"virtual","11":"taxable","12":"purchasable","13":"product-type-simple"},"acf":[],"_links":{"self":[{"href":"https:\/\/dnaera.com\/pl\/wp-json\/wp\/v2\/product\/1376355","targetHints":{"allow":["GET"]}}],"collection":[{"href":"https:\/\/dnaera.com\/pl\/wp-json\/wp\/v2\/product"}],"about":[{"href":"https:\/\/dnaera.com\/pl\/wp-json\/wp\/v2\/types\/product"}],"version-history":[{"count":1,"href":"https:\/\/dnaera.com\/pl\/wp-json\/wp\/v2\/product\/1376355\/revisions"}],"predecessor-version":[{"id":1376542,"href":"https:\/\/dnaera.com\/pl\/wp-json\/wp\/v2\/product\/1376355\/revisions\/1376542"}],"wp:featuredmedia":[{"embeddable":true,"href":"https:\/\/dnaera.com\/pl\/wp-json\/wp\/v2\/media\/1376354"}],"wp:attachment":[{"href":"https:\/\/dnaera.com\/pl\/wp-json\/wp\/v2\/media?parent=1376355"}],"wp:term":[{"taxonomy":"product_brand","embeddable":true,"href":"https:\/\/dnaera.com\/pl\/wp-json\/wp\/v2\/product_brand?post=1376355"},{"taxonomy":"product_cat","embeddable":true,"href":"https:\/\/dnaera.com\/pl\/wp-json\/wp\/v2\/product_cat?post=1376355"},{"taxonomy":"product_tag","embeddable":true,"href":"https:\/\/dnaera.com\/pl\/wp-json\/wp\/v2\/product_tag?post=1376355"}],"curies":[{"name":"wp","href":"https:\/\/api.w.org\/{rel}","templated":true}]}}