{"id":1376351,"date":"2024-02-20T09:44:49","date_gmt":"2024-02-20T08:44:49","guid":{"rendered":"https:\/\/dnaera.com\/pl\/produkt\/sport-predispositions\/"},"modified":"2024-03-18T14:22:49","modified_gmt":"2024-03-18T13:22:49","slug":"sport-predispositions","status":"publish","type":"product","link":"https:\/\/dnaera.com\/pl\/produkt\/sport-predispositions\/","title":{"rendered":"Predyspozycje sportowe"},"content":{"rendered":"<div>\n<div>Regularne \u0107wiczenia s\u0105 istotne dla zdrowia ka\u017cdego z nas, niezale\u017cnie od naszego pod\u0142o\u017ca genetycznego. Je\u015bli kiedykolwiek \u0107wiczy\u0142e\u015b\/a\u015b w grupie, by\u0107 mo\u017ce zauwa\u017cy\u0142e\u015b\/a\u015b, \u017ce ka\u017cdy mo\u017ce reagowa\u0107 inaczej na ten sam plan treningowy. Genetyka jest jednym z czynnik\u00f3w wp\u0142ywaj\u0105cych na reakcje naszego organizmu na r\u00f3\u017cne rodzaje \u0107wicze\u0144.<\/div>\n<div><\/div>\n<div>Niekt\u00f3re warianty genetyczne mog\u0105 dzia\u0142a\u0107 jako czynniki ochronne przed urazami, podczas gdy inne, obejmuj\u0105ce elementy strukturalne organizmu, mog\u0105 zwi\u0119ksza\u0107 ryzyko ich wyst\u0105pienia. Genetyka mo\u017ce zatem mie\u0107 znacz\u0105cy wp\u0142yw na karier\u0119 sportow\u0105 i wyniki.<\/div>\n<\/div>\n","protected":false},"excerpt":{"rendered":"<p>Odkryj, jaki rodzaj sportu najbardziej odpowiada Twojemu organizmowi i osi\u0105gaj jeszcze lepsze rezultaty. Poznaj sw\u00f3j genetyczny profil sportowy i podatno\u015b\u0107 na kilka rodzaj\u00f3w kontuzji.<\/p>\n","protected":false},"featured_media":1376350,"template":"","meta":{"_acf_changed":false,"content-type":"","inline_featured_image":false},"product_brand":[],"product_cat":[99],"product_tag":[],"class_list":{"0":"post-1376351","1":"product","2":"type-product","3":"status-publish","4":"has-post-thumbnail","6":"product_cat-digital-content","8":"first","9":"instock","10":"virtual","11":"taxable","12":"purchasable","13":"product-type-simple"},"acf":[],"_links":{"self":[{"href":"https:\/\/dnaera.com\/pl\/wp-json\/wp\/v2\/product\/1376351","targetHints":{"allow":["GET"]}}],"collection":[{"href":"https:\/\/dnaera.com\/pl\/wp-json\/wp\/v2\/product"}],"about":[{"href":"https:\/\/dnaera.com\/pl\/wp-json\/wp\/v2\/types\/product"}],"version-history":[{"count":1,"href":"https:\/\/dnaera.com\/pl\/wp-json\/wp\/v2\/product\/1376351\/revisions"}],"predecessor-version":[{"id":1376540,"href":"https:\/\/dnaera.com\/pl\/wp-json\/wp\/v2\/product\/1376351\/revisions\/1376540"}],"wp:featuredmedia":[{"embeddable":true,"href":"https:\/\/dnaera.com\/pl\/wp-json\/wp\/v2\/media\/1376350"}],"wp:attachment":[{"href":"https:\/\/dnaera.com\/pl\/wp-json\/wp\/v2\/media?parent=1376351"}],"wp:term":[{"taxonomy":"product_brand","embeddable":true,"href":"https:\/\/dnaera.com\/pl\/wp-json\/wp\/v2\/product_brand?post=1376351"},{"taxonomy":"product_cat","embeddable":true,"href":"https:\/\/dnaera.com\/pl\/wp-json\/wp\/v2\/product_cat?post=1376351"},{"taxonomy":"product_tag","embeddable":true,"href":"https:\/\/dnaera.com\/pl\/wp-json\/wp\/v2\/product_tag?post=1376351"}],"curies":[{"name":"wp","href":"https:\/\/api.w.org\/{rel}","templated":true}]}}