{"id":1374315,"date":"2023-06-13T09:12:19","date_gmt":"2023-06-13T07:12:19","guid":{"rendered":"https:\/\/dnaera.com\/pl\/?post_type=product&#038;p=1374315"},"modified":"2023-08-09T11:13:17","modified_gmt":"2023-08-09T09:13:17","slug":"productivity-rozszerzenie","status":"publish","type":"product","link":"https:\/\/dnaera.com\/pl\/produkt\/productivity-rozszerzenie\/","title":{"rendered":"Productivity rozszerzenie"},"content":{"rendered":"","protected":false},"excerpt":{"rendered":"<p>Dzi\u0119ki temu rozszerzeniu otrzymujesz 12 nowych wynik\u00f3w, kt\u00f3re skupiaj\u0105 si\u0119 na cechach zwi\u0105zanych ze jako\u015bci\u0105 snu, pami\u0119ci\u0105 i inteligencj\u0105.<\/p>\n","protected":false},"featured_media":1374327,"template":"","meta":{"_acf_changed":false,"content-type":"","inline_featured_image":false},"product_brand":[],"product_cat":[93],"product_tag":[92],"class_list":{"0":"post-1374315","1":"product","2":"type-product","3":"status-publish","4":"has-post-thumbnail","6":"product_cat-extension","7":"product_tag-migracia-2022","9":"first","10":"instock","11":"virtual","12":"taxable","13":"purchasable","14":"product-type-simple"},"acf":[],"_links":{"self":[{"href":"https:\/\/dnaera.com\/pl\/wp-json\/wp\/v2\/product\/1374315","targetHints":{"allow":["GET"]}}],"collection":[{"href":"https:\/\/dnaera.com\/pl\/wp-json\/wp\/v2\/product"}],"about":[{"href":"https:\/\/dnaera.com\/pl\/wp-json\/wp\/v2\/types\/product"}],"version-history":[{"count":2,"href":"https:\/\/dnaera.com\/pl\/wp-json\/wp\/v2\/product\/1374315\/revisions"}],"predecessor-version":[{"id":1374821,"href":"https:\/\/dnaera.com\/pl\/wp-json\/wp\/v2\/product\/1374315\/revisions\/1374821"}],"wp:featuredmedia":[{"embeddable":true,"href":"https:\/\/dnaera.com\/pl\/wp-json\/wp\/v2\/media\/1374327"}],"wp:attachment":[{"href":"https:\/\/dnaera.com\/pl\/wp-json\/wp\/v2\/media?parent=1374315"}],"wp:term":[{"taxonomy":"product_brand","embeddable":true,"href":"https:\/\/dnaera.com\/pl\/wp-json\/wp\/v2\/product_brand?post=1374315"},{"taxonomy":"product_cat","embeddable":true,"href":"https:\/\/dnaera.com\/pl\/wp-json\/wp\/v2\/product_cat?post=1374315"},{"taxonomy":"product_tag","embeddable":true,"href":"https:\/\/dnaera.com\/pl\/wp-json\/wp\/v2\/product_tag?post=1374315"}],"curies":[{"name":"wp","href":"https:\/\/api.w.org\/{rel}","templated":true}]}}