{"id":1369784,"date":"2022-09-14T07:31:07","date_gmt":"2022-09-14T05:31:07","guid":{"rendered":"https:\/\/dnaera.com\/pl\/?post_type=product&#038;p=1369784"},"modified":"2023-11-06T12:06:57","modified_gmt":"2023-11-06T11:06:57","slug":"mental-health-rozszerzenie","status":"publish","type":"product","link":"https:\/\/dnaera.com\/pl\/produkt\/mental-health-rozszerzenie\/","title":{"rendered":"Mental Health rozszerzenie"},"content":{"rendered":"","protected":false},"excerpt":{"rendered":"<p>Dzi\u0119ki temu rozszerzeniu otrzymasz 12 nowych wynik\u00f3w dotycz\u0105cych rozwoju zaburze\u0144 psychicznych i neurologicznych.<\/p>\n","protected":false},"featured_media":1373696,"template":"","meta":{"_acf_changed":false,"content-type":"","inline_featured_image":false},"product_brand":[],"product_cat":[93],"product_tag":[92],"class_list":{"0":"post-1369784","1":"product","2":"type-product","3":"status-publish","4":"has-post-thumbnail","6":"product_cat-extension","7":"product_tag-migracia-2022","9":"first","10":"instock","11":"virtual","12":"taxable","13":"purchasable","14":"product-type-simple"},"acf":[],"_links":{"self":[{"href":"https:\/\/dnaera.com\/pl\/wp-json\/wp\/v2\/product\/1369784","targetHints":{"allow":["GET"]}}],"collection":[{"href":"https:\/\/dnaera.com\/pl\/wp-json\/wp\/v2\/product"}],"about":[{"href":"https:\/\/dnaera.com\/pl\/wp-json\/wp\/v2\/types\/product"}],"version-history":[{"count":3,"href":"https:\/\/dnaera.com\/pl\/wp-json\/wp\/v2\/product\/1369784\/revisions"}],"predecessor-version":[{"id":1374822,"href":"https:\/\/dnaera.com\/pl\/wp-json\/wp\/v2\/product\/1369784\/revisions\/1374822"}],"wp:featuredmedia":[{"embeddable":true,"href":"https:\/\/dnaera.com\/pl\/wp-json\/wp\/v2\/media\/1373696"}],"wp:attachment":[{"href":"https:\/\/dnaera.com\/pl\/wp-json\/wp\/v2\/media?parent=1369784"}],"wp:term":[{"taxonomy":"product_brand","embeddable":true,"href":"https:\/\/dnaera.com\/pl\/wp-json\/wp\/v2\/product_brand?post=1369784"},{"taxonomy":"product_cat","embeddable":true,"href":"https:\/\/dnaera.com\/pl\/wp-json\/wp\/v2\/product_cat?post=1369784"},{"taxonomy":"product_tag","embeddable":true,"href":"https:\/\/dnaera.com\/pl\/wp-json\/wp\/v2\/product_tag?post=1369784"}],"curies":[{"name":"wp","href":"https:\/\/api.w.org\/{rel}","templated":true}]}}