{"id":24,"date":"2021-05-03T13:55:26","date_gmt":"2021-05-03T13:55:26","guid":{"rendered":"https:\/\/dnaera.com\/pl\/?page_id=24"},"modified":"2025-09-03T14:34:23","modified_gmt":"2025-09-03T12:34:23","slug":"kontakt","status":"publish","type":"page","link":"https:\/\/dnaera.com\/pl\/kontakt\/","title":{"rendered":"Kontakt"},"content":{"rendered":"\t\t<div data-elementor-type=\"wp-page\" data-elementor-id=\"24\" class=\"elementor elementor-24\" data-elementor-post-type=\"page\">\n\t\t\t\t\t\t<section class=\"elementor-section elementor-top-section elementor-element elementor-element-35239d0 elementor-section-boxed elementor-section-height-default elementor-section-height-default\" data-id=\"35239d0\" data-element_type=\"section\">\n\t\t\t\t\t\t<div class=\"elementor-container elementor-column-gap-default\">\n\t\t\t\t\t<div class=\"elementor-column elementor-col-100 elementor-top-column elementor-element elementor-element-8903521\" data-id=\"8903521\" data-element_type=\"column\">\n\t\t\t<div class=\"elementor-widget-wrap elementor-element-populated\">\n\t\t\t\t\t\t<div class=\"elementor-element elementor-element-8df5484 elementor-widget elementor-widget-spacer\" data-id=\"8df5484\" data-element_type=\"widget\" data-widget_type=\"spacer.default\">\n\t\t\t\t<div class=\"elementor-widget-container\">\n\t\t\t\t\t\t\t<div class=\"elementor-spacer\">\n\t\t\t<div class=\"elementor-spacer-inner\"><\/div>\n\t\t<\/div>\n\t\t\t\t\t\t<\/div>\n\t\t\t\t<\/div>\n\t\t\t\t\t<\/div>\n\t\t<\/div>\n\t\t\t\t\t<\/div>\n\t\t<\/section>\n\t\t\t\t<section class=\"elementor-section elementor-top-section elementor-element elementor-element-b41ff38 elementor-section-boxed elementor-section-height-default elementor-section-height-default\" data-id=\"b41ff38\" data-element_type=\"section\">\n\t\t\t\t\t\t<div class=\"elementor-container elementor-column-gap-default\">\n\t\t\t\t\t<div class=\"elementor-column elementor-col-100 elementor-top-column elementor-element elementor-element-642d418\" data-id=\"642d418\" data-element_type=\"column\">\n\t\t\t<div class=\"elementor-widget-wrap elementor-element-populated\">\n\t\t\t\t\t\t<div class=\"elementor-element elementor-element-a29298e elementor-widget elementor-widget-text-editor\" data-id=\"a29298e\" data-element_type=\"widget\" data-widget_type=\"text-editor.default\">\n\t\t\t\t<div class=\"elementor-widget-container\">\n\t\t\t\t\t\t\t\t\t<h1><span style=\"color: #465ac8\">Masz pytania?\u00a0<\/span><\/h1><h2><span style=\"color: #465ac8\">Napisz do nas<\/span><\/h2><p><span style=\"font-weight: 400\">Je\u015bli chcesz uzyska\u0107 wi\u0119cej informacji o naszych produktach i us\u0142ugach, skontaktuj si\u0119 z nami \u2013 odpowiemy jak najszybciej.<\/span><\/p><p><span style=\"font-weight: 400\">Email: <a href=\"mailto:info@dnaera.com\">info@dnaera.com<\/a><\/span><\/p><p>Adres:<\/p><p><b data-stringify-type=\"bold\">DNA ERA s.r.o.\u00a0<\/b><br \/>City Business Center I. (CBC I.)<br \/>Karad\u017ei\u010dova 8\/A<br \/>82108 Bratys\u0142awa<br \/>S\u0142owacja<\/p>\t\t\t\t\t\t\t\t<\/div>\n\t\t\t\t<\/div>\n\t\t\t\t\t<\/div>\n\t\t<\/div>\n\t\t\t\t\t<\/div>\n\t\t<\/section>\n\t\t\t\t<section class=\"elementor-section elementor-top-section elementor-element elementor-element-ea9478e elementor-section-boxed elementor-section-height-default elementor-section-height-default\" data-id=\"ea9478e\" data-element_type=\"section\">\n\t\t\t\t\t\t<div class=\"elementor-container elementor-column-gap-default\">\n\t\t\t\t\t<div class=\"elementor-column elementor-col-100 elementor-top-column elementor-element elementor-element-7f54b95\" data-id=\"7f54b95\" data-element_type=\"column\">\n\t\t\t<div class=\"elementor-widget-wrap elementor-element-populated\">\n\t\t\t\t\t\t<div class=\"elementor-element elementor-element-ba222f8 elementor-widget elementor-widget-spacer\" data-id=\"ba222f8\" data-element_type=\"widget\" data-widget_type=\"spacer.default\">\n\t\t\t\t<div class=\"elementor-widget-container\">\n\t\t\t\t\t\t\t<div class=\"elementor-spacer\">\n\t\t\t<div class=\"elementor-spacer-inner\"><\/div>\n\t\t<\/div>\n\t\t\t\t\t\t<\/div>\n\t\t\t\t<\/div>\n\t\t\t\t\t<\/div>\n\t\t<\/div>\n\t\t\t\t\t<\/div>\n\t\t<\/section>\n\t\t\t\t<section class=\"elementor-section elementor-top-section elementor-element elementor-element-5ba5373 elementor-section-boxed elementor-section-height-default elementor-section-height-default\" data-id=\"5ba5373\" data-element_type=\"section\">\n\t\t\t\t\t\t<div class=\"elementor-container elementor-column-gap-default\">\n\t\t\t\t\t<div class=\"elementor-column elementor-col-33 elementor-top-column elementor-element elementor-element-53439a7\" data-id=\"53439a7\" data-element_type=\"column\">\n\t\t\t<div class=\"elementor-widget-wrap elementor-element-populated\">\n\t\t\t\t\t\t<div class=\"elementor-element elementor-element-2ce7320 elementor-widget elementor-widget-image\" data-id=\"2ce7320\" data-element_type=\"widget\" data-widget_type=\"image.default\">\n\t\t\t\t<div class=\"elementor-widget-container\">\n\t\t\t\t\t\t\t\t\t\t\t\t\t\t\t\t<a href=\"mailto:info@dnaera.com\">\n\t\t\t\t\t\t\t<img fetchpriority=\"high\" decoding=\"async\" width=\"300\" height=\"300\" src=\"https:\/\/dnaera.com\/pl\/wp-content\/uploads\/sites\/5\/2025\/09\/HLB-testy_poukazky_UNI-300x300.png\" class=\"attachment-medium size-medium wp-image-1378335\" alt=\"\" srcset=\"https:\/\/dnaera.com\/pl\/wp-content\/uploads\/sites\/5\/2025\/09\/HLB-testy_poukazky_UNI-300x300.png 300w, https:\/\/dnaera.com\/pl\/wp-content\/uploads\/sites\/5\/2025\/09\/HLB-testy_poukazky_UNI-150x150.png 150w, https:\/\/dnaera.com\/pl\/wp-content\/uploads\/sites\/5\/2025\/09\/HLB-testy_poukazky_UNI-768x768.png 768w, https:\/\/dnaera.com\/pl\/wp-content\/uploads\/sites\/5\/2025\/09\/HLB-testy_poukazky_UNI-600x600.png 600w, https:\/\/dnaera.com\/pl\/wp-content\/uploads\/sites\/5\/2025\/09\/HLB-testy_poukazky_UNI-100x100.png 100w, https:\/\/dnaera.com\/pl\/wp-content\/uploads\/sites\/5\/2025\/09\/HLB-testy_poukazky_UNI.png 800w\" sizes=\"(max-width: 300px) 100vw, 300px\" \/>\t\t\t\t\t\t\t\t<\/a>\n\t\t\t\t\t\t\t\t\t\t\t\t\t\t\t<\/div>\n\t\t\t\t<\/div>\n\t\t\t\t\t<\/div>\n\t\t<\/div>\n\t\t\t\t<div class=\"elementor-column elementor-col-66 elementor-top-column elementor-element elementor-element-c947b68\" data-id=\"c947b68\" data-element_type=\"column\">\n\t\t\t<div class=\"elementor-widget-wrap elementor-element-populated\">\n\t\t\t\t\t\t<div class=\"elementor-element elementor-element-1ce26db elementor-widget elementor-widget-text-editor\" data-id=\"1ce26db\" data-element_type=\"widget\" data-widget_type=\"text-editor.default\">\n\t\t\t\t<div class=\"elementor-widget-container\">\n\t\t\t\t\t\t\t\t\t<h3><strong>Czy masz kupon podarunkowy na testy DNA Health, Lifestyle i Beauty?<\/strong><\/h3><p id=\"tw-target-text\" class=\"tw-data-text tw-text-large tw-ta\" dir=\"ltr\" data-placeholder=\"Translation\" data-ved=\"2ahUKEwj4qZ_ZzrePAxXXgf0HHW_5I0MQ3ewLegQICxAV\" aria-label=\"Translated text: Zobacz ofert\u0119\nUm\u00f3w si\u0119 na konsultacj\u0119 z naszym ekspertem i uzyskaj odpowiedzi na swoje pytania.\n\nDostosuj sw\u00f3j styl \u017cycia do informacji uzyskanych z wynik\u00f3w. Popraw jako\u015b\u0107 swojego \u017cycia.\n\nPoka\u017c lekarzowi wyniki analizy DNA. Zapytaj o mo\u017cliwo\u015b\u0107 bada\u0144 profilaktycznych.\n\nNie masz wszystkich wynik\u00f3w? Rozszerz swoj\u0105 analiz\u0119 DNA w dowolnym momencie. Analizujemy ponad 170 predyspozycji.\n\nMo\u017cesz wykorzysta\u0107 bon upominkowy na te testy DNA, nawet je\u015bli nie s\u0105 ju\u017c dost\u0119pne w sprzeda\u017cy. Pami\u0119taj, \u017ce bon jest wa\u017cny tylko przez 12 miesi\u0119cy od daty zakupu, a zatem testy DNA b\u0119d\u0105 dost\u0119pne tylko do 30.06.2026 r.\"><span class=\"Y2IQFc\" lang=\"pl\">Mo\u017cesz wykorzysta\u0107 bon upominkowy na te testy DNA, nawet je\u015bli nie s\u0105 ju\u017c dost\u0119pne w sprzeda\u017cy. Pami\u0119taj, \u017ce bon jest wa\u017cny tylko przez 12 miesi\u0119cy od daty zakupu, a zatem testy DNA b\u0119d\u0105 dost\u0119pne tylko do 30.06.2026 r.<\/span><\/p><p>Napisz do nas na adres <strong><a href=\"mailto:info@dnaera.com\">info@dnaera.com<\/a><\/strong>, a nasz zesp\u00f3\u0142 obs\u0142ugi klienta skontaktuje si\u0119 z Tob\u0105 w celu przekazania dalszych instrukcji.<\/p>\t\t\t\t\t\t\t\t<\/div>\n\t\t\t\t<\/div>\n\t\t\t\t\t<\/div>\n\t\t<\/div>\n\t\t\t\t\t<\/div>\n\t\t<\/section>\n\t\t\t\t<section class=\"elementor-section elementor-top-section elementor-element elementor-element-4e13eb3 elementor-hidden-desktop elementor-hidden-tablet elementor-hidden-mobile elementor-section-boxed elementor-section-height-default elementor-section-height-default\" data-id=\"4e13eb3\" data-element_type=\"section\" data-settings=\"{&quot;background_background&quot;:&quot;classic&quot;}\">\n\t\t\t\t\t\t<div class=\"elementor-container elementor-column-gap-default\">\n\t\t\t\t\t<div class=\"elementor-column elementor-col-100 elementor-top-column elementor-element elementor-element-0157e99\" data-id=\"0157e99\" data-element_type=\"column\" data-settings=\"{&quot;background_background&quot;:&quot;classic&quot;}\">\n\t\t\t<div class=\"elementor-widget-wrap elementor-element-populated\">\n\t\t\t\t\t\t\t<\/div>\n\t\t<\/div>\n\t\t\t\t\t<\/div>\n\t\t<\/section>\n\t\t\t\t<section class=\"elementor-section elementor-top-section elementor-element elementor-element-41e7a41 elementor-section-boxed elementor-section-height-default elementor-section-height-default\" data-id=\"41e7a41\" data-element_type=\"section\">\n\t\t\t\t\t\t<div class=\"elementor-container elementor-column-gap-default\">\n\t\t\t\t\t<div class=\"elementor-column elementor-col-100 elementor-top-column elementor-element elementor-element-b3119a7\" data-id=\"b3119a7\" data-element_type=\"column\">\n\t\t\t<div class=\"elementor-widget-wrap elementor-element-populated\">\n\t\t\t\t\t\t<div class=\"elementor-element elementor-element-1d9125e elementor-widget elementor-widget-spacer\" data-id=\"1d9125e\" data-element_type=\"widget\" data-widget_type=\"spacer.default\">\n\t\t\t\t<div class=\"elementor-widget-container\">\n\t\t\t\t\t\t\t<div class=\"elementor-spacer\">\n\t\t\t<div class=\"elementor-spacer-inner\"><\/div>\n\t\t<\/div>\n\t\t\t\t\t\t<\/div>\n\t\t\t\t<\/div>\n\t\t\t\t\t<\/div>\n\t\t<\/div>\n\t\t\t\t\t<\/div>\n\t\t<\/section>\n\t\t\t\t<\/div>\n\t\t","protected":false},"excerpt":{"rendered":"<p>Masz pytania?\u00a0 Napisz do nas Je\u015bli chcesz uzyska\u0107 wi\u0119cej informacji o naszych produktach i us\u0142ugach, skontaktuj si\u0119 z nami \u2013 odpowiemy jak najszybciej. Email: info@dnaera.com Adres: DNA ERA s.r.o.\u00a0City Business Center I. (CBC I.)Karad\u017ei\u010dova 8\/A82108 Bratys\u0142awaS\u0142owacja Czy masz kupon podarunkowy na testy DNA Health, Lifestyle i Beauty? Mo\u017cesz wykorzysta\u0107 bon upominkowy na te testy DNA, [&hellip;]<\/p>\n","protected":false},"author":1,"featured_media":0,"parent":0,"menu_order":0,"comment_status":"closed","ping_status":"closed","template":"","meta":{"_acf_changed":false,"content-type":"","inline_featured_image":false,"footnotes":""},"class_list":["post-24","page","type-page","status-publish","hentry"],"acf":[],"_links":{"self":[{"href":"https:\/\/dnaera.com\/pl\/wp-json\/wp\/v2\/pages\/24","targetHints":{"allow":["GET"]}}],"collection":[{"href":"https:\/\/dnaera.com\/pl\/wp-json\/wp\/v2\/pages"}],"about":[{"href":"https:\/\/dnaera.com\/pl\/wp-json\/wp\/v2\/types\/page"}],"author":[{"embeddable":true,"href":"https:\/\/dnaera.com\/pl\/wp-json\/wp\/v2\/users\/1"}],"replies":[{"embeddable":true,"href":"https:\/\/dnaera.com\/pl\/wp-json\/wp\/v2\/comments?post=24"}],"version-history":[{"count":5,"href":"https:\/\/dnaera.com\/pl\/wp-json\/wp\/v2\/pages\/24\/revisions"}],"predecessor-version":[{"id":1378359,"href":"https:\/\/dnaera.com\/pl\/wp-json\/wp\/v2\/pages\/24\/revisions\/1378359"}],"wp:attachment":[{"href":"https:\/\/dnaera.com\/pl\/wp-json\/wp\/v2\/media?parent=24"}],"curies":[{"name":"wp","href":"https:\/\/api.w.org\/{rel}","templated":true}]}}