{"id":1352174,"date":"2021-09-29T10:19:12","date_gmt":"2021-09-29T08:19:12","guid":{"rendered":"https:\/\/dnaera.com\/pl\/?page_id=1352174"},"modified":"2024-03-06T17:08:05","modified_gmt":"2024-03-06T16:08:05","slug":"polityka-plikow-cookie","status":"publish","type":"page","link":"https:\/\/dnaera.com\/pl\/polityka-plikow-cookie\/","title":{"rendered":"Polityka plik\u00f3w cookie"},"content":{"rendered":"\t\t<div data-elementor-type=\"wp-page\" data-elementor-id=\"1352174\" class=\"elementor elementor-1352174\" data-elementor-post-type=\"page\">\n\t\t\t\t\t\t<section class=\"elementor-section elementor-top-section elementor-element elementor-element-01ee211 elementor-section-boxed elementor-section-height-default elementor-section-height-default\" data-id=\"01ee211\" data-element_type=\"section\">\n\t\t\t\t\t\t<div class=\"elementor-container elementor-column-gap-default\">\n\t\t\t\t\t<div class=\"elementor-column elementor-col-100 elementor-top-column elementor-element elementor-element-74b8398\" data-id=\"74b8398\" data-element_type=\"column\">\n\t\t\t<div class=\"elementor-widget-wrap elementor-element-populated\">\n\t\t\t\t\t\t<div class=\"elementor-element elementor-element-c763400 elementor-widget elementor-widget-heading\" data-id=\"c763400\" data-element_type=\"widget\" data-widget_type=\"heading.default\">\n\t\t\t\t<div class=\"elementor-widget-container\">\n\t\t\t\t\t<h1 class=\"elementor-heading-title elementor-size-default\">Polityka plik\u00f3w cookie<\/h1>\t\t\t\t<\/div>\n\t\t\t\t<\/div>\n\t\t\t\t<div class=\"elementor-element elementor-element-3cb7a2b elementor-widget elementor-widget-heading\" data-id=\"3cb7a2b\" data-element_type=\"widget\" data-widget_type=\"heading.default\">\n\t\t\t\t<div class=\"elementor-widget-container\">\n\t\t\t\t\t<h2 class=\"elementor-heading-title elementor-size-default\">Pliki cookie<\/h2>\t\t\t\t<\/div>\n\t\t\t\t<\/div>\n\t\t\t\t<div class=\"elementor-element elementor-element-7393c78 elementor-widget elementor-widget-text-editor\" data-id=\"7393c78\" data-element_type=\"widget\" data-widget_type=\"text-editor.default\">\n\t\t\t\t<div class=\"elementor-widget-container\">\n\t\t\t\t\t\t\t\t\t<p><span style=\"font-weight: 400;\">W celu zapewnienia prawid\u0142owego funkcjonowania strony <a href=\"https:\/\/www.dnaera.com\/pl\">https:\/\/www.dnaera.com\/pl<\/a> (zwanej dalej \u201estron\u0105\u201d) czasami przechowujemy na urz\u0105dzeniu u\u017cytkownika niewielkie pliki danych, tzw. cookie.<\/span><\/p>\t\t\t\t\t\t\t\t<\/div>\n\t\t\t\t<\/div>\n\t\t\t\t<div class=\"elementor-element elementor-element-057a316 elementor-widget elementor-widget-heading\" data-id=\"057a316\" data-element_type=\"widget\" data-widget_type=\"heading.default\">\n\t\t\t\t<div class=\"elementor-widget-container\">\n\t\t\t\t\t<h2 class=\"elementor-heading-title elementor-size-default\">Czym s\u0105 pliki cookie?<\/h2>\t\t\t\t<\/div>\n\t\t\t\t<\/div>\n\t\t\t\t<div class=\"elementor-element elementor-element-c3b5256 elementor-widget elementor-widget-text-editor\" data-id=\"c3b5256\" data-element_type=\"widget\" data-widget_type=\"text-editor.default\">\n\t\t\t\t<div class=\"elementor-widget-container\">\n\t\t\t\t\t\t\t\t\t<p><span style=\"font-weight: 400;\">Plik cookie to ma\u0142y plik tekstowy, kt\u00f3ry zapisywany jest komputerze lub urz\u0105dzeniu mobilnym u\u017cytkownika podczas przegl\u0105dania witryn internetowych. Dzi\u0119ki temu plikowi witryna przechowuje informacje o\u00a0dzia\u0142aniach i\u00a0preferencjach u\u017cytkownika przez okre\u015blony czas, dzi\u0119ki czemu nie trzeba podawa\u0107 ich ponownie przy kolejnych odwiedzinach lub przegl\u0105daniu poszczeg\u00f3lnych stron.<\/span><\/p>\t\t\t\t\t\t\t\t<\/div>\n\t\t\t\t<\/div>\n\t\t\t\t<div class=\"elementor-element elementor-element-d91ec03 elementor-widget elementor-widget-heading\" data-id=\"d91ec03\" data-element_type=\"widget\" data-widget_type=\"heading.default\">\n\t\t\t\t<div class=\"elementor-widget-container\">\n\t\t\t\t\t<h2 class=\"elementor-heading-title elementor-size-default\">Jakich plik\u00f3w cookie u\u017cywamy?<\/h2>\t\t\t\t<\/div>\n\t\t\t\t<\/div>\n\t\t\t\t<div class=\"elementor-element elementor-element-19c9e20 elementor-widget elementor-widget-text-editor\" data-id=\"19c9e20\" data-element_type=\"widget\" data-widget_type=\"text-editor.default\">\n\t\t\t\t<div class=\"elementor-widget-container\">\n\t\t\t\t\t\t\t\t\t<p><span style=\"font-weight: 400;\">Niezb\u0119dne (funkcjonalne) pliki cookie<\/span><\/p><ul><li style=\"font-weight: 400;\" aria-level=\"1\"><span style=\"font-weight: 400;\">Cookies Consent \u2013 ich celem jest przechowywanie zgody u\u017cytkownika na korzystanie z\u00a0naszej witryny internetowej (wygasaj\u0105 po 12\u00a0miesi\u0105cach).<\/span><\/li><\/ul><p><span style=\"font-weight: 400;\">Analityczne i\u00a0marketingowe pliki cookie<\/span><\/p><ul><li style=\"font-weight: 400;\" aria-level=\"1\"><span style=\"font-weight: 400;\">Google Analytics i\u00a0Google AdWords \u2013 ich celem jest zbieranie danych o\u00a0liczbie odwiedzaj\u0105cych witryn\u0119, dacie pierwszej wizyty, dacie ostatniej wizyty oraz uzyskanie zanonimizowanych danych statystycznych dotycz\u0105cych korzystania z\u00a0witryny (wygasaj\u0105 po 24\u00a0miesi\u0105cach).<\/span><\/li><li style=\"font-weight: 400;\" aria-level=\"1\"><span style=\"font-weight: 400;\">Google Tag Manager \u2013 ich celem jest zbieranie danych w\u00a0celu analizy ruchu i\u00a0optymalizacji dzia\u0142a\u0144 marketingowych (wygasaj\u0105 po 24\u00a0miesi\u0105cach).<\/span><\/li><li style=\"font-weight: 400;\" aria-level=\"1\"><span style=\"font-weight: 400;\">Facebook Pixel \u2013 ich celem jest identyfikacja w\u00a0sieci reklamowej Facebook, retargetowanie reklam na podstawie akcji u\u017cytkownika (tzw. remarketing; wygasaj\u0105 po 24\u00a0miesi\u0105cach).<\/span><\/li><li style=\"font-weight: 400;\" aria-level=\"1\"><span style=\"font-weight: 400;\">Hotjar \u2013 ich celem jest zbieranie danych o\u00a0ruchu u\u017cytkownik\u00f3w w\u00a0witrynie internetowej firmy w\u00a0celu poprawy do\u015bwiadczenia u\u017cytkownik\u00f3w i\u00a0odwiedzaj\u0105cych witryn\u0119. <\/span><\/li><\/ul><p><span style=\"font-weight: 400;\">HubSpot \u2013 ich celem jest zbieranie danych w\u00a0celu identyfikacji odwiedzaj\u0105cych i\u00a0p\u00f3\u017aniejszej personalizacji tre\u015bci podczas komunikacji zgodnie z\u00a0preferencjami poszczeg\u00f3lnych u\u017cytkownik\u00f3w.<\/span><\/p>\t\t\t\t\t\t\t\t<\/div>\n\t\t\t\t<\/div>\n\t\t\t\t<div class=\"elementor-element elementor-element-b48e7e6 elementor-widget elementor-widget-heading\" data-id=\"b48e7e6\" data-element_type=\"widget\" data-widget_type=\"heading.default\">\n\t\t\t\t<div class=\"elementor-widget-container\">\n\t\t\t\t\t<h2 class=\"elementor-heading-title elementor-size-default\">Ustawianie plik\u00f3w cookie<\/h2>\t\t\t\t<\/div>\n\t\t\t\t<\/div>\n\t\t\t\t<div class=\"elementor-element elementor-element-e6a83ac elementor-widget elementor-widget-shortcode\" data-id=\"e6a83ac\" data-element_type=\"widget\" data-widget_type=\"shortcode.default\">\n\t\t\t\t<div class=\"elementor-widget-container\">\n\t\t\t\t\t\t\t<div class=\"elementor-shortcode\">\n<div id=\"cookie-settings\" class=\"webikon-cookies-switcher js-webikon-cookies-switcher\">\n                        <div class=\"webikon-cookies-switcher__item\">\n                <label for=\"technical\" class=\"webikon-cookies-switcher__label\">Techniczny<\/label>\n\n                                    <input type=\"checkbox\" id=\"technical\" class=\"webikon-cookies-switcher__input\" name=\"technical\" value=\"1\" disabled checked>\n                \n                                                    <div class=\"webikon-cookies-switcher__desc\">Niezb\u0119dne do prawid\u0142owego funkcjonowania serwisu i jego funkcji.<\/div>\n                            <\/div>\n                                <div class=\"webikon-cookies-switcher__item\">\n                <label for=\"advertising\" class=\"webikon-cookies-switcher__label\">Reklama<\/label>\n\n                                    <input type=\"checkbox\" id=\"advertising\" class=\"webikon-cookies-switcher__input js-webikon-cookies-switcher-input js-webikon-cookies-switcher-advertising\" name=\"advertising\" value=\"1\" >\n                \n                                                    <div class=\"webikon-cookies-switcher__desc\">Umo\u017cliwiaj\u0105 nam i naszym partnerom oferowanie odpowiednich produkt\u00f3w i us\u0142ug w oparciu o Twoje zainteresowania i zachowania na naszej stronie internetowej.<\/div>\n                            <\/div>\n                                <div class=\"webikon-cookies-switcher__item\">\n                <label for=\"analytical\" class=\"webikon-cookies-switcher__label\">Analityczny<\/label>\n\n                                    <input type=\"checkbox\" id=\"analytical\" class=\"webikon-cookies-switcher__input js-webikon-cookies-switcher-input js-webikon-cookies-switcher-analytical\" name=\"analytical\" value=\"1\" >\n                \n                                                    <div class=\"webikon-cookies-switcher__desc\">Pomagaj\u0105 nam zrozumie\u0107, w jaki spos\u00f3b odwiedzaj\u0105cy wchodz\u0105 w interakcj\u0119 z nasz\u0105 witryn\u0105 i pozwalaj\u0105 nam poprawi\u0107 komfort u\u017cytkowania.<\/div>\n                            <\/div>\n                                <div class=\"webikon-cookies-switcher__item\">\n                <label for=\"personalization\" class=\"webikon-cookies-switcher__label\">Personalizacja<\/label>\n\n                                    <input type=\"checkbox\" id=\"personalization\" class=\"webikon-cookies-switcher__input js-webikon-cookies-switcher-input js-webikon-cookies-switcher-personalization\" name=\"personalization\" value=\"1\" >\n                \n                                                    <div class=\"webikon-cookies-switcher__desc\">Pozwalaj\u0105 nam zapami\u0119ta\u0107 Twoje preferencje i zapewni\u0107 Ci tre\u015bci i funkcje dostosowane do Twoich zainteresowa\u0144.<\/div>\n                            <\/div>\n            \n    <div class=\"webikon-cookies-switcher__btn-wrapper\">\n        <button class=\"webikon-cookies-switcher__btn js-webikon-cookies-switcher-save-btn\">Zapisz moje wybory<\/button>\n        <div class=\"webikon-cookies-switcher__success-notice js-webikon-cookies-switcher-success-notice\">Wybory zosta\u0142y pomy\u015blnie zapisane<\/div>\n    <\/div>\n<\/div>\n<\/div>\n\t\t\t\t\t\t<\/div>\n\t\t\t\t<\/div>\n\t\t\t\t<div class=\"elementor-element elementor-element-f4fe566 elementor-widget elementor-widget-heading\" data-id=\"f4fe566\" data-element_type=\"widget\" data-widget_type=\"heading.default\">\n\t\t\t\t<div class=\"elementor-widget-container\">\n\t\t\t\t\t<h2 class=\"elementor-heading-title elementor-size-default\">Pliki cookie a prawodawstwo UE<\/h2>\t\t\t\t<\/div>\n\t\t\t\t<\/div>\n\t\t\t\t<div class=\"elementor-element elementor-element-e0caa41 elementor-widget elementor-widget-text-editor\" data-id=\"e0caa41\" data-element_type=\"widget\" data-widget_type=\"text-editor.default\">\n\t\t\t\t<div class=\"elementor-widget-container\">\n\t\t\t\t\t\t\t\t\t<p><span style=\"font-weight: 400;\">Prawo stanowi, \u017ce pliki cookie mog\u0105 by\u0107 przez nas przechowywane na urz\u0105dzeniu u\u017cytkownika, je\u015bli s\u0105 one niezb\u0119dne do dzia\u0142ania stron internetowych (tzw. niezb\u0119dne pliki cookie). Do przechowywania wszystkich innych rodzaj\u00f3w plik\u00f3w cookie (np. analitycznych i\u00a0marketingowych) wymagana jest zgoda u\u017cytkownika. Ta witryna internetowa korzysta z\u00a0r\u00f3\u017cnych rodzaj\u00f3w plik\u00f3w cookie. Niekt\u00f3re pliki cookie s\u0105 umieszczane tutaj przez serwisy os\u00f3b trzecich, kt\u00f3rych us\u0142ugi s\u0105 dost\u0119pne na naszych stronach.<\/span><\/p>\t\t\t\t\t\t\t\t<\/div>\n\t\t\t\t<\/div>\n\t\t\t\t<div class=\"elementor-element elementor-element-361eca4 elementor-widget elementor-widget-heading\" data-id=\"361eca4\" data-element_type=\"widget\" data-widget_type=\"heading.default\">\n\t\t\t\t<div class=\"elementor-widget-container\">\n\t\t\t\t\t<h2 class=\"elementor-heading-title elementor-size-default\">Jak u\u017cywamy plik\u00f3w cookie?<\/h2>\t\t\t\t<\/div>\n\t\t\t\t<\/div>\n\t\t\t\t<div class=\"elementor-element elementor-element-ee635f8 elementor-widget elementor-widget-text-editor\" data-id=\"ee635f8\" data-element_type=\"widget\" data-widget_type=\"text-editor.default\">\n\t\t\t\t<div class=\"elementor-widget-container\">\n\t\t\t\t\t\t\t\t\t<p><span style=\"font-weight: 400;\">Ta witryna internetowa wykorzystuje pliki cookie do zbierania anonimowych informacji statystycznych o\u00a0odwiedzaj\u0105cych, do zapami\u0119tywania ustawie\u0144 u\u017cytkownika, lepszego dostosowania reklam do zainteresowa\u0144 odwiedzaj\u0105cych i\u00a0zapewnienia podstawowej funkcjonalno\u015bci. Pliki cookie nie b\u0119d\u0105 wykorzystywane do cel\u00f3w innych ni\u017c podane powy\u017cej. Zgod\u0119 na korzystanie z\u00a0plik\u00f3w cookie przez nasz\u0105 witryn\u0119 mo\u017cna zmieni\u0107 lub odwo\u0142a\u0107 w\u00a0dowolnym momencie.<\/span><\/p>\t\t\t\t\t\t\t\t<\/div>\n\t\t\t\t<\/div>\n\t\t\t\t<div class=\"elementor-element elementor-element-f75de5a elementor-widget elementor-widget-heading\" data-id=\"f75de5a\" data-element_type=\"widget\" data-widget_type=\"heading.default\">\n\t\t\t\t<div class=\"elementor-widget-container\">\n\t\t\t\t\t<h2 class=\"elementor-heading-title elementor-size-default\">Jak mo\u017cna zarz\u0105dza\u0107 plikami cookie?<\/h2>\t\t\t\t<\/div>\n\t\t\t\t<\/div>\n\t\t\t\t<div class=\"elementor-element elementor-element-19d82e0 elementor-widget elementor-widget-text-editor\" data-id=\"19d82e0\" data-element_type=\"widget\" data-widget_type=\"text-editor.default\">\n\t\t\t\t<div class=\"elementor-widget-container\">\n\t\t\t\t\t\t\t\t\t<p><span style=\"font-weight: 400;\">Plikami cookie mo\u017cna zarz\u0105dza\u0107 lub usuwa\u0107 je wed\u0142ug w\u0142asnego uznania \u2013 na stronie <a href=\"http:\/\/aboutcookies.org\">aboutcookies.org<\/a> mo\u017cna uzyska\u0107 szczeg\u00f3\u0142owe informacje. Mo\u017cna usun\u0105\u0107 wszystkie pliki cookie przechowywane na komputerze; mo\u017cna r\u00f3wnie\u017c skonfigurowa\u0107 wi\u0119kszo\u015b\u0107 przegl\u0105darek tak, aby uniemo\u017cliwi\u0107 ich przechowywanie. Jednak w\u00a0takim przypadku mo\u017ce by\u0107 konieczne r\u0119czne dostosowanie niekt\u00f3rych ustawie\u0144 za ka\u017cdym razem, gdy u\u017cytkownik odwiedza dan\u0105 witryn\u0119, a\u00a0niekt\u00f3re us\u0142ugi i\u00a0funkcje mog\u0105 nie dzia\u0142a\u0107 poprawnie lub przesta\u0107 dzia\u0142a\u0107.<\/span><\/p>\t\t\t\t\t\t\t\t<\/div>\n\t\t\t\t<\/div>\n\t\t\t\t<div class=\"elementor-element elementor-element-8e28d62 elementor-widget elementor-widget-heading\" data-id=\"8e28d62\" data-element_type=\"widget\" data-widget_type=\"heading.default\">\n\t\t\t\t<div class=\"elementor-widget-container\">\n\t\t\t\t\t<h2 class=\"elementor-heading-title elementor-size-default\">Skontaktuj si\u0119 z nami\n<\/h2>\t\t\t\t<\/div>\n\t\t\t\t<\/div>\n\t\t\t\t<div class=\"elementor-element elementor-element-6ac3626 elementor-widget elementor-widget-text-editor\" data-id=\"6ac3626\" data-element_type=\"widget\" data-widget_type=\"text-editor.default\">\n\t\t\t\t<div class=\"elementor-widget-container\">\n\t\t\t\t\t\t\t\t\t<p><span style=\"font-weight: 400;\">W\u00a0przypadku jakichkolwiek pyta\u0144 prosimy o\u00a0kontakt pod adresem: <\/span><a href=\"mailto:gdpr@dnaera.sk\"><span style=\"font-weight: 400;\">gdpr@dnaera.sk<\/span><\/a><\/p>\t\t\t\t\t\t\t\t<\/div>\n\t\t\t\t<\/div>\n\t\t\t\t\t<\/div>\n\t\t<\/div>\n\t\t\t\t\t<\/div>\n\t\t<\/section>\n\t\t\t\t<\/div>\n\t\t","protected":false},"excerpt":{"rendered":"<p>Polityka plik\u00f3w cookie Pliki cookie W celu zapewnienia prawid\u0142owego funkcjonowania strony https:\/\/www.dnaera.com\/pl (zwanej dalej \u201estron\u0105\u201d) czasami przechowujemy na urz\u0105dzeniu u\u017cytkownika niewielkie pliki danych, tzw. cookie. Czym s\u0105 pliki cookie? Plik cookie to ma\u0142y plik tekstowy, kt\u00f3ry zapisywany jest komputerze lub urz\u0105dzeniu mobilnym u\u017cytkownika podczas przegl\u0105dania witryn internetowych. Dzi\u0119ki temu plikowi witryna przechowuje informacje o\u00a0dzia\u0142aniach i\u00a0preferencjach [&hellip;]<\/p>\n","protected":false},"author":1,"featured_media":0,"parent":0,"menu_order":0,"comment_status":"closed","ping_status":"closed","template":"","meta":{"_acf_changed":false,"content-type":"","inline_featured_image":false,"footnotes":""},"class_list":["post-1352174","page","type-page","status-publish","hentry"],"acf":[],"_links":{"self":[{"href":"https:\/\/dnaera.com\/pl\/wp-json\/wp\/v2\/pages\/1352174","targetHints":{"allow":["GET"]}}],"collection":[{"href":"https:\/\/dnaera.com\/pl\/wp-json\/wp\/v2\/pages"}],"about":[{"href":"https:\/\/dnaera.com\/pl\/wp-json\/wp\/v2\/types\/page"}],"author":[{"embeddable":true,"href":"https:\/\/dnaera.com\/pl\/wp-json\/wp\/v2\/users\/1"}],"replies":[{"embeddable":true,"href":"https:\/\/dnaera.com\/pl\/wp-json\/wp\/v2\/comments?post=1352174"}],"version-history":[{"count":5,"href":"https:\/\/dnaera.com\/pl\/wp-json\/wp\/v2\/pages\/1352174\/revisions"}],"predecessor-version":[{"id":1376449,"href":"https:\/\/dnaera.com\/pl\/wp-json\/wp\/v2\/pages\/1352174\/revisions\/1376449"}],"wp:attachment":[{"href":"https:\/\/dnaera.com\/pl\/wp-json\/wp\/v2\/media?parent=1352174"}],"curies":[{"name":"wp","href":"https:\/\/api.w.org\/{rel}","templated":true}]}}