{"id":1369780,"date":"2022-09-14T07:31:07","date_gmt":"2022-09-14T05:31:07","guid":{"rendered":"https:\/\/dnaera.com\/hu\/?post_type=product&#038;p=1369780"},"modified":"2025-03-05T14:56:38","modified_gmt":"2025-03-05T13:56:38","slug":"rozsirena-konzultacia","status":"publish","type":"product","link":"https:\/\/dnaera.com\/hu\/produkt\/rozsirena-konzultacia\/","title":{"rendered":"Roz\u0161\u00edren\u00e1 genetick\u00e1 konzult\u00e1cia"},"content":{"rendered":"","protected":false},"excerpt":{"rendered":"<p><span class=\"Typography__Text-sc-q6opsf-8 Typography__Regular-sc-q6opsf-40 gpoKaC\">60-min\u00fatov\u00e1 konzult\u00e1cia,<br \/>\nmo\u017enos\u0165 detailne skonzultova\u0165 v\u00fdsledky DNA anal\u00fdzy<br \/>\n<\/span><\/p>\n","protected":false},"featured_media":1369689,"template":"","meta":{"_acf_changed":false,"content-type":"","inline_featured_image":false},"product_brand":[],"product_cat":[66],"product_tag":[92],"class_list":{"0":"post-1369780","1":"product","2":"type-product","3":"status-publish","4":"has-post-thumbnail","6":"product_cat-consultation","7":"product_tag-migracia-2022","9":"first","10":"instock","11":"virtual","12":"taxable","13":"purchasable","14":"product-type-simple"},"acf":[],"yoast_head":"<!-- This site is optimized with the Yoast SEO plugin v27.4 - https:\/\/yoast.com\/product\/yoast-seo-wordpress\/ -->\n<title>Roz\u0161\u00edren\u00e1 genetick\u00e1 konzult\u00e1cia - DNA ERA HU<\/title>\n<meta name=\"robots\" content=\"noindex, nofollow\" \/>\n<meta property=\"og:locale\" content=\"hu_HU\" \/>\n<meta property=\"og:type\" content=\"article\" \/>\n<meta property=\"og:title\" content=\"Roz\u0161\u00edren\u00e1 genetick\u00e1 konzult\u00e1cia - DNA ERA HU\" \/>\n<meta property=\"og:description\" content=\"60-min\u00fatov\u00e1 konzult\u00e1cia, mo\u017enos\u0165 detailne skonzultova\u0165 v\u00fdsledky DNA anal\u00fdzy\" \/>\n<meta property=\"og:url\" content=\"https:\/\/dnaera.com\/hu\/produkt\/rozsirena-konzultacia\/\" \/>\n<meta property=\"og:site_name\" content=\"DNA ERA HU\" \/>\n<meta property=\"article:modified_time\" content=\"2025-03-05T13:56:38+00:00\" \/>\n<meta property=\"og:image\" content=\"https:\/\/dnaera.com\/hu\/wp-content\/uploads\/sites\/7\/2022\/09\/konzultacia_illustracia.png\" \/>\n\t<meta property=\"og:image:width\" content=\"360\" \/>\n\t<meta property=\"og:image:height\" content=\"352\" \/>\n\t<meta property=\"og:image:type\" content=\"image\/png\" \/>\n<meta name=\"twitter:card\" content=\"summary_large_image\" \/>\n<meta name=\"twitter:label1\" content=\"Becs\u00fclt olvas\u00e1si id\u0151\" \/>\n\t<meta name=\"twitter:data1\" content=\"1 perc\" \/>\n<script type=\"application\/ld+json\" class=\"yoast-schema-graph\">{\"@context\":\"https:\\\/\\\/schema.org\",\"@graph\":[{\"@type\":\"WebPage\",\"@id\":\"https:\\\/\\\/dnaera.com\\\/hu\\\/produkt\\\/rozsirena-konzultacia\\\/\",\"url\":\"https:\\\/\\\/dnaera.com\\\/hu\\\/produkt\\\/rozsirena-konzultacia\\\/\",\"name\":\"Roz\u0161\u00edren\u00e1 genetick\u00e1 konzult\u00e1cia - DNA ERA HU\",\"isPartOf\":{\"@id\":\"https:\\\/\\\/dnaera.com\\\/hu\\\/#website\"},\"primaryImageOfPage\":{\"@id\":\"https:\\\/\\\/dnaera.com\\\/hu\\\/produkt\\\/rozsirena-konzultacia\\\/#primaryimage\"},\"image\":{\"@id\":\"https:\\\/\\\/dnaera.com\\\/hu\\\/produkt\\\/rozsirena-konzultacia\\\/#primaryimage\"},\"thumbnailUrl\":\"https:\\\/\\\/dnaera.com\\\/hu\\\/wp-content\\\/uploads\\\/sites\\\/7\\\/2022\\\/09\\\/konzultacia_illustracia.png\",\"datePublished\":\"2022-09-14T05:31:07+00:00\",\"dateModified\":\"2025-03-05T13:56:38+00:00\",\"breadcrumb\":{\"@id\":\"https:\\\/\\\/dnaera.com\\\/hu\\\/produkt\\\/rozsirena-konzultacia\\\/#breadcrumb\"},\"inLanguage\":\"hu\",\"potentialAction\":[{\"@type\":\"ReadAction\",\"target\":[\"https:\\\/\\\/dnaera.com\\\/hu\\\/produkt\\\/rozsirena-konzultacia\\\/\"]}]},{\"@type\":\"ImageObject\",\"inLanguage\":\"hu\",\"@id\":\"https:\\\/\\\/dnaera.com\\\/hu\\\/produkt\\\/rozsirena-konzultacia\\\/#primaryimage\",\"url\":\"https:\\\/\\\/dnaera.com\\\/hu\\\/wp-content\\\/uploads\\\/sites\\\/7\\\/2022\\\/09\\\/konzultacia_illustracia.png\",\"contentUrl\":\"https:\\\/\\\/dnaera.com\\\/hu\\\/wp-content\\\/uploads\\\/sites\\\/7\\\/2022\\\/09\\\/konzultacia_illustracia.png\",\"width\":360,\"height\":352},{\"@type\":\"BreadcrumbList\",\"@id\":\"https:\\\/\\\/dnaera.com\\\/hu\\\/produkt\\\/rozsirena-konzultacia\\\/#breadcrumb\",\"itemListElement\":[{\"@type\":\"ListItem\",\"position\":1,\"name\":\"Domovsk\u00e1 str\u00e1nka\",\"item\":\"https:\\\/\\\/dnaera.com\\\/hu\\\/\"},{\"@type\":\"ListItem\",\"position\":2,\"name\":\"Obchod\",\"item\":\"https:\\\/\\\/dnaera.com\\\/hu\\\/obchod\\\/\"},{\"@type\":\"ListItem\",\"position\":3,\"name\":\"Roz\u0161\u00edren\u00e1 genetick\u00e1 konzult\u00e1cia\"}]},{\"@type\":\"WebSite\",\"@id\":\"https:\\\/\\\/dnaera.com\\\/hu\\\/#website\",\"url\":\"https:\\\/\\\/dnaera.com\\\/hu\\\/\",\"name\":\"DNA ERA HU\",\"description\":\"DNS-teszt, genetikai vizsg\u00e1lat \u00e9s DNS-elemz\u00e9s\",\"publisher\":{\"@id\":\"https:\\\/\\\/dnaera.com\\\/hu\\\/#organization\"},\"potentialAction\":[{\"@type\":\"SearchAction\",\"target\":{\"@type\":\"EntryPoint\",\"urlTemplate\":\"https:\\\/\\\/dnaera.com\\\/hu\\\/?s={search_term_string}\"},\"query-input\":{\"@type\":\"PropertyValueSpecification\",\"valueRequired\":true,\"valueName\":\"search_term_string\"}}],\"inLanguage\":\"hu\"},{\"@type\":\"Organization\",\"@id\":\"https:\\\/\\\/dnaera.com\\\/hu\\\/#organization\",\"name\":\"DNA ERA HU\",\"url\":\"https:\\\/\\\/dnaera.com\\\/hu\\\/\",\"logo\":{\"@type\":\"ImageObject\",\"inLanguage\":\"hu\",\"@id\":\"https:\\\/\\\/dnaera.com\\\/hu\\\/#\\\/schema\\\/logo\\\/image\\\/\",\"url\":\"https:\\\/\\\/dnaera.com\\\/hu\\\/wp-content\\\/uploads\\\/sites\\\/7\\\/2021\\\/05\\\/Main_Logo.svg\",\"contentUrl\":\"https:\\\/\\\/dnaera.com\\\/hu\\\/wp-content\\\/uploads\\\/sites\\\/7\\\/2021\\\/05\\\/Main_Logo.svg\",\"width\":159,\"height\":20,\"caption\":\"DNA ERA HU\"},\"image\":{\"@id\":\"https:\\\/\\\/dnaera.com\\\/hu\\\/#\\\/schema\\\/logo\\\/image\\\/\"}}]}<\/script>\n<!-- \/ Yoast SEO plugin. -->","yoast_head_json":{"title":"Roz\u0161\u00edren\u00e1 genetick\u00e1 konzult\u00e1cia - DNA ERA HU","robots":{"index":"noindex","follow":"nofollow"},"og_locale":"hu_HU","og_type":"article","og_title":"Roz\u0161\u00edren\u00e1 genetick\u00e1 konzult\u00e1cia - DNA ERA HU","og_description":"60-min\u00fatov\u00e1 konzult\u00e1cia, mo\u017enos\u0165 detailne skonzultova\u0165 v\u00fdsledky DNA anal\u00fdzy","og_url":"https:\/\/dnaera.com\/hu\/produkt\/rozsirena-konzultacia\/","og_site_name":"DNA ERA HU","article_modified_time":"2025-03-05T13:56:38+00:00","og_image":[{"width":360,"height":352,"url":"https:\/\/dnaera.com\/hu\/wp-content\/uploads\/sites\/7\/2022\/09\/konzultacia_illustracia.png","type":"image\/png"}],"twitter_card":"summary_large_image","twitter_misc":{"Becs\u00fclt olvas\u00e1si id\u0151":"1 perc"},"schema":{"@context":"https:\/\/schema.org","@graph":[{"@type":"WebPage","@id":"https:\/\/dnaera.com\/hu\/produkt\/rozsirena-konzultacia\/","url":"https:\/\/dnaera.com\/hu\/produkt\/rozsirena-konzultacia\/","name":"Roz\u0161\u00edren\u00e1 genetick\u00e1 konzult\u00e1cia - DNA ERA HU","isPartOf":{"@id":"https:\/\/dnaera.com\/hu\/#website"},"primaryImageOfPage":{"@id":"https:\/\/dnaera.com\/hu\/produkt\/rozsirena-konzultacia\/#primaryimage"},"image":{"@id":"https:\/\/dnaera.com\/hu\/produkt\/rozsirena-konzultacia\/#primaryimage"},"thumbnailUrl":"https:\/\/dnaera.com\/hu\/wp-content\/uploads\/sites\/7\/2022\/09\/konzultacia_illustracia.png","datePublished":"2022-09-14T05:31:07+00:00","dateModified":"2025-03-05T13:56:38+00:00","breadcrumb":{"@id":"https:\/\/dnaera.com\/hu\/produkt\/rozsirena-konzultacia\/#breadcrumb"},"inLanguage":"hu","potentialAction":[{"@type":"ReadAction","target":["https:\/\/dnaera.com\/hu\/produkt\/rozsirena-konzultacia\/"]}]},{"@type":"ImageObject","inLanguage":"hu","@id":"https:\/\/dnaera.com\/hu\/produkt\/rozsirena-konzultacia\/#primaryimage","url":"https:\/\/dnaera.com\/hu\/wp-content\/uploads\/sites\/7\/2022\/09\/konzultacia_illustracia.png","contentUrl":"https:\/\/dnaera.com\/hu\/wp-content\/uploads\/sites\/7\/2022\/09\/konzultacia_illustracia.png","width":360,"height":352},{"@type":"BreadcrumbList","@id":"https:\/\/dnaera.com\/hu\/produkt\/rozsirena-konzultacia\/#breadcrumb","itemListElement":[{"@type":"ListItem","position":1,"name":"Domovsk\u00e1 str\u00e1nka","item":"https:\/\/dnaera.com\/hu\/"},{"@type":"ListItem","position":2,"name":"Obchod","item":"https:\/\/dnaera.com\/hu\/obchod\/"},{"@type":"ListItem","position":3,"name":"Roz\u0161\u00edren\u00e1 genetick\u00e1 konzult\u00e1cia"}]},{"@type":"WebSite","@id":"https:\/\/dnaera.com\/hu\/#website","url":"https:\/\/dnaera.com\/hu\/","name":"DNA ERA HU","description":"DNS-teszt, genetikai vizsg\u00e1lat \u00e9s DNS-elemz\u00e9s","publisher":{"@id":"https:\/\/dnaera.com\/hu\/#organization"},"potentialAction":[{"@type":"SearchAction","target":{"@type":"EntryPoint","urlTemplate":"https:\/\/dnaera.com\/hu\/?s={search_term_string}"},"query-input":{"@type":"PropertyValueSpecification","valueRequired":true,"valueName":"search_term_string"}}],"inLanguage":"hu"},{"@type":"Organization","@id":"https:\/\/dnaera.com\/hu\/#organization","name":"DNA ERA HU","url":"https:\/\/dnaera.com\/hu\/","logo":{"@type":"ImageObject","inLanguage":"hu","@id":"https:\/\/dnaera.com\/hu\/#\/schema\/logo\/image\/","url":"https:\/\/dnaera.com\/hu\/wp-content\/uploads\/sites\/7\/2021\/05\/Main_Logo.svg","contentUrl":"https:\/\/dnaera.com\/hu\/wp-content\/uploads\/sites\/7\/2021\/05\/Main_Logo.svg","width":159,"height":20,"caption":"DNA ERA HU"},"image":{"@id":"https:\/\/dnaera.com\/hu\/#\/schema\/logo\/image\/"}}]}},"_links":{"self":[{"href":"https:\/\/dnaera.com\/hu\/wp-json\/wp\/v2\/product\/1369780","targetHints":{"allow":["GET"]}}],"collection":[{"href":"https:\/\/dnaera.com\/hu\/wp-json\/wp\/v2\/product"}],"about":[{"href":"https:\/\/dnaera.com\/hu\/wp-json\/wp\/v2\/types\/product"}],"version-history":[{"count":6,"href":"https:\/\/dnaera.com\/hu\/wp-json\/wp\/v2\/product\/1369780\/revisions"}],"predecessor-version":[{"id":1409701,"href":"https:\/\/dnaera.com\/hu\/wp-json\/wp\/v2\/product\/1369780\/revisions\/1409701"}],"wp:featuredmedia":[{"embeddable":true,"href":"https:\/\/dnaera.com\/hu\/wp-json\/wp\/v2\/media\/1369689"}],"wp:attachment":[{"href":"https:\/\/dnaera.com\/hu\/wp-json\/wp\/v2\/media?parent=1369780"}],"wp:term":[{"taxonomy":"product_brand","embeddable":true,"href":"https:\/\/dnaera.com\/hu\/wp-json\/wp\/v2\/product_brand?post=1369780"},{"taxonomy":"product_cat","embeddable":true,"href":"https:\/\/dnaera.com\/hu\/wp-json\/wp\/v2\/product_cat?post=1369780"},{"taxonomy":"product_tag","embeddable":true,"href":"https:\/\/dnaera.com\/hu\/wp-json\/wp\/v2\/product_tag?post=1369780"}],"curies":[{"name":"wp","href":"https:\/\/api.w.org\/{rel}","templated":true}]}}