{"id":1355281,"date":"2021-12-16T10:09:11","date_gmt":"2021-12-16T09:09:11","guid":{"rendered":"https:\/\/dnaera.com\/hu\/?post_type=product&#038;p=1355281"},"modified":"2025-05-05T19:21:36","modified_gmt":"2025-05-05T17:21:36","slug":"dna-health-test-darcekova-poukazka","status":"publish","type":"product","link":"https:\/\/dnaera.com\/hu\/produkt\/dna-health-test-darcekova-poukazka\/","title":{"rendered":"Dar\u010dekov\u00e1 pouk\u00e1\u017eka &#8211; DNA Health test"},"content":{"rendered":"","protected":false},"excerpt":{"rendered":"","protected":false},"featured_media":1369824,"template":"","meta":{"_acf_changed":false,"content-type":"","inline_featured_image":false},"product_brand":[],"product_cat":[88],"product_tag":[95],"class_list":{"0":"post-1355281","1":"product","2":"type-product","3":"status-publish","4":"has-post-thumbnail","6":"product_cat-voucher","7":"product_tag-ostavaju","9":"first","10":"instock","11":"sale","12":"virtual","13":"taxable","14":"purchasable","15":"product-type-simple"},"acf":[],"yoast_head":"<!-- This site is optimized with the Yoast SEO plugin v27.4 - https:\/\/yoast.com\/product\/yoast-seo-wordpress\/ -->\n<title>Dar\u010dekov\u00e1 pouk\u00e1\u017eka - DNA Health test - DNA ERA HU<\/title>\n<meta name=\"description\" content=\"Zdravotn\u00e9 rizik\u00e1, tolerancia lie\u010div \u010di pl\u00e1novanie rodi\u010dovstva \u2013 DNA Health test pozn\u00e1 odpovede. Spoznajte sa v\u010faka DNA.\" \/>\n<meta name=\"robots\" content=\"noindex, nofollow\" \/>\n<meta property=\"og:locale\" content=\"hu_HU\" \/>\n<meta property=\"og:type\" content=\"article\" \/>\n<meta property=\"og:title\" content=\"DNA Health test | DNA ERA\" \/>\n<meta property=\"og:description\" content=\"Zdravotn\u00e9 rizik\u00e1, tolerancia lie\u010div \u010di pl\u00e1novanie rodi\u010dovstva \u2013 DNA Health test pozn\u00e1 odpovede.\" \/>\n<meta property=\"og:url\" content=\"https:\/\/dnaera.com\/hu\/produkt\/dna-health-test-darcekova-poukazka\/\" \/>\n<meta property=\"og:site_name\" content=\"DNA ERA HU\" \/>\n<meta property=\"article:modified_time\" content=\"2025-05-05T17:21:36+00:00\" \/>\n<meta property=\"og:image\" content=\"https:\/\/dnaera.com\/hu\/wp-content\/uploads\/sites\/7\/2021\/05\/health_cover_web.jpg\" \/>\n\t<meta property=\"og:image:width\" content=\"1200\" \/>\n\t<meta property=\"og:image:height\" content=\"628\" \/>\n\t<meta property=\"og:image:type\" content=\"image\/jpeg\" \/>\n<meta name=\"twitter:card\" content=\"summary_large_image\" \/>\n<meta name=\"twitter:label1\" content=\"Becs\u00fclt olvas\u00e1si id\u0151\" \/>\n\t<meta name=\"twitter:data1\" content=\"1 perc\" \/>\n<script type=\"application\/ld+json\" class=\"yoast-schema-graph\">{\"@context\":\"https:\\\/\\\/schema.org\",\"@graph\":[{\"@type\":\"WebPage\",\"@id\":\"https:\\\/\\\/dnaera.com\\\/hu\\\/produkt\\\/dna-health-test-darcekova-poukazka\\\/\",\"url\":\"https:\\\/\\\/dnaera.com\\\/hu\\\/produkt\\\/dna-health-test-darcekova-poukazka\\\/\",\"name\":\"Dar\u010dekov\u00e1 pouk\u00e1\u017eka - DNA Health test - DNA ERA HU\",\"isPartOf\":{\"@id\":\"https:\\\/\\\/dnaera.com\\\/hu\\\/#website\"},\"primaryImageOfPage\":{\"@id\":\"https:\\\/\\\/dnaera.com\\\/hu\\\/produkt\\\/dna-health-test-darcekova-poukazka\\\/#primaryimage\"},\"image\":{\"@id\":\"https:\\\/\\\/dnaera.com\\\/hu\\\/produkt\\\/dna-health-test-darcekova-poukazka\\\/#primaryimage\"},\"thumbnailUrl\":\"https:\\\/\\\/dnaera.com\\\/hu\\\/wp-content\\\/uploads\\\/sites\\\/7\\\/2022\\\/09\\\/colimg-test-health.png\",\"datePublished\":\"2021-12-16T09:09:11+00:00\",\"dateModified\":\"2025-05-05T17:21:36+00:00\",\"description\":\"Zdravotn\u00e9 rizik\u00e1, tolerancia lie\u010div \u010di pl\u00e1novanie rodi\u010dovstva \u2013 DNA Health test pozn\u00e1 odpovede. Spoznajte sa v\u010faka DNA.\",\"breadcrumb\":{\"@id\":\"https:\\\/\\\/dnaera.com\\\/hu\\\/produkt\\\/dna-health-test-darcekova-poukazka\\\/#breadcrumb\"},\"inLanguage\":\"hu\",\"potentialAction\":[{\"@type\":\"ReadAction\",\"target\":[\"https:\\\/\\\/dnaera.com\\\/hu\\\/produkt\\\/dna-health-test-darcekova-poukazka\\\/\"]}]},{\"@type\":\"ImageObject\",\"inLanguage\":\"hu\",\"@id\":\"https:\\\/\\\/dnaera.com\\\/hu\\\/produkt\\\/dna-health-test-darcekova-poukazka\\\/#primaryimage\",\"url\":\"https:\\\/\\\/dnaera.com\\\/hu\\\/wp-content\\\/uploads\\\/sites\\\/7\\\/2022\\\/09\\\/colimg-test-health.png\",\"contentUrl\":\"https:\\\/\\\/dnaera.com\\\/hu\\\/wp-content\\\/uploads\\\/sites\\\/7\\\/2022\\\/09\\\/colimg-test-health.png\",\"width\":256,\"height\":320},{\"@type\":\"BreadcrumbList\",\"@id\":\"https:\\\/\\\/dnaera.com\\\/hu\\\/produkt\\\/dna-health-test-darcekova-poukazka\\\/#breadcrumb\",\"itemListElement\":[{\"@type\":\"ListItem\",\"position\":1,\"name\":\"Domovsk\u00e1 str\u00e1nka\",\"item\":\"https:\\\/\\\/dnaera.com\\\/hu\\\/\"},{\"@type\":\"ListItem\",\"position\":2,\"name\":\"Obchod\",\"item\":\"https:\\\/\\\/dnaera.com\\\/hu\\\/obchod\\\/\"},{\"@type\":\"ListItem\",\"position\":3,\"name\":\"Dar\u010dekov\u00e1 pouk\u00e1\u017eka &#8211; DNA Health test\"}]},{\"@type\":\"WebSite\",\"@id\":\"https:\\\/\\\/dnaera.com\\\/hu\\\/#website\",\"url\":\"https:\\\/\\\/dnaera.com\\\/hu\\\/\",\"name\":\"DNA ERA HU\",\"description\":\"DNS-teszt, genetikai vizsg\u00e1lat \u00e9s DNS-elemz\u00e9s\",\"publisher\":{\"@id\":\"https:\\\/\\\/dnaera.com\\\/hu\\\/#organization\"},\"potentialAction\":[{\"@type\":\"SearchAction\",\"target\":{\"@type\":\"EntryPoint\",\"urlTemplate\":\"https:\\\/\\\/dnaera.com\\\/hu\\\/?s={search_term_string}\"},\"query-input\":{\"@type\":\"PropertyValueSpecification\",\"valueRequired\":true,\"valueName\":\"search_term_string\"}}],\"inLanguage\":\"hu\"},{\"@type\":\"Organization\",\"@id\":\"https:\\\/\\\/dnaera.com\\\/hu\\\/#organization\",\"name\":\"DNA ERA HU\",\"url\":\"https:\\\/\\\/dnaera.com\\\/hu\\\/\",\"logo\":{\"@type\":\"ImageObject\",\"inLanguage\":\"hu\",\"@id\":\"https:\\\/\\\/dnaera.com\\\/hu\\\/#\\\/schema\\\/logo\\\/image\\\/\",\"url\":\"https:\\\/\\\/dnaera.com\\\/hu\\\/wp-content\\\/uploads\\\/sites\\\/7\\\/2021\\\/05\\\/Main_Logo.svg\",\"contentUrl\":\"https:\\\/\\\/dnaera.com\\\/hu\\\/wp-content\\\/uploads\\\/sites\\\/7\\\/2021\\\/05\\\/Main_Logo.svg\",\"width\":159,\"height\":20,\"caption\":\"DNA ERA HU\"},\"image\":{\"@id\":\"https:\\\/\\\/dnaera.com\\\/hu\\\/#\\\/schema\\\/logo\\\/image\\\/\"}}]}<\/script>\n<!-- \/ Yoast SEO plugin. -->","yoast_head_json":{"title":"Dar\u010dekov\u00e1 pouk\u00e1\u017eka - DNA Health test - DNA ERA HU","description":"Zdravotn\u00e9 rizik\u00e1, tolerancia lie\u010div \u010di pl\u00e1novanie rodi\u010dovstva \u2013 DNA Health test pozn\u00e1 odpovede. Spoznajte sa v\u010faka DNA.","robots":{"index":"noindex","follow":"nofollow"},"og_locale":"hu_HU","og_type":"article","og_title":"DNA Health test | DNA ERA","og_description":"Zdravotn\u00e9 rizik\u00e1, tolerancia lie\u010div \u010di pl\u00e1novanie rodi\u010dovstva \u2013 DNA Health test pozn\u00e1 odpovede.","og_url":"https:\/\/dnaera.com\/hu\/produkt\/dna-health-test-darcekova-poukazka\/","og_site_name":"DNA ERA HU","article_modified_time":"2025-05-05T17:21:36+00:00","og_image":[{"width":1200,"height":628,"url":"https:\/\/dnaera.com\/hu\/wp-content\/uploads\/sites\/7\/2021\/05\/health_cover_web.jpg","type":"image\/jpeg"}],"twitter_card":"summary_large_image","twitter_misc":{"Becs\u00fclt olvas\u00e1si id\u0151":"1 perc"},"schema":{"@context":"https:\/\/schema.org","@graph":[{"@type":"WebPage","@id":"https:\/\/dnaera.com\/hu\/produkt\/dna-health-test-darcekova-poukazka\/","url":"https:\/\/dnaera.com\/hu\/produkt\/dna-health-test-darcekova-poukazka\/","name":"Dar\u010dekov\u00e1 pouk\u00e1\u017eka - DNA Health test - DNA ERA HU","isPartOf":{"@id":"https:\/\/dnaera.com\/hu\/#website"},"primaryImageOfPage":{"@id":"https:\/\/dnaera.com\/hu\/produkt\/dna-health-test-darcekova-poukazka\/#primaryimage"},"image":{"@id":"https:\/\/dnaera.com\/hu\/produkt\/dna-health-test-darcekova-poukazka\/#primaryimage"},"thumbnailUrl":"https:\/\/dnaera.com\/hu\/wp-content\/uploads\/sites\/7\/2022\/09\/colimg-test-health.png","datePublished":"2021-12-16T09:09:11+00:00","dateModified":"2025-05-05T17:21:36+00:00","description":"Zdravotn\u00e9 rizik\u00e1, tolerancia lie\u010div \u010di pl\u00e1novanie rodi\u010dovstva \u2013 DNA Health test pozn\u00e1 odpovede. Spoznajte sa v\u010faka DNA.","breadcrumb":{"@id":"https:\/\/dnaera.com\/hu\/produkt\/dna-health-test-darcekova-poukazka\/#breadcrumb"},"inLanguage":"hu","potentialAction":[{"@type":"ReadAction","target":["https:\/\/dnaera.com\/hu\/produkt\/dna-health-test-darcekova-poukazka\/"]}]},{"@type":"ImageObject","inLanguage":"hu","@id":"https:\/\/dnaera.com\/hu\/produkt\/dna-health-test-darcekova-poukazka\/#primaryimage","url":"https:\/\/dnaera.com\/hu\/wp-content\/uploads\/sites\/7\/2022\/09\/colimg-test-health.png","contentUrl":"https:\/\/dnaera.com\/hu\/wp-content\/uploads\/sites\/7\/2022\/09\/colimg-test-health.png","width":256,"height":320},{"@type":"BreadcrumbList","@id":"https:\/\/dnaera.com\/hu\/produkt\/dna-health-test-darcekova-poukazka\/#breadcrumb","itemListElement":[{"@type":"ListItem","position":1,"name":"Domovsk\u00e1 str\u00e1nka","item":"https:\/\/dnaera.com\/hu\/"},{"@type":"ListItem","position":2,"name":"Obchod","item":"https:\/\/dnaera.com\/hu\/obchod\/"},{"@type":"ListItem","position":3,"name":"Dar\u010dekov\u00e1 pouk\u00e1\u017eka &#8211; DNA Health test"}]},{"@type":"WebSite","@id":"https:\/\/dnaera.com\/hu\/#website","url":"https:\/\/dnaera.com\/hu\/","name":"DNA ERA HU","description":"DNS-teszt, genetikai vizsg\u00e1lat \u00e9s DNS-elemz\u00e9s","publisher":{"@id":"https:\/\/dnaera.com\/hu\/#organization"},"potentialAction":[{"@type":"SearchAction","target":{"@type":"EntryPoint","urlTemplate":"https:\/\/dnaera.com\/hu\/?s={search_term_string}"},"query-input":{"@type":"PropertyValueSpecification","valueRequired":true,"valueName":"search_term_string"}}],"inLanguage":"hu"},{"@type":"Organization","@id":"https:\/\/dnaera.com\/hu\/#organization","name":"DNA ERA HU","url":"https:\/\/dnaera.com\/hu\/","logo":{"@type":"ImageObject","inLanguage":"hu","@id":"https:\/\/dnaera.com\/hu\/#\/schema\/logo\/image\/","url":"https:\/\/dnaera.com\/hu\/wp-content\/uploads\/sites\/7\/2021\/05\/Main_Logo.svg","contentUrl":"https:\/\/dnaera.com\/hu\/wp-content\/uploads\/sites\/7\/2021\/05\/Main_Logo.svg","width":159,"height":20,"caption":"DNA ERA HU"},"image":{"@id":"https:\/\/dnaera.com\/hu\/#\/schema\/logo\/image\/"}}]}},"_links":{"self":[{"href":"https:\/\/dnaera.com\/hu\/wp-json\/wp\/v2\/product\/1355281","targetHints":{"allow":["GET"]}}],"collection":[{"href":"https:\/\/dnaera.com\/hu\/wp-json\/wp\/v2\/product"}],"about":[{"href":"https:\/\/dnaera.com\/hu\/wp-json\/wp\/v2\/types\/product"}],"version-history":[{"count":4,"href":"https:\/\/dnaera.com\/hu\/wp-json\/wp\/v2\/product\/1355281\/revisions"}],"predecessor-version":[{"id":1367095,"href":"https:\/\/dnaera.com\/hu\/wp-json\/wp\/v2\/product\/1355281\/revisions\/1367095"}],"wp:featuredmedia":[{"embeddable":true,"href":"https:\/\/dnaera.com\/hu\/wp-json\/wp\/v2\/media\/1369824"}],"wp:attachment":[{"href":"https:\/\/dnaera.com\/hu\/wp-json\/wp\/v2\/media?parent=1355281"}],"wp:term":[{"taxonomy":"product_brand","embeddable":true,"href":"https:\/\/dnaera.com\/hu\/wp-json\/wp\/v2\/product_brand?post=1355281"},{"taxonomy":"product_cat","embeddable":true,"href":"https:\/\/dnaera.com\/hu\/wp-json\/wp\/v2\/product_cat?post=1355281"},{"taxonomy":"product_tag","embeddable":true,"href":"https:\/\/dnaera.com\/hu\/wp-json\/wp\/v2\/product_tag?post=1355281"}],"curies":[{"name":"wp","href":"https:\/\/api.w.org\/{rel}","templated":true}]}}