{"id":28,"date":"2021-05-03T13:56:13","date_gmt":"2021-05-03T11:56:13","guid":{"rendered":"https:\/\/dnaera.com\/hu\/kosik\/"},"modified":"2022-10-13T19:59:24","modified_gmt":"2022-10-13T17:59:24","slug":"kosik","status":"publish","type":"page","link":"https:\/\/dnaera.com\/hu\/kosik\/","title":{"rendered":"Ko\u0161\u00edk"},"content":{"rendered":"\t\t<div data-elementor-type=\"wp-page\" data-elementor-id=\"28\" class=\"elementor elementor-28\" data-elementor-post-type=\"page\">\n\t\t\t\t\t\t<section class=\"elementor-section elementor-top-section elementor-element elementor-element-6354467 elementor-section-boxed elementor-section-height-default elementor-section-height-default\" data-id=\"6354467\" data-element_type=\"section\" data-settings=\"{&quot;background_background&quot;:&quot;classic&quot;}\">\n\t\t\t\t\t\t<div class=\"elementor-container elementor-column-gap-default\">\n\t\t\t\t\t<div class=\"elementor-column elementor-col-100 elementor-top-column elementor-element elementor-element-6ece841\" data-id=\"6ece841\" data-element_type=\"column\" data-settings=\"{&quot;background_background&quot;:&quot;classic&quot;}\">\n\t\t\t<div class=\"elementor-widget-wrap elementor-element-populated\">\n\t\t\t\t\t\t\t<\/div>\n\t\t<\/div>\n\t\t\t\t\t<\/div>\n\t\t<\/section>\n\t\t\t\t<section class=\"elementor-section elementor-top-section elementor-element elementor-element-1581187 elementor-section-boxed elementor-section-height-default elementor-section-height-default\" data-id=\"1581187\" data-element_type=\"section\">\n\t\t\t\t\t\t<div class=\"elementor-container elementor-column-gap-default\">\n\t\t\t\t\t<div class=\"elementor-column elementor-col-100 elementor-top-column elementor-element elementor-element-8f79dc5\" data-id=\"8f79dc5\" data-element_type=\"column\">\n\t\t\t<div class=\"elementor-widget-wrap elementor-element-populated\">\n\t\t\t\t\t\t<div class=\"elementor-element elementor-element-59b1680 elementor-align-center elementor-widget elementor-widget-button\" data-id=\"59b1680\" data-element_type=\"widget\" data-widget_type=\"button.default\">\n\t\t\t\t<div class=\"elementor-widget-container\">\n\t\t\t\t\t\t\t\t\t<div class=\"elementor-button-wrapper\">\n\t\t\t\t\t<a class=\"elementor-button elementor-button-link elementor-size-sm\" href=\"\/#products_section\">\n\t\t\t\t\t\t<span class=\"elementor-button-content-wrapper\">\n\t\t\t\t\t\t\t\t\t<span class=\"elementor-button-text\">Pozrite si na\u0161e produkty<\/span>\n\t\t\t\t\t<\/span>\n\t\t\t\t\t<\/a>\n\t\t\t\t<\/div>\n\t\t\t\t\t\t\t\t<\/div>\n\t\t\t\t<\/div>\n\t\t\t\t\t<\/div>\n\t\t<\/div>\n\t\t\t\t\t<\/div>\n\t\t<\/section>\n\t\t\t\t<\/div>\n\t\t","protected":false},"excerpt":{"rendered":"<p>Pozrite si na\u0161e produkty<\/p>\n","protected":false},"author":1,"featured_media":0,"parent":0,"menu_order":0,"comment_status":"closed","ping_status":"closed","template":"","meta":{"_acf_changed":false,"content-type":"","inline_featured_image":false,"footnotes":""},"class_list":["post-28","page","type-page","status-publish","hentry"],"acf":[],"yoast_head":"<!-- This site is optimized with the Yoast SEO plugin v27.2 - https:\/\/yoast.com\/product\/yoast-seo-wordpress\/ -->\n<title>Ko\u0161\u00edk - DNA ERA HU<\/title>\n<meta name=\"robots\" content=\"noindex, follow, max-snippet:-1, max-image-preview:large, max-video-preview:-1\" \/>\n<meta property=\"og:locale\" content=\"hu_HU\" \/>\n<meta property=\"og:type\" content=\"article\" \/>\n<meta property=\"og:title\" content=\"Ko\u0161\u00edk - DNA ERA HU\" \/>\n<meta property=\"og:description\" content=\"Pozrite si na\u0161e produkty\" \/>\n<meta property=\"og:url\" content=\"https:\/\/dnaera.com\/hu\/kosik\/\" \/>\n<meta property=\"og:site_name\" content=\"DNA ERA HU\" \/>\n<meta property=\"article:modified_time\" content=\"2022-10-13T17:59:24+00:00\" \/>\n<meta name=\"twitter:card\" content=\"summary_large_image\" \/>\n<meta name=\"twitter:label1\" content=\"Becs\u00fclt olvas\u00e1si id\u0151\" \/>\n\t<meta name=\"twitter:data1\" content=\"2 perc\" \/>\n<script type=\"application\/ld+json\" class=\"yoast-schema-graph\">{\"@context\":\"https:\/\/schema.org\",\"@graph\":[{\"@type\":\"WebPage\",\"@id\":\"https:\/\/dnaera.com\/hu\/kosik\/\",\"url\":\"https:\/\/dnaera.com\/hu\/kosik\/\",\"name\":\"Ko\u0161\u00edk - DNA ERA HU\",\"isPartOf\":{\"@id\":\"https:\/\/dnaera.com\/hu\/#website\"},\"datePublished\":\"2021-05-03T11:56:13+00:00\",\"dateModified\":\"2022-10-13T17:59:24+00:00\",\"breadcrumb\":{\"@id\":\"https:\/\/dnaera.com\/hu\/kosik\/#breadcrumb\"},\"inLanguage\":\"hu\",\"potentialAction\":[{\"@type\":\"ReadAction\",\"target\":[\"https:\/\/dnaera.com\/hu\/kosik\/\"]}]},{\"@type\":\"BreadcrumbList\",\"@id\":\"https:\/\/dnaera.com\/hu\/kosik\/#breadcrumb\",\"itemListElement\":[{\"@type\":\"ListItem\",\"position\":1,\"name\":\"Domovsk\u00e1 str\u00e1nka\",\"item\":\"https:\/\/dnaera.com\/hu\/\"},{\"@type\":\"ListItem\",\"position\":2,\"name\":\"Ko\u0161\u00edk\"}]},{\"@type\":\"WebSite\",\"@id\":\"https:\/\/dnaera.com\/hu\/#website\",\"url\":\"https:\/\/dnaera.com\/hu\/\",\"name\":\"DNA ERA HU\",\"description\":\"DNS-teszt, genetikai vizsg\u00e1lat \u00e9s DNS-elemz\u00e9s\",\"publisher\":{\"@id\":\"https:\/\/dnaera.com\/hu\/#organization\"},\"potentialAction\":[{\"@type\":\"SearchAction\",\"target\":{\"@type\":\"EntryPoint\",\"urlTemplate\":\"https:\/\/dnaera.com\/hu\/?s={search_term_string}\"},\"query-input\":{\"@type\":\"PropertyValueSpecification\",\"valueRequired\":true,\"valueName\":\"search_term_string\"}}],\"inLanguage\":\"hu\"},{\"@type\":\"Organization\",\"@id\":\"https:\/\/dnaera.com\/hu\/#organization\",\"name\":\"DNA ERA HU\",\"url\":\"https:\/\/dnaera.com\/hu\/\",\"logo\":{\"@type\":\"ImageObject\",\"inLanguage\":\"hu\",\"@id\":\"https:\/\/dnaera.com\/hu\/#\/schema\/logo\/image\/\",\"url\":\"https:\/\/dnaera.com\/hu\/wp-content\/uploads\/sites\/7\/2021\/05\/Main_Logo.svg\",\"contentUrl\":\"https:\/\/dnaera.com\/hu\/wp-content\/uploads\/sites\/7\/2021\/05\/Main_Logo.svg\",\"width\":159,\"height\":20,\"caption\":\"DNA ERA HU\"},\"image\":{\"@id\":\"https:\/\/dnaera.com\/hu\/#\/schema\/logo\/image\/\"}}]}<\/script>\n<!-- \/ Yoast SEO plugin. -->","yoast_head_json":{"title":"Ko\u0161\u00edk - DNA ERA HU","robots":{"index":"noindex","follow":"follow","max-snippet":"max-snippet:-1","max-image-preview":"max-image-preview:large","max-video-preview":"max-video-preview:-1"},"og_locale":"hu_HU","og_type":"article","og_title":"Ko\u0161\u00edk - DNA ERA HU","og_description":"Pozrite si na\u0161e produkty","og_url":"https:\/\/dnaera.com\/hu\/kosik\/","og_site_name":"DNA ERA HU","article_modified_time":"2022-10-13T17:59:24+00:00","twitter_card":"summary_large_image","twitter_misc":{"Becs\u00fclt olvas\u00e1si id\u0151":"2 perc"},"schema":{"@context":"https:\/\/schema.org","@graph":[{"@type":"WebPage","@id":"https:\/\/dnaera.com\/hu\/kosik\/","url":"https:\/\/dnaera.com\/hu\/kosik\/","name":"Ko\u0161\u00edk - DNA ERA HU","isPartOf":{"@id":"https:\/\/dnaera.com\/hu\/#website"},"datePublished":"2021-05-03T11:56:13+00:00","dateModified":"2022-10-13T17:59:24+00:00","breadcrumb":{"@id":"https:\/\/dnaera.com\/hu\/kosik\/#breadcrumb"},"inLanguage":"hu","potentialAction":[{"@type":"ReadAction","target":["https:\/\/dnaera.com\/hu\/kosik\/"]}]},{"@type":"BreadcrumbList","@id":"https:\/\/dnaera.com\/hu\/kosik\/#breadcrumb","itemListElement":[{"@type":"ListItem","position":1,"name":"Domovsk\u00e1 str\u00e1nka","item":"https:\/\/dnaera.com\/hu\/"},{"@type":"ListItem","position":2,"name":"Ko\u0161\u00edk"}]},{"@type":"WebSite","@id":"https:\/\/dnaera.com\/hu\/#website","url":"https:\/\/dnaera.com\/hu\/","name":"DNA ERA HU","description":"DNS-teszt, genetikai vizsg\u00e1lat \u00e9s DNS-elemz\u00e9s","publisher":{"@id":"https:\/\/dnaera.com\/hu\/#organization"},"potentialAction":[{"@type":"SearchAction","target":{"@type":"EntryPoint","urlTemplate":"https:\/\/dnaera.com\/hu\/?s={search_term_string}"},"query-input":{"@type":"PropertyValueSpecification","valueRequired":true,"valueName":"search_term_string"}}],"inLanguage":"hu"},{"@type":"Organization","@id":"https:\/\/dnaera.com\/hu\/#organization","name":"DNA ERA HU","url":"https:\/\/dnaera.com\/hu\/","logo":{"@type":"ImageObject","inLanguage":"hu","@id":"https:\/\/dnaera.com\/hu\/#\/schema\/logo\/image\/","url":"https:\/\/dnaera.com\/hu\/wp-content\/uploads\/sites\/7\/2021\/05\/Main_Logo.svg","contentUrl":"https:\/\/dnaera.com\/hu\/wp-content\/uploads\/sites\/7\/2021\/05\/Main_Logo.svg","width":159,"height":20,"caption":"DNA ERA HU"},"image":{"@id":"https:\/\/dnaera.com\/hu\/#\/schema\/logo\/image\/"}}]}},"_links":{"self":[{"href":"https:\/\/dnaera.com\/hu\/wp-json\/wp\/v2\/pages\/28","targetHints":{"allow":["GET"]}}],"collection":[{"href":"https:\/\/dnaera.com\/hu\/wp-json\/wp\/v2\/pages"}],"about":[{"href":"https:\/\/dnaera.com\/hu\/wp-json\/wp\/v2\/types\/page"}],"author":[{"embeddable":true,"href":"https:\/\/dnaera.com\/hu\/wp-json\/wp\/v2\/users\/1"}],"replies":[{"embeddable":true,"href":"https:\/\/dnaera.com\/hu\/wp-json\/wp\/v2\/comments?post=28"}],"version-history":[{"count":5,"href":"https:\/\/dnaera.com\/hu\/wp-json\/wp\/v2\/pages\/28\/revisions"}],"predecessor-version":[{"id":1370385,"href":"https:\/\/dnaera.com\/hu\/wp-json\/wp\/v2\/pages\/28\/revisions\/1370385"}],"wp:attachment":[{"href":"https:\/\/dnaera.com\/hu\/wp-json\/wp\/v2\/media?parent=28"}],"curies":[{"name":"wp","href":"https:\/\/api.w.org\/{rel}","templated":true}]}}