{"id":24,"date":"2021-05-03T13:55:26","date_gmt":"2021-05-03T13:55:26","guid":{"rendered":"https:\/\/dnaera.com\/hu\/?page_id=24"},"modified":"2025-12-17T10:18:08","modified_gmt":"2025-12-17T09:18:08","slug":"kapcsolat","status":"publish","type":"page","link":"https:\/\/dnaera.com\/hu\/kapcsolat\/","title":{"rendered":"Kontakt"},"content":{"rendered":"\t\t<div data-elementor-type=\"wp-page\" data-elementor-id=\"24\" class=\"elementor elementor-24\" data-elementor-post-type=\"page\">\n\t\t\t\t\t\t<section class=\"elementor-section elementor-top-section elementor-element elementor-element-499c429 elementor-section-boxed elementor-section-height-default elementor-section-height-default\" data-id=\"499c429\" data-element_type=\"section\">\n\t\t\t\t\t\t<div class=\"elementor-container elementor-column-gap-default\">\n\t\t\t\t\t<div class=\"elementor-column elementor-col-100 elementor-top-column elementor-element elementor-element-60ca04d\" data-id=\"60ca04d\" data-element_type=\"column\">\n\t\t\t<div class=\"elementor-widget-wrap elementor-element-populated\">\n\t\t\t\t\t\t<div class=\"elementor-element elementor-element-184aa8a elementor-widget elementor-widget-spacer\" data-id=\"184aa8a\" data-element_type=\"widget\" data-widget_type=\"spacer.default\">\n\t\t\t\t<div class=\"elementor-widget-container\">\n\t\t\t\t\t\t\t<div class=\"elementor-spacer\">\n\t\t\t<div class=\"elementor-spacer-inner\"><\/div>\n\t\t<\/div>\n\t\t\t\t\t\t<\/div>\n\t\t\t\t<\/div>\n\t\t\t\t\t<\/div>\n\t\t<\/div>\n\t\t\t\t\t<\/div>\n\t\t<\/section>\n\t\t\t\t<section class=\"elementor-section elementor-top-section elementor-element elementor-element-ae800c1 elementor-section-boxed elementor-section-height-default elementor-section-height-default\" data-id=\"ae800c1\" data-element_type=\"section\">\n\t\t\t\t\t\t<div class=\"elementor-container elementor-column-gap-default\">\n\t\t\t\t\t<div class=\"elementor-column elementor-col-100 elementor-top-column elementor-element elementor-element-cd3ef96\" data-id=\"cd3ef96\" data-element_type=\"column\">\n\t\t\t<div class=\"elementor-widget-wrap elementor-element-populated\">\n\t\t\t\t\t\t<div class=\"elementor-element elementor-element-a7a54e3 elementor-widget elementor-widget-heading\" data-id=\"a7a54e3\" data-element_type=\"widget\" data-widget_type=\"heading.default\">\n\t\t\t\t<div class=\"elementor-widget-container\">\n\t\t\t\t\t<h2 class=\"elementor-heading-title elementor-size-default\">Felkeltett\u00fck \u00e9rdekl\u0151d\u00e9s\u00e9t? <\/h2>\t\t\t\t<\/div>\n\t\t\t\t<\/div>\n\t\t\t\t\t<\/div>\n\t\t<\/div>\n\t\t\t\t\t<\/div>\n\t\t<\/section>\n\t\t\t\t<section class=\"elementor-section elementor-top-section elementor-element elementor-element-dbe5cea elementor-section-boxed elementor-section-height-default elementor-section-height-default\" data-id=\"dbe5cea\" data-element_type=\"section\">\n\t\t\t\t\t\t<div class=\"elementor-container elementor-column-gap-default\">\n\t\t\t\t\t<div class=\"elementor-column elementor-col-100 elementor-top-column elementor-element elementor-element-0bbdd99\" data-id=\"0bbdd99\" data-element_type=\"column\">\n\t\t\t<div class=\"elementor-widget-wrap elementor-element-populated\">\n\t\t\t\t\t\t<div class=\"elementor-element elementor-element-80d72fd elementor-widget elementor-widget-spacer\" data-id=\"80d72fd\" data-element_type=\"widget\" data-widget_type=\"spacer.default\">\n\t\t\t\t<div class=\"elementor-widget-container\">\n\t\t\t\t\t\t\t<div class=\"elementor-spacer\">\n\t\t\t<div class=\"elementor-spacer-inner\"><\/div>\n\t\t<\/div>\n\t\t\t\t\t\t<\/div>\n\t\t\t\t<\/div>\n\t\t\t\t\t<\/div>\n\t\t<\/div>\n\t\t\t\t\t<\/div>\n\t\t<\/section>\n\t\t\t\t<section class=\"elementor-section elementor-top-section elementor-element elementor-element-4ad5532 elementor-section-boxed elementor-section-height-default elementor-section-height-default\" data-id=\"4ad5532\" data-element_type=\"section\">\n\t\t\t\t\t\t<div class=\"elementor-container elementor-column-gap-default\">\n\t\t\t\t\t<div class=\"elementor-column elementor-col-100 elementor-top-column elementor-element elementor-element-c3bef1e\" data-id=\"c3bef1e\" data-element_type=\"column\">\n\t\t\t<div class=\"elementor-widget-wrap elementor-element-populated\">\n\t\t\t\t\t\t<div class=\"elementor-element elementor-element-693eb52 elementor-widget elementor-widget-text-editor\" data-id=\"693eb52\" data-element_type=\"widget\" data-widget_type=\"text-editor.default\">\n\t\t\t\t<div class=\"elementor-widget-container\">\n\t\t\t\t\t\t\t\t\t<h2><span lang=\"HU\" style=\"color: #465ac8\">L\u00e9pjen vel\u00fcnk kapcsolatba!<\/span><\/h2><div>\u00a0<\/div><div><span lang=\"HU\">Ha tov\u00e1bbi inform\u00e1ci\u00f3kat szeretne kapni term\u00e9keinkr\u0151l \u00e9s szolg\u00e1ltat\u00e1sainkr\u00f3l, vegye fel vel\u00fcnk a kapcsolatot, \u00e9s mi azonnal v\u00e1laszolunk \u00d6nnek.<\/span><\/div><div>\u00a0<\/div><div><span lang=\"HU\">E-mail-c\u00edm<\/span><span style=\"font-weight: 400\">: <a href=\"mailto:info@dnaera.com\">info@dnaera.com<\/a><\/span><\/div><div>\u00a0<\/div><p><strong>DNA ERA s.r.o.<\/strong><span style=\"font-weight: 400\"><br \/><\/span><span style=\"font-weight: 400\">City Business Center I (CBC I)<\/span><span style=\"font-weight: 400\"><br \/><\/span><span style=\"font-weight: 400\">Karad\u017ei\u010dova 8<\/span><span style=\"font-weight: 400\"><br \/><\/span><span style=\"font-weight: 400\">821 08 Bratislava<\/span><\/p><p><span style=\"font-weight: 400\">Szlov\u00e1kia<\/span><\/p><div><a href=\"https:\/\/g.page\/DNAERA?share\"><span lang=\"HU\">Megtekint\u00e9s a t\u00e9rk\u00e9pen<\/span><\/a><\/div>\t\t\t\t\t\t\t\t<\/div>\n\t\t\t\t<\/div>\n\t\t\t\t<div class=\"elementor-element elementor-element-ca38848 elementor-hidden-desktop elementor-hidden-tablet elementor-hidden-mobile elementor-widget-divider--view-line elementor-widget elementor-widget-divider\" data-id=\"ca38848\" data-element_type=\"widget\" data-widget_type=\"divider.default\">\n\t\t\t\t<div class=\"elementor-widget-container\">\n\t\t\t\t\t\t\t<div class=\"elementor-divider\">\n\t\t\t<span class=\"elementor-divider-separator\">\n\t\t\t\t\t\t<\/span>\n\t\t<\/div>\n\t\t\t\t\t\t<\/div>\n\t\t\t\t<\/div>\n\t\t\t\t\t<\/div>\n\t\t<\/div>\n\t\t\t\t\t<\/div>\n\t\t<\/section>\n\t\t\t\t<section class=\"elementor-section elementor-top-section elementor-element elementor-element-68e3e7c elementor-section-boxed elementor-section-height-default elementor-section-height-default\" data-id=\"68e3e7c\" data-element_type=\"section\">\n\t\t\t\t\t\t<div class=\"elementor-container elementor-column-gap-default\">\n\t\t\t\t\t<div class=\"elementor-column elementor-col-100 elementor-top-column elementor-element elementor-element-6cb7843\" data-id=\"6cb7843\" data-element_type=\"column\">\n\t\t\t<div class=\"elementor-widget-wrap elementor-element-populated\">\n\t\t\t\t\t\t<div class=\"elementor-element elementor-element-b28dd5e elementor-widget elementor-widget-spacer\" data-id=\"b28dd5e\" data-element_type=\"widget\" data-widget_type=\"spacer.default\">\n\t\t\t\t<div class=\"elementor-widget-container\">\n\t\t\t\t\t\t\t<div class=\"elementor-spacer\">\n\t\t\t<div class=\"elementor-spacer-inner\"><\/div>\n\t\t<\/div>\n\t\t\t\t\t\t<\/div>\n\t\t\t\t<\/div>\n\t\t\t\t\t<\/div>\n\t\t<\/div>\n\t\t\t\t\t<\/div>\n\t\t<\/section>\n\t\t\t\t<section class=\"elementor-section elementor-top-section elementor-element elementor-element-4e13eb3 elementor-hidden-desktop elementor-hidden-tablet elementor-hidden-mobile elementor-section-boxed elementor-section-height-default elementor-section-height-default\" data-id=\"4e13eb3\" data-element_type=\"section\" data-settings=\"{&quot;background_background&quot;:&quot;classic&quot;}\">\n\t\t\t\t\t\t<div class=\"elementor-container elementor-column-gap-default\">\n\t\t\t\t\t<div class=\"elementor-column elementor-col-100 elementor-top-column elementor-element elementor-element-0157e99\" data-id=\"0157e99\" data-element_type=\"column\" data-settings=\"{&quot;background_background&quot;:&quot;classic&quot;}\">\n\t\t\t<div class=\"elementor-widget-wrap elementor-element-populated\">\n\t\t\t\t\t\t\t<\/div>\n\t\t<\/div>\n\t\t\t\t\t<\/div>\n\t\t<\/section>\n\t\t\t\t<\/div>\n\t\t","protected":false},"excerpt":{"rendered":"<p>Felkeltett\u00fck \u00e9rdekl\u0151d\u00e9s\u00e9t? L\u00e9pjen vel\u00fcnk kapcsolatba! \u00a0Ha tov\u00e1bbi inform\u00e1ci\u00f3kat szeretne kapni term\u00e9keinkr\u0151l \u00e9s szolg\u00e1ltat\u00e1sainkr\u00f3l, vegye fel vel\u00fcnk a kapcsolatot, \u00e9s mi azonnal v\u00e1laszolunk \u00d6nnek.\u00a0E-mail-c\u00edm: info@dnaera.com\u00a0 DNA ERA s.r.o.City Business Center I (CBC I)Karad\u017ei\u010dova 8821 08 Bratislava Szlov\u00e1kia Megtekint\u00e9s a t\u00e9rk\u00e9pen<\/p>\n","protected":false},"author":1,"featured_media":0,"parent":0,"menu_order":0,"comment_status":"closed","ping_status":"closed","template":"","meta":{"_acf_changed":false,"content-type":"","inline_featured_image":false,"footnotes":""},"class_list":["post-24","page","type-page","status-publish","hentry"],"acf":[],"yoast_head":"<!-- This site is optimized with the Yoast SEO plugin v27.2 - https:\/\/yoast.com\/product\/yoast-seo-wordpress\/ -->\n<title>Kapcsolat \u2502 DNA ERA<\/title>\n<meta name=\"description\" content=\"Ha b\u00e1rmilyen k\u00e9rd\u00e9se van, k\u00e9rj\u00fck, ne habozzon kapcsolatba l\u00e9pni vel\u00fcnk e-mailben vagy telefonon. \u00d6r\u00f6mmel v\u00e1laszolunk minden k\u00e9rd\u00e9s\u00e9re.\" \/>\n<meta name=\"robots\" content=\"noindex, follow, max-snippet:-1, max-image-preview:large, max-video-preview:-1\" \/>\n<meta property=\"og:locale\" content=\"hu_HU\" \/>\n<meta property=\"og:type\" content=\"article\" \/>\n<meta property=\"og:title\" content=\"Kontakt na n\u00e1s \u2502 DNA ERA\" \/>\n<meta property=\"og:description\" content=\"V pr\u00edpade ak\u00fdchko\u013evek ot\u00e1zok n\u00e1s nev\u00e1hajte kontaktova\u0165 prostredn\u00edctvom e-mailu alebo telefonicky. Radi V\u00e1m na v\u0161etky ot\u00e1zky odpovieme.\" \/>\n<meta property=\"og:url\" content=\"https:\/\/dnaera.com\/hu\/kapcsolat\/\" \/>\n<meta property=\"og:site_name\" content=\"DNA ERA HU\" \/>\n<meta property=\"article:modified_time\" content=\"2025-12-17T09:18:08+00:00\" \/>\n<meta property=\"og:image\" content=\"https:\/\/dnaera.com\/hu\/wp-content\/uploads\/sites\/7\/2022\/02\/cover_FB_zdielanie.png\" \/>\n\t<meta property=\"og:image:width\" content=\"1200\" \/>\n\t<meta property=\"og:image:height\" content=\"628\" \/>\n\t<meta property=\"og:image:type\" content=\"image\/png\" \/>\n<meta name=\"twitter:card\" content=\"summary_large_image\" \/>\n<meta name=\"twitter:label1\" content=\"Becs\u00fclt olvas\u00e1si id\u0151\" \/>\n\t<meta name=\"twitter:data1\" content=\"1 perc\" \/>\n<script type=\"application\/ld+json\" class=\"yoast-schema-graph\">{\"@context\":\"https:\/\/schema.org\",\"@graph\":[{\"@type\":\"WebPage\",\"@id\":\"https:\/\/dnaera.com\/hu\/kapcsolat\/\",\"url\":\"https:\/\/dnaera.com\/hu\/kapcsolat\/\",\"name\":\"Kapcsolat \u2502 DNA ERA\",\"isPartOf\":{\"@id\":\"https:\/\/dnaera.com\/hu\/#website\"},\"datePublished\":\"2021-05-03T13:55:26+00:00\",\"dateModified\":\"2025-12-17T09:18:08+00:00\",\"description\":\"Ha b\u00e1rmilyen k\u00e9rd\u00e9se van, k\u00e9rj\u00fck, ne habozzon kapcsolatba l\u00e9pni vel\u00fcnk e-mailben vagy telefonon. \u00d6r\u00f6mmel v\u00e1laszolunk minden k\u00e9rd\u00e9s\u00e9re.\",\"breadcrumb\":{\"@id\":\"https:\/\/dnaera.com\/hu\/kapcsolat\/#breadcrumb\"},\"inLanguage\":\"hu\",\"potentialAction\":[{\"@type\":\"ReadAction\",\"target\":[\"https:\/\/dnaera.com\/hu\/kapcsolat\/\"]}]},{\"@type\":\"BreadcrumbList\",\"@id\":\"https:\/\/dnaera.com\/hu\/kapcsolat\/#breadcrumb\",\"itemListElement\":[{\"@type\":\"ListItem\",\"position\":1,\"name\":\"Domovsk\u00e1 str\u00e1nka\",\"item\":\"https:\/\/dnaera.com\/hu\/\"},{\"@type\":\"ListItem\",\"position\":2,\"name\":\"Kontakt\"}]},{\"@type\":\"WebSite\",\"@id\":\"https:\/\/dnaera.com\/hu\/#website\",\"url\":\"https:\/\/dnaera.com\/hu\/\",\"name\":\"DNA ERA HU\",\"description\":\"DNS-teszt, genetikai vizsg\u00e1lat \u00e9s DNS-elemz\u00e9s\",\"publisher\":{\"@id\":\"https:\/\/dnaera.com\/hu\/#organization\"},\"potentialAction\":[{\"@type\":\"SearchAction\",\"target\":{\"@type\":\"EntryPoint\",\"urlTemplate\":\"https:\/\/dnaera.com\/hu\/?s={search_term_string}\"},\"query-input\":{\"@type\":\"PropertyValueSpecification\",\"valueRequired\":true,\"valueName\":\"search_term_string\"}}],\"inLanguage\":\"hu\"},{\"@type\":\"Organization\",\"@id\":\"https:\/\/dnaera.com\/hu\/#organization\",\"name\":\"DNA ERA HU\",\"url\":\"https:\/\/dnaera.com\/hu\/\",\"logo\":{\"@type\":\"ImageObject\",\"inLanguage\":\"hu\",\"@id\":\"https:\/\/dnaera.com\/hu\/#\/schema\/logo\/image\/\",\"url\":\"https:\/\/dnaera.com\/hu\/wp-content\/uploads\/sites\/7\/2021\/05\/Main_Logo.svg\",\"contentUrl\":\"https:\/\/dnaera.com\/hu\/wp-content\/uploads\/sites\/7\/2021\/05\/Main_Logo.svg\",\"width\":159,\"height\":20,\"caption\":\"DNA ERA HU\"},\"image\":{\"@id\":\"https:\/\/dnaera.com\/hu\/#\/schema\/logo\/image\/\"}}]}<\/script>\n<!-- \/ Yoast SEO plugin. -->","yoast_head_json":{"title":"Kapcsolat \u2502 DNA ERA","description":"Ha b\u00e1rmilyen k\u00e9rd\u00e9se van, k\u00e9rj\u00fck, ne habozzon kapcsolatba l\u00e9pni vel\u00fcnk e-mailben vagy telefonon. \u00d6r\u00f6mmel v\u00e1laszolunk minden k\u00e9rd\u00e9s\u00e9re.","robots":{"index":"noindex","follow":"follow","max-snippet":"max-snippet:-1","max-image-preview":"max-image-preview:large","max-video-preview":"max-video-preview:-1"},"og_locale":"hu_HU","og_type":"article","og_title":"Kontakt na n\u00e1s \u2502 DNA ERA","og_description":"V pr\u00edpade ak\u00fdchko\u013evek ot\u00e1zok n\u00e1s nev\u00e1hajte kontaktova\u0165 prostredn\u00edctvom e-mailu alebo telefonicky. Radi V\u00e1m na v\u0161etky ot\u00e1zky odpovieme.","og_url":"https:\/\/dnaera.com\/hu\/kapcsolat\/","og_site_name":"DNA ERA HU","article_modified_time":"2025-12-17T09:18:08+00:00","og_image":[{"width":1200,"height":628,"url":"https:\/\/dnaera.com\/hu\/wp-content\/uploads\/sites\/7\/2022\/02\/cover_FB_zdielanie.png","type":"image\/png"}],"twitter_card":"summary_large_image","twitter_misc":{"Becs\u00fclt olvas\u00e1si id\u0151":"1 perc"},"schema":{"@context":"https:\/\/schema.org","@graph":[{"@type":"WebPage","@id":"https:\/\/dnaera.com\/hu\/kapcsolat\/","url":"https:\/\/dnaera.com\/hu\/kapcsolat\/","name":"Kapcsolat \u2502 DNA ERA","isPartOf":{"@id":"https:\/\/dnaera.com\/hu\/#website"},"datePublished":"2021-05-03T13:55:26+00:00","dateModified":"2025-12-17T09:18:08+00:00","description":"Ha b\u00e1rmilyen k\u00e9rd\u00e9se van, k\u00e9rj\u00fck, ne habozzon kapcsolatba l\u00e9pni vel\u00fcnk e-mailben vagy telefonon. \u00d6r\u00f6mmel v\u00e1laszolunk minden k\u00e9rd\u00e9s\u00e9re.","breadcrumb":{"@id":"https:\/\/dnaera.com\/hu\/kapcsolat\/#breadcrumb"},"inLanguage":"hu","potentialAction":[{"@type":"ReadAction","target":["https:\/\/dnaera.com\/hu\/kapcsolat\/"]}]},{"@type":"BreadcrumbList","@id":"https:\/\/dnaera.com\/hu\/kapcsolat\/#breadcrumb","itemListElement":[{"@type":"ListItem","position":1,"name":"Domovsk\u00e1 str\u00e1nka","item":"https:\/\/dnaera.com\/hu\/"},{"@type":"ListItem","position":2,"name":"Kontakt"}]},{"@type":"WebSite","@id":"https:\/\/dnaera.com\/hu\/#website","url":"https:\/\/dnaera.com\/hu\/","name":"DNA ERA HU","description":"DNS-teszt, genetikai vizsg\u00e1lat \u00e9s DNS-elemz\u00e9s","publisher":{"@id":"https:\/\/dnaera.com\/hu\/#organization"},"potentialAction":[{"@type":"SearchAction","target":{"@type":"EntryPoint","urlTemplate":"https:\/\/dnaera.com\/hu\/?s={search_term_string}"},"query-input":{"@type":"PropertyValueSpecification","valueRequired":true,"valueName":"search_term_string"}}],"inLanguage":"hu"},{"@type":"Organization","@id":"https:\/\/dnaera.com\/hu\/#organization","name":"DNA ERA HU","url":"https:\/\/dnaera.com\/hu\/","logo":{"@type":"ImageObject","inLanguage":"hu","@id":"https:\/\/dnaera.com\/hu\/#\/schema\/logo\/image\/","url":"https:\/\/dnaera.com\/hu\/wp-content\/uploads\/sites\/7\/2021\/05\/Main_Logo.svg","contentUrl":"https:\/\/dnaera.com\/hu\/wp-content\/uploads\/sites\/7\/2021\/05\/Main_Logo.svg","width":159,"height":20,"caption":"DNA ERA HU"},"image":{"@id":"https:\/\/dnaera.com\/hu\/#\/schema\/logo\/image\/"}}]}},"_links":{"self":[{"href":"https:\/\/dnaera.com\/hu\/wp-json\/wp\/v2\/pages\/24","targetHints":{"allow":["GET"]}}],"collection":[{"href":"https:\/\/dnaera.com\/hu\/wp-json\/wp\/v2\/pages"}],"about":[{"href":"https:\/\/dnaera.com\/hu\/wp-json\/wp\/v2\/types\/page"}],"author":[{"embeddable":true,"href":"https:\/\/dnaera.com\/hu\/wp-json\/wp\/v2\/users\/1"}],"replies":[{"embeddable":true,"href":"https:\/\/dnaera.com\/hu\/wp-json\/wp\/v2\/comments?post=24"}],"version-history":[{"count":5,"href":"https:\/\/dnaera.com\/hu\/wp-json\/wp\/v2\/pages\/24\/revisions"}],"predecessor-version":[{"id":1411924,"href":"https:\/\/dnaera.com\/hu\/wp-json\/wp\/v2\/pages\/24\/revisions\/1411924"}],"wp:attachment":[{"href":"https:\/\/dnaera.com\/hu\/wp-json\/wp\/v2\/media?parent=24"}],"curies":[{"name":"wp","href":"https:\/\/api.w.org\/{rel}","templated":true}]}}