{"id":1352174,"date":"2021-09-29T10:19:12","date_gmt":"2021-09-29T08:19:12","guid":{"rendered":"https:\/\/dnaera.com\/hu\/?page_id=1352174"},"modified":"2025-12-02T11:39:51","modified_gmt":"2025-12-02T10:39:51","slug":"cookie-politika","status":"publish","type":"page","link":"https:\/\/dnaera.com\/hu\/cookie-politika\/","title":{"rendered":"Cookies policy"},"content":{"rendered":"\t\t<div data-elementor-type=\"wp-page\" data-elementor-id=\"1352174\" class=\"elementor elementor-1352174\" data-elementor-post-type=\"page\">\n\t\t\t\t\t\t<section class=\"elementor-section elementor-top-section elementor-element elementor-element-01ee211 elementor-section-boxed elementor-section-height-default elementor-section-height-default\" data-id=\"01ee211\" data-element_type=\"section\">\n\t\t\t\t\t\t<div class=\"elementor-container elementor-column-gap-default\">\n\t\t\t\t\t<div class=\"elementor-column elementor-col-100 elementor-top-column elementor-element elementor-element-74b8398\" data-id=\"74b8398\" data-element_type=\"column\">\n\t\t\t<div class=\"elementor-widget-wrap elementor-element-populated\">\n\t\t\t\t\t\t<div class=\"elementor-element elementor-element-c763400 elementor-widget elementor-widget-heading\" data-id=\"c763400\" data-element_type=\"widget\" data-widget_type=\"heading.default\">\n\t\t\t\t<div class=\"elementor-widget-container\">\n\t\t\t\t\t<h1 class=\"elementor-heading-title elementor-size-default\">S\u00fctik haszn\u00e1lat\u00e1ra vonatkoz\u00f3 szab\u00e1lyzat<\/h1>\t\t\t\t<\/div>\n\t\t\t\t<\/div>\n\t\t\t\t<div class=\"elementor-element elementor-element-3cb7a2b elementor-widget elementor-widget-heading\" data-id=\"3cb7a2b\" data-element_type=\"widget\" data-widget_type=\"heading.default\">\n\t\t\t\t<div class=\"elementor-widget-container\">\n\t\t\t\t\t<h2 class=\"elementor-heading-title elementor-size-default\">S\u00fctif\u00e1jlok<\/h2>\t\t\t\t<\/div>\n\t\t\t\t<\/div>\n\t\t\t\t<div class=\"elementor-element elementor-element-7393c78 elementor-widget elementor-widget-text-editor\" data-id=\"7393c78\" data-element_type=\"widget\" data-widget_type=\"text-editor.default\">\n\t\t\t\t<div class=\"elementor-widget-container\">\n\t\t\t\t\t\t\t\t\t<p>A <a href=\"http:\/\/www.dnaera.com\/hu\">www.dnaera.com\/hu<\/a> <span lang=\"HU\">weboldal (a tov\u00e1bbiakban: weboldal) megfelel\u0151 m\u0171k\u00f6d\u00e9s\u00e9nek biztos\u00edt\u00e1sa \u00e9rdek\u00e9ben olykor kis adatf\u00e1jlokat, \u00fagynevezett s\u00fctiket (cookie-kat) t\u00e1rolunk az \u00d6n eszk\u00f6z\u00e9n.<\/span><\/p>\t\t\t\t\t\t\t\t<\/div>\n\t\t\t\t<\/div>\n\t\t\t\t<div class=\"elementor-element elementor-element-057a316 elementor-widget elementor-widget-heading\" data-id=\"057a316\" data-element_type=\"widget\" data-widget_type=\"heading.default\">\n\t\t\t\t<div class=\"elementor-widget-container\">\n\t\t\t\t\t<h2 class=\"elementor-heading-title elementor-size-default\">Mik azok a s\u00fctik?<\/h2>\t\t\t\t<\/div>\n\t\t\t\t<\/div>\n\t\t\t\t<div class=\"elementor-element elementor-element-c3b5256 elementor-widget elementor-widget-text-editor\" data-id=\"c3b5256\" data-element_type=\"widget\" data-widget_type=\"text-editor.default\">\n\t\t\t\t<div class=\"elementor-widget-container\">\n\t\t\t\t\t\t\t\t\t<p style=\"font-weight: 400\">A s\u00fcti egy kis sz\u00f6veges f\u00e1jl, amely a weboldal l\u00e1togat\u00e1sakor az \u00d6n sz\u00e1m\u00edt\u00f3g\u00e9p\u00e9n vagy mobileszk\u00f6z\u00e9n t\u00e1rol\u00f3dik. A f\u00e1jl r\u00e9v\u00e9n a weboldal egy bizonyos ideig meg\u0151rzi az \u00d6n l\u00e9p\u00e9seir\u0151l \u00e9s preferenci\u00e1ir\u00f3l sz\u00f3l\u00f3 inform\u00e1ci\u00f3kat, \u00edgy azokat a k\u00f6vetkez\u0151 l\u00e1togat\u00e1skor, illetve az egyes oldalak b\u00f6ng\u00e9sz\u00e9sekor nem kell \u00fajra megadnia.<\/p>\t\t\t\t\t\t\t\t<\/div>\n\t\t\t\t<\/div>\n\t\t\t\t<div class=\"elementor-element elementor-element-d91ec03 elementor-widget elementor-widget-heading\" data-id=\"d91ec03\" data-element_type=\"widget\" data-widget_type=\"heading.default\">\n\t\t\t\t<div class=\"elementor-widget-container\">\n\t\t\t\t\t<h2 class=\"elementor-heading-title elementor-size-default\">Milyen s\u00fctiket alkalmazunk?\n<\/h2>\t\t\t\t<\/div>\n\t\t\t\t<\/div>\n\t\t\t\t<div class=\"elementor-element elementor-element-19c9e20 elementor-widget elementor-widget-text-editor\" data-id=\"19c9e20\" data-element_type=\"widget\" data-widget_type=\"text-editor.default\">\n\t\t\t\t<div class=\"elementor-widget-container\">\n\t\t\t\t\t\t\t\t\t<p style=\"font-weight: 400\">N\u00e9lk\u00fcl\u00f6zhetetlen (funkcion\u00e1lis) s\u00fctik<\/p><ul><li>A <em>S\u00fctik haszn\u00e1lat\u00e1hoz t\u00f6rt\u00e9n\u0151 hozz\u00e1j\u00e1rul\u00e1s (Cookies Consent)<\/em> \u2013 c\u00e9lja a felhaszn\u00e1l\u00f3 weboldalunkon megadott beleegyez\u00e9s\u00e9nek t\u00e1rol\u00e1sa (lej\u00e1rati id\u0151: az enged\u00e9lyez\u00e9st\u0151l sz\u00e1m\u00edtott 12 h\u00f3nap).<\/li><\/ul><p style=\"font-weight: 400\">Analitikai \u00e9s marketings\u00fctik<\/p><ul><li><em>A Google Analytics &amp; Google AdWords<\/em> s\u00fctik c\u00e9lja a weboldal l\u00e1togat\u00f3inak sz\u00e1m\u00e1r\u00f3l, az els\u0151 l\u00e1togat\u00e1s d\u00e1tum\u00e1r\u00f3l, a legut\u00f3bbi l\u00e1togat\u00e1s d\u00e1tum\u00e1r\u00f3l sz\u00f3l\u00f3 adatok, valamint a weboldal haszn\u00e1lat\u00e1r\u00f3l sz\u00f3l\u00f3 anonimiz\u00e1lt statisztikai adatok gy\u0171jt\u00e9se (lej\u00e1rati id\u0151: az enged\u00e9lyez\u00e9st\u0151l sz\u00e1m\u00edtott 24 h\u00f3nap).<\/li><li><em>A Google Tag Manager<\/em> s\u00fctik c\u00e9lja a l\u00e1togat\u00f3i forgalom elemz\u00e9s\u00e9re \u00e9s marketingoptimaliz\u00e1l\u00e1sra szolg\u00e1l\u00f3 adatok gy\u0171jt\u00e9se (lej\u00e1rati id\u0151: az enged\u00e9lyez\u00e9st\u0151l sz\u00e1m\u00edtott 24 h\u00f3nap).<\/li><li><em>A Facebook Pixel<\/em> s\u00fctik c\u00e9lja az azonos\u00edt\u00e1s a Facebook hirdet\u00e9si h\u00e1l\u00f3zat\u00e1n bel\u00fcl, valamint a hirdet\u00e9sek \u00fajrac\u00e9lz\u00e1sa a felhaszn\u00e1l\u00f3 tev\u00e9kenys\u00e9ge alapj\u00e1n (\u00fagynevezett remarketing; lej\u00e1rati id\u0151: az enged\u00e9lyez\u00e9st\u0151l sz\u00e1m\u00edtott 24 h\u00f3nap).<\/li><li><em>A Hotjar<\/em> s\u00fctik c\u00e9lja adatok gy\u0171jt\u00e9se a felhaszn\u00e1l\u00f3k t\u00e1rsas\u00e1gunk weboldalain t\u00f6rt\u00e9n\u0151 mozg\u00e1s\u00e1r\u00f3l, a felhaszn\u00e1l\u00f3i \u00e9lm\u00e9ny jav\u00edt\u00e1sa \u00e9rdek\u00e9ben.<\/li><li><em>A HubSpot<\/em> s\u00fctik c\u00e9lja adatok gy\u0171jt\u00e9se a l\u00e1togat\u00f3k azonos\u00edt\u00e1sa, valamint a kommunik\u00e1ci\u00f3 tartalm\u00e1nak az egyes felhaszn\u00e1l\u00f3k preferenci\u00e1i szerinti szem\u00e9lyre szab\u00e1sa \u00e9rdek\u00e9ben.<\/li><\/ul>\t\t\t\t\t\t\t\t<\/div>\n\t\t\t\t<\/div>\n\t\t\t\t<div class=\"elementor-element elementor-element-33e4a6b elementor-hidden-desktop elementor-hidden-tablet elementor-hidden-mobile elementor-widget elementor-widget-heading\" data-id=\"33e4a6b\" data-element_type=\"widget\" data-widget_type=\"heading.default\">\n\t\t\t\t<div class=\"elementor-widget-container\">\n\t\t\t\t\t<h2 class=\"elementor-heading-title elementor-size-default\">S\u00fctik be\u00e1ll\u00edt\u00e1sa<\/h2>\t\t\t\t<\/div>\n\t\t\t\t<\/div>\n\t\t\t\t<div class=\"elementor-element elementor-element-a881fad elementor-hidden-desktop elementor-hidden-tablet elementor-hidden-mobile elementor-widget elementor-widget-shortcode\" data-id=\"a881fad\" data-element_type=\"widget\" data-widget_type=\"shortcode.default\">\n\t\t\t\t<div class=\"elementor-widget-container\">\n\t\t\t\t\t\t\t<div class=\"elementor-shortcode\">\n<div id=\"cookie-settings\" class=\"webikon-cookies-switcher js-webikon-cookies-switcher\">\n                        <div class=\"webikon-cookies-switcher__item\">\n                <label for=\"technical\" class=\"webikon-cookies-switcher__label\">Technical<\/label>\n\n                                    <input type=\"checkbox\" id=\"technical\" class=\"webikon-cookies-switcher__input\" name=\"technical\" value=\"1\" disabled checked>\n                \n                                                    <div class=\"webikon-cookies-switcher__desc\">Elengedhetetlenek a weboldalnak \u00e9s funkci\u00f3inak megfelel\u0151 m\u0171k\u00f6d\u00e9s\u00e9hez.<\/div>\n                            <\/div>\n                                <div class=\"webikon-cookies-switcher__item\">\n                <label for=\"advertising\" class=\"webikon-cookies-switcher__label\">Advertising<\/label>\n\n                                    <input type=\"checkbox\" id=\"advertising\" class=\"webikon-cookies-switcher__input js-webikon-cookies-switcher-input js-webikon-cookies-switcher-advertising\" name=\"advertising\" value=\"1\" >\n                \n                                                    <div class=\"webikon-cookies-switcher__desc\">Lehet\u0151v\u00e9 teszik sz\u00e1munkra \u00e9s partnereink sz\u00e1m\u00e1ra, hogy relev\u00e1ns term\u00e9keket \u00e9s szolg\u00e1ltat\u00e1sokat k\u00edn\u00e1ljunk \u00d6nnek \u00e9rdekl\u0151d\u00e9se \u00e9s weboldalunkon tan\u00fas\u00edtott viselked\u00e9se alapj\u00e1n.<\/div>\n                            <\/div>\n                                <div class=\"webikon-cookies-switcher__item\">\n                <label for=\"analytical\" class=\"webikon-cookies-switcher__label\">Analytical<\/label>\n\n                                    <input type=\"checkbox\" id=\"analytical\" class=\"webikon-cookies-switcher__input js-webikon-cookies-switcher-input js-webikon-cookies-switcher-analytical\" name=\"analytical\" value=\"1\" >\n                \n                                                    <div class=\"webikon-cookies-switcher__desc\">Seg\u00edtenek meg\u00e9rteni a l\u00e1togat\u00f3k weboldalunkkal kapcsolatos interakci\u00f3it, valamint lehet\u0151v\u00e9 teszik sz\u00e1munkra a felhaszn\u00e1l\u00f3i \u00e9lm\u00e9ny jav\u00edt\u00e1s\u00e1t.<\/div>\n                            <\/div>\n                                <div class=\"webikon-cookies-switcher__item\">\n                <label for=\"personalization\" class=\"webikon-cookies-switcher__label\">Personalization<\/label>\n\n                                    <input type=\"checkbox\" id=\"personalization\" class=\"webikon-cookies-switcher__input js-webikon-cookies-switcher-input js-webikon-cookies-switcher-personalization\" name=\"personalization\" value=\"1\" >\n                \n                                                    <div class=\"webikon-cookies-switcher__desc\">Lehet\u0151v\u00e9 teszik sz\u00e1munkra, hogy megjegyezz\u00fck preferenci\u00e1it, valamint \u00e9rdekl\u0151d\u00e9s\u00e9nek megfelel\u0151 tartalmat \u00e9s funkci\u00f3kat ny\u00fajtsunk.<\/div>\n                            <\/div>\n            \n    <div class=\"webikon-cookies-switcher__btn-wrapper\">\n        <button class=\"webikon-cookies-switcher__btn js-webikon-cookies-switcher-save-btn\">Be\u00e1ll\u00edt\u00e1sok ment\u00e9se<\/button>\n        <div class=\"webikon-cookies-switcher__success-notice js-webikon-cookies-switcher-success-notice\">Choices were successfuly saved<\/div>\n    <\/div>\n<\/div>\n<\/div>\n\t\t\t\t\t\t<\/div>\n\t\t\t\t<\/div>\n\t\t\t\t<div class=\"elementor-element elementor-element-f4fe566 elementor-widget elementor-widget-heading\" data-id=\"f4fe566\" data-element_type=\"widget\" data-widget_type=\"heading.default\">\n\t\t\t\t<div class=\"elementor-widget-container\">\n\t\t\t\t\t<h2 class=\"elementor-heading-title elementor-size-default\">S\u00fctik \u00e9s az EU jogszab\u00e1lyok<\/h2>\t\t\t\t<\/div>\n\t\t\t\t<\/div>\n\t\t\t\t<div class=\"elementor-element elementor-element-e0caa41 elementor-widget elementor-widget-text-editor\" data-id=\"e0caa41\" data-element_type=\"widget\" data-widget_type=\"text-editor.default\">\n\t\t\t\t<div class=\"elementor-widget-container\">\n\t\t\t\t\t\t\t\t\t<p style=\"font-weight: 400\">A vonatkoz\u00f3 jogszab\u00e1lyok \u00e9rtelm\u00e9ben s\u00fctif\u00e1jlokat t\u00e1rolhatunk az \u00d6n eszk\u00f6z\u00e9n, ha azok elengedhetetlenek a weboldal m\u0171k\u00f6d\u00e9s\u00e9hez (az \u00fagynevezett alapvet\u0151 s\u00fctik). Minden egy\u00e9b s\u00fctit\u00edpus haszn\u00e1lat\u00e1hoz (p\u00e9ld\u00e1ul analitikai \u00e9s marketingc\u00e9l\u00fa s\u00fctikhez) az \u00d6n hozz\u00e1j\u00e1rul\u00e1sa sz\u00fcks\u00e9ges. Ez a weboldal k\u00fcl\u00f6nb\u00f6z\u0151 t\u00edpus\u00fa s\u00fctiket haszn\u00e1l. Bizonyos s\u00fctik a weboldalunkon harmadik f\u00e9lt\u0151l sz\u00e1rmaznak.<\/p>\t\t\t\t\t\t\t\t<\/div>\n\t\t\t\t<\/div>\n\t\t\t\t<div class=\"elementor-element elementor-element-361eca4 elementor-widget elementor-widget-heading\" data-id=\"361eca4\" data-element_type=\"widget\" data-widget_type=\"heading.default\">\n\t\t\t\t<div class=\"elementor-widget-container\">\n\t\t\t\t\t<h2 class=\"elementor-heading-title elementor-size-default\">Hogyan haszn\u00e1ljuk a s\u00fctiket?<\/h2>\t\t\t\t<\/div>\n\t\t\t\t<\/div>\n\t\t\t\t<div class=\"elementor-element elementor-element-ee635f8 elementor-widget elementor-widget-text-editor\" data-id=\"ee635f8\" data-element_type=\"widget\" data-widget_type=\"text-editor.default\">\n\t\t\t\t<div class=\"elementor-widget-container\">\n\t\t\t\t\t\t\t\t\t<p style=\"font-weight: 400\">Ez a weboldal s\u00fctiket alkalmaz a l\u00e1togat\u00f3kkal kapcsolatos anonim statisztikai adatok gy\u0171jt\u00e9s\u00e9re, a felhaszn\u00e1l\u00f3i be\u00e1ll\u00edt\u00e1sok megjegyz\u00e9s\u00e9re, a weboldal alapvet\u0151 m\u0171k\u00f6d\u00e9s\u00e9nek biztos\u00edt\u00e1s\u00e1ra, valamint annak \u00e9rdek\u00e9ben, hogy a hirdet\u00e9sek jobban igazodjanak a l\u00e1togat\u00f3k \u00e9rdekl\u0151d\u00e9s\u00e9hez. S\u00fctif\u00e1jlokat a fentiekben megjel\u00f6lt c\u00e9lokt\u00f3l elt\u00e9r\u0151 m\u00f3don nem alkalmazunk. A s\u00fctik haszn\u00e1lat\u00e1hoz adott hozz\u00e1j\u00e1rul\u00e1s\u00e1t b\u00e1rmikor m\u00f3dos\u00edthatja vagy visszavonhatja weboldalunkon kereszt\u00fcl.<\/p>\t\t\t\t\t\t\t\t<\/div>\n\t\t\t\t<\/div>\n\t\t\t\t<div class=\"elementor-element elementor-element-f75de5a elementor-widget elementor-widget-heading\" data-id=\"f75de5a\" data-element_type=\"widget\" data-widget_type=\"heading.default\">\n\t\t\t\t<div class=\"elementor-widget-container\">\n\t\t\t\t\t<h2 class=\"elementor-heading-title elementor-size-default\">Hogyan ellen\u0151rizhetem a s\u00fctiket?<\/h2>\t\t\t\t<\/div>\n\t\t\t\t<\/div>\n\t\t\t\t<div class=\"elementor-element elementor-element-19d82e0 elementor-widget elementor-widget-text-editor\" data-id=\"19d82e0\" data-element_type=\"widget\" data-widget_type=\"text-editor.default\">\n\t\t\t\t<div class=\"elementor-widget-container\">\n\t\t\t\t\t\t\t\t\t<p style=\"font-weight: 400\">A s\u00fctiket saj\u00e1t bel\u00e1t\u00e1sa szerint ellen\u0151rizheti \u00e9s\/vagy t\u00f6r\u00f6lheti \u2013 a r\u00e9szletekr\u0151l az <a href=\"http:\/\/aboutcookies.org\/\">aboutcookies.org<\/a> oldalon t\u00e1j\u00e9koz\u00f3dhat. T\u00f6r\u00f6lheti valamennyi a sz\u00e1m\u00edt\u00f3g\u00e9p\u00e9n t\u00e1rolt s\u00fctit, valamint a legt\u00f6bb b\u00f6ng\u00e9sz\u0151t \u00fagy is be\u00e1ll\u00edthatja, hogy megakad\u00e1lyozza a s\u00fctik t\u00e1rol\u00e1s\u00e1t. Ebben az esetben azonban val\u00f3sz\u00edn\u0171leg minden weboldal-l\u00e1togat\u00e1s eset\u00e9n manu\u00e1lisan kell m\u00f3dos\u00edtania bizonyos be\u00e1ll\u00edt\u00e1sokat, valamint egyes szolg\u00e1ltat\u00e1sok \u00e9s funkci\u00f3k nem, vagy csak korl\u00e1tozottan fognak m\u0171k\u00f6dni.<\/p>\t\t\t\t\t\t\t\t<\/div>\n\t\t\t\t<\/div>\n\t\t\t\t<div class=\"elementor-element elementor-element-8e28d62 elementor-widget elementor-widget-heading\" data-id=\"8e28d62\" data-element_type=\"widget\" data-widget_type=\"heading.default\">\n\t\t\t\t<div class=\"elementor-widget-container\">\n\t\t\t\t\t<h2 class=\"elementor-heading-title elementor-size-default\">Vegye fel vel\u00fcnk a kapcsolatot\n<\/h2>\t\t\t\t<\/div>\n\t\t\t\t<\/div>\n\t\t\t\t<div class=\"elementor-element elementor-element-6ac3626 elementor-widget elementor-widget-text-editor\" data-id=\"6ac3626\" data-element_type=\"widget\" data-widget_type=\"text-editor.default\">\n\t\t\t\t<div class=\"elementor-widget-container\">\n\t\t\t\t\t\t\t\t\t<p>Ha b\u00e1rmilyen k\u00e9rd\u00e9se van,egye fel vel\u00fcnk a kapcsolatot a <a href=\"mailto:gdpr@dnaera.sk\">gdpr@dnaera.sk<\/a> e-mail-c\u00edmen.<\/p>\t\t\t\t\t\t\t\t<\/div>\n\t\t\t\t<\/div>\n\t\t\t\t\t<\/div>\n\t\t<\/div>\n\t\t\t\t\t<\/div>\n\t\t<\/section>\n\t\t\t\t<\/div>\n\t\t","protected":false},"excerpt":{"rendered":"<p>S\u00fctik haszn\u00e1lat\u00e1ra vonatkoz\u00f3 szab\u00e1lyzat S\u00fctif\u00e1jlok A www.dnaera.com\/hu weboldal (a tov\u00e1bbiakban: weboldal) megfelel\u0151 m\u0171k\u00f6d\u00e9s\u00e9nek biztos\u00edt\u00e1sa \u00e9rdek\u00e9ben olykor kis adatf\u00e1jlokat, \u00fagynevezett s\u00fctiket (cookie-kat) t\u00e1rolunk az \u00d6n eszk\u00f6z\u00e9n. Mik azok a s\u00fctik? A s\u00fcti egy kis sz\u00f6veges f\u00e1jl, amely a weboldal l\u00e1togat\u00e1sakor az \u00d6n sz\u00e1m\u00edt\u00f3g\u00e9p\u00e9n vagy mobileszk\u00f6z\u00e9n t\u00e1rol\u00f3dik. A f\u00e1jl r\u00e9v\u00e9n a weboldal egy bizonyos ideig meg\u0151rzi az [&hellip;]<\/p>\n","protected":false},"author":1,"featured_media":0,"parent":0,"menu_order":0,"comment_status":"closed","ping_status":"closed","template":"","meta":{"_acf_changed":false,"content-type":"","inline_featured_image":false,"footnotes":""},"class_list":["post-1352174","page","type-page","status-publish","hentry"],"acf":[],"yoast_head":"<!-- This site is optimized with the Yoast SEO plugin v27.2 - https:\/\/yoast.com\/product\/yoast-seo-wordpress\/ -->\n<title>Cookie-politika \u2502 DNA ERA<\/title>\n<meta name=\"description\" content=\"Ezen az oldalon elmagyar\u00e1zzuk, hogyan m\u0171k\u00f6dik weboldalunk a cookie-kkal. Ha b\u00e1rmilyen k\u00e9rd\u00e9se van, k\u00e9rj\u00fck, l\u00e9pjen kapcsolatba vel\u00fcnk a info@dnaera.sk c\u00edmen.\" \/>\n<meta name=\"robots\" content=\"noindex, follow, max-snippet:-1, max-image-preview:large, max-video-preview:-1\" \/>\n<meta property=\"og:locale\" content=\"hu_HU\" \/>\n<meta property=\"og:type\" content=\"article\" \/>\n<meta property=\"og:title\" content=\"Z\u00e1sady vyu\u017e\u00edvania cookies \u2502 DNA ERA\" \/>\n<meta property=\"og:description\" content=\"Na tejto str\u00e1nke je vysvetlen\u00e9, ako na\u0161a str\u00e1nka pracuje so s\u00fabormi Cookies. V pr\u00edpade ak\u00fdchko\u013evek ot\u00e1zok n\u00e1s nev\u00e1hajte kontaktova\u0165 na: info@dnaera.sk.\" \/>\n<meta property=\"og:url\" content=\"https:\/\/dnaera.com\/hu\/cookie-politika\/\" \/>\n<meta property=\"og:site_name\" content=\"DNA ERA HU\" \/>\n<meta property=\"article:modified_time\" content=\"2025-12-02T10:39:51+00:00\" \/>\n<meta property=\"og:image\" content=\"https:\/\/dnaera.com\/hu\/wp-content\/uploads\/sites\/7\/2022\/02\/cover_FB_zdielanie.png\" \/>\n\t<meta property=\"og:image:width\" content=\"1200\" \/>\n\t<meta property=\"og:image:height\" content=\"628\" \/>\n\t<meta property=\"og:image:type\" content=\"image\/png\" \/>\n<meta name=\"twitter:card\" content=\"summary_large_image\" \/>\n<meta name=\"twitter:label1\" content=\"Becs\u00fclt olvas\u00e1si id\u0151\" \/>\n\t<meta name=\"twitter:data1\" content=\"3 perc\" \/>\n<script type=\"application\/ld+json\" class=\"yoast-schema-graph\">{\"@context\":\"https:\/\/schema.org\",\"@graph\":[{\"@type\":\"WebPage\",\"@id\":\"https:\/\/dnaera.com\/hu\/cookie-politika\/\",\"url\":\"https:\/\/dnaera.com\/hu\/cookie-politika\/\",\"name\":\"Cookie-politika \u2502 DNA ERA\",\"isPartOf\":{\"@id\":\"https:\/\/dnaera.com\/hu\/#website\"},\"datePublished\":\"2021-09-29T08:19:12+00:00\",\"dateModified\":\"2025-12-02T10:39:51+00:00\",\"description\":\"Ezen az oldalon elmagyar\u00e1zzuk, hogyan m\u0171k\u00f6dik weboldalunk a cookie-kkal. Ha b\u00e1rmilyen k\u00e9rd\u00e9se van, k\u00e9rj\u00fck, l\u00e9pjen kapcsolatba vel\u00fcnk a info@dnaera.sk c\u00edmen.\",\"breadcrumb\":{\"@id\":\"https:\/\/dnaera.com\/hu\/cookie-politika\/#breadcrumb\"},\"inLanguage\":\"hu\",\"potentialAction\":[{\"@type\":\"ReadAction\",\"target\":[\"https:\/\/dnaera.com\/hu\/cookie-politika\/\"]}]},{\"@type\":\"BreadcrumbList\",\"@id\":\"https:\/\/dnaera.com\/hu\/cookie-politika\/#breadcrumb\",\"itemListElement\":[{\"@type\":\"ListItem\",\"position\":1,\"name\":\"Domovsk\u00e1 str\u00e1nka\",\"item\":\"https:\/\/dnaera.com\/hu\/\"},{\"@type\":\"ListItem\",\"position\":2,\"name\":\"Cookies policy\"}]},{\"@type\":\"WebSite\",\"@id\":\"https:\/\/dnaera.com\/hu\/#website\",\"url\":\"https:\/\/dnaera.com\/hu\/\",\"name\":\"DNA ERA HU\",\"description\":\"DNS-teszt, genetikai vizsg\u00e1lat \u00e9s DNS-elemz\u00e9s\",\"publisher\":{\"@id\":\"https:\/\/dnaera.com\/hu\/#organization\"},\"potentialAction\":[{\"@type\":\"SearchAction\",\"target\":{\"@type\":\"EntryPoint\",\"urlTemplate\":\"https:\/\/dnaera.com\/hu\/?s={search_term_string}\"},\"query-input\":{\"@type\":\"PropertyValueSpecification\",\"valueRequired\":true,\"valueName\":\"search_term_string\"}}],\"inLanguage\":\"hu\"},{\"@type\":\"Organization\",\"@id\":\"https:\/\/dnaera.com\/hu\/#organization\",\"name\":\"DNA ERA HU\",\"url\":\"https:\/\/dnaera.com\/hu\/\",\"logo\":{\"@type\":\"ImageObject\",\"inLanguage\":\"hu\",\"@id\":\"https:\/\/dnaera.com\/hu\/#\/schema\/logo\/image\/\",\"url\":\"https:\/\/dnaera.com\/hu\/wp-content\/uploads\/sites\/7\/2021\/05\/Main_Logo.svg\",\"contentUrl\":\"https:\/\/dnaera.com\/hu\/wp-content\/uploads\/sites\/7\/2021\/05\/Main_Logo.svg\",\"width\":159,\"height\":20,\"caption\":\"DNA ERA HU\"},\"image\":{\"@id\":\"https:\/\/dnaera.com\/hu\/#\/schema\/logo\/image\/\"}}]}<\/script>\n<!-- \/ Yoast SEO plugin. -->","yoast_head_json":{"title":"Cookie-politika \u2502 DNA ERA","description":"Ezen az oldalon elmagyar\u00e1zzuk, hogyan m\u0171k\u00f6dik weboldalunk a cookie-kkal. Ha b\u00e1rmilyen k\u00e9rd\u00e9se van, k\u00e9rj\u00fck, l\u00e9pjen kapcsolatba vel\u00fcnk a info@dnaera.sk c\u00edmen.","robots":{"index":"noindex","follow":"follow","max-snippet":"max-snippet:-1","max-image-preview":"max-image-preview:large","max-video-preview":"max-video-preview:-1"},"og_locale":"hu_HU","og_type":"article","og_title":"Z\u00e1sady vyu\u017e\u00edvania cookies \u2502 DNA ERA","og_description":"Na tejto str\u00e1nke je vysvetlen\u00e9, ako na\u0161a str\u00e1nka pracuje so s\u00fabormi Cookies. V pr\u00edpade ak\u00fdchko\u013evek ot\u00e1zok n\u00e1s nev\u00e1hajte kontaktova\u0165 na: info@dnaera.sk.","og_url":"https:\/\/dnaera.com\/hu\/cookie-politika\/","og_site_name":"DNA ERA HU","article_modified_time":"2025-12-02T10:39:51+00:00","og_image":[{"width":1200,"height":628,"url":"https:\/\/dnaera.com\/hu\/wp-content\/uploads\/sites\/7\/2022\/02\/cover_FB_zdielanie.png","type":"image\/png"}],"twitter_card":"summary_large_image","twitter_misc":{"Becs\u00fclt olvas\u00e1si id\u0151":"3 perc"},"schema":{"@context":"https:\/\/schema.org","@graph":[{"@type":"WebPage","@id":"https:\/\/dnaera.com\/hu\/cookie-politika\/","url":"https:\/\/dnaera.com\/hu\/cookie-politika\/","name":"Cookie-politika \u2502 DNA ERA","isPartOf":{"@id":"https:\/\/dnaera.com\/hu\/#website"},"datePublished":"2021-09-29T08:19:12+00:00","dateModified":"2025-12-02T10:39:51+00:00","description":"Ezen az oldalon elmagyar\u00e1zzuk, hogyan m\u0171k\u00f6dik weboldalunk a cookie-kkal. Ha b\u00e1rmilyen k\u00e9rd\u00e9se van, k\u00e9rj\u00fck, l\u00e9pjen kapcsolatba vel\u00fcnk a info@dnaera.sk c\u00edmen.","breadcrumb":{"@id":"https:\/\/dnaera.com\/hu\/cookie-politika\/#breadcrumb"},"inLanguage":"hu","potentialAction":[{"@type":"ReadAction","target":["https:\/\/dnaera.com\/hu\/cookie-politika\/"]}]},{"@type":"BreadcrumbList","@id":"https:\/\/dnaera.com\/hu\/cookie-politika\/#breadcrumb","itemListElement":[{"@type":"ListItem","position":1,"name":"Domovsk\u00e1 str\u00e1nka","item":"https:\/\/dnaera.com\/hu\/"},{"@type":"ListItem","position":2,"name":"Cookies policy"}]},{"@type":"WebSite","@id":"https:\/\/dnaera.com\/hu\/#website","url":"https:\/\/dnaera.com\/hu\/","name":"DNA ERA HU","description":"DNS-teszt, genetikai vizsg\u00e1lat \u00e9s DNS-elemz\u00e9s","publisher":{"@id":"https:\/\/dnaera.com\/hu\/#organization"},"potentialAction":[{"@type":"SearchAction","target":{"@type":"EntryPoint","urlTemplate":"https:\/\/dnaera.com\/hu\/?s={search_term_string}"},"query-input":{"@type":"PropertyValueSpecification","valueRequired":true,"valueName":"search_term_string"}}],"inLanguage":"hu"},{"@type":"Organization","@id":"https:\/\/dnaera.com\/hu\/#organization","name":"DNA ERA HU","url":"https:\/\/dnaera.com\/hu\/","logo":{"@type":"ImageObject","inLanguage":"hu","@id":"https:\/\/dnaera.com\/hu\/#\/schema\/logo\/image\/","url":"https:\/\/dnaera.com\/hu\/wp-content\/uploads\/sites\/7\/2021\/05\/Main_Logo.svg","contentUrl":"https:\/\/dnaera.com\/hu\/wp-content\/uploads\/sites\/7\/2021\/05\/Main_Logo.svg","width":159,"height":20,"caption":"DNA ERA HU"},"image":{"@id":"https:\/\/dnaera.com\/hu\/#\/schema\/logo\/image\/"}}]}},"_links":{"self":[{"href":"https:\/\/dnaera.com\/hu\/wp-json\/wp\/v2\/pages\/1352174","targetHints":{"allow":["GET"]}}],"collection":[{"href":"https:\/\/dnaera.com\/hu\/wp-json\/wp\/v2\/pages"}],"about":[{"href":"https:\/\/dnaera.com\/hu\/wp-json\/wp\/v2\/types\/page"}],"author":[{"embeddable":true,"href":"https:\/\/dnaera.com\/hu\/wp-json\/wp\/v2\/users\/1"}],"replies":[{"embeddable":true,"href":"https:\/\/dnaera.com\/hu\/wp-json\/wp\/v2\/comments?post=1352174"}],"version-history":[{"count":5,"href":"https:\/\/dnaera.com\/hu\/wp-json\/wp\/v2\/pages\/1352174\/revisions"}],"predecessor-version":[{"id":1411896,"href":"https:\/\/dnaera.com\/hu\/wp-json\/wp\/v2\/pages\/1352174\/revisions\/1411896"}],"wp:attachment":[{"href":"https:\/\/dnaera.com\/hu\/wp-json\/wp\/v2\/media?parent=1352174"}],"curies":[{"name":"wp","href":"https:\/\/api.w.org\/{rel}","templated":true}]}}