{"id":1375810,"date":"2024-03-13T22:12:05","date_gmt":"2024-03-13T21:12:05","guid":{"rendered":"https:\/\/dnaera.com\/cs\/?post_type=product&#038;p=1375810"},"modified":"2024-03-18T14:56:24","modified_gmt":"2024-03-18T13:56:24","slug":"heart-and-blood-vessels","status":"publish","type":"product","link":"https:\/\/dnaera.com\/cs\/produkt\/heart-and-blood-vessels\/","title":{"rendered":"Srdce a c\u00e9vy"},"content":{"rendered":"<div>\n<div>Kardiovaskul\u00e1rn\u00ed onemocn\u011bn\u00ed p\u0159edstavuj\u00ed velkou skupinu nemoc\u00ed, postihuj\u00edc\u00ed srdce a c\u00e9vy, p\u0159i\u010dem\u017e mohou v\u00e9st k v\u00e1\u017en\u00fdm zdravotn\u00edm komplikac\u00edm. Mezi nej\u010dast\u011bj\u0161\u00ed v\u00e1\u017en\u00e9 komplikace pat\u0159\u00ed nedostate\u010dn\u00e9 prokrven\u00ed srdce nebo mozku kv\u016fli z\u00fa\u017een\u00fdm nebo blokovan\u00fdm c\u00e9v\u00e1m. Krom\u011b genetiky je riziko rozvoje t\u011bchto onemocn\u011bn\u00ed ovlivn\u011bno zejm\u00e9na p\u0159\u00edtomnost\u00ed vysok\u00e9ho krevn\u00edho tlaku, vysok\u00fdch hladin LDL cholesterolu v krvi, cukrovky, ale tak\u00e9 kou\u0159en\u00edm nebo sedav\u00fdm zp\u016fsobem \u017eivota.<\/div>\n<div><\/div>\n<div>V\u00fdsledky v t\u00e9to kategorii hovo\u0159\u00ed o genetick\u00e9 n\u00e1chylnosti, p\u0159i\u010dem\u017e nezahrnuj\u00ed vliv ostatn\u00edch faktor\u016f. Vy\u0161\u0161\u00ed genetick\u00e9 riziko proto neznamen\u00e1, \u017ee se dan\u00e9 onemocn\u011bn\u00ed u v\u00e1s mus\u00ed objevit a tak\u00e9 nen\u00ed vylou\u010deno, \u017ee se b\u011bhem \u017eivota setk\u00e1te is takov\u00fdm onemocn\u011bn\u00edm, na kter\u00e9 nem\u00e1te vy\u0161\u0161\u00ed genetickou n\u00e1chylnost. Pro sn\u00ed\u017een\u00ed pravd\u011bpodobnosti rozvoje t\u011bchto onemocn\u011bn\u00ed, jako\u017e i pro v\u010dasn\u00fd z\u00e1chyt p\u0159\u00edpadn\u00e9ho rozvinut\u00e9ho onemocn\u011bn\u00ed, v\u00e1m doporu\u010dujeme zv\u00e1\u017eit preventivn\u00ed kroky uveden\u00e9 v doporu\u010den\u00edch v\u00fdsledk\u016f.<\/div>\n<\/div>\n","protected":false},"excerpt":{"rendered":"<p>Kardiovaskul\u00e1rn\u00ed onemocn\u011bn\u00ed jsou nebezpe\u010dn\u00e1 pro srdce a c\u00e9vy. Mohou zp\u016fsobit v\u00e1\u017en\u00e9 probl\u00e9my, jako je nedostate\u010dn\u00e9 prokrven\u00ed srdce \u010di mozku. Riziko vzniku t\u011bchto chorob ovliv\u0148uje i genetika, a pr\u00e1v\u011b DNA anal\u00fdza v\u00e1m m\u016f\u017ee pomoci odhalit va\u0161i genetickou n\u00e1chylnost.<\/p>\n","protected":false},"featured_media":1375809,"template":"","meta":{"_acf_changed":false,"content-type":"","inline_featured_image":false},"product_brand":[],"product_cat":[99],"product_tag":[],"class_list":{"0":"post-1375810","1":"product","2":"type-product","3":"status-publish","4":"has-post-thumbnail","6":"product_cat-digital-content","8":"first","9":"instock","10":"virtual","11":"taxable","12":"purchasable","13":"product-type-simple"},"acf":[],"_links":{"self":[{"href":"https:\/\/dnaera.com\/cs\/wp-json\/wp\/v2\/product\/1375810","targetHints":{"allow":["GET"]}}],"collection":[{"href":"https:\/\/dnaera.com\/cs\/wp-json\/wp\/v2\/product"}],"about":[{"href":"https:\/\/dnaera.com\/cs\/wp-json\/wp\/v2\/types\/product"}],"version-history":[{"count":2,"href":"https:\/\/dnaera.com\/cs\/wp-json\/wp\/v2\/product\/1375810\/revisions"}],"predecessor-version":[{"id":1375834,"href":"https:\/\/dnaera.com\/cs\/wp-json\/wp\/v2\/product\/1375810\/revisions\/1375834"}],"wp:featuredmedia":[{"embeddable":true,"href":"https:\/\/dnaera.com\/cs\/wp-json\/wp\/v2\/media\/1375809"}],"wp:attachment":[{"href":"https:\/\/dnaera.com\/cs\/wp-json\/wp\/v2\/media?parent=1375810"}],"wp:term":[{"taxonomy":"product_brand","embeddable":true,"href":"https:\/\/dnaera.com\/cs\/wp-json\/wp\/v2\/product_brand?post=1375810"},{"taxonomy":"product_cat","embeddable":true,"href":"https:\/\/dnaera.com\/cs\/wp-json\/wp\/v2\/product_cat?post=1375810"},{"taxonomy":"product_tag","embeddable":true,"href":"https:\/\/dnaera.com\/cs\/wp-json\/wp\/v2\/product_tag?post=1375810"}],"curies":[{"name":"wp","href":"https:\/\/api.w.org\/{rel}","templated":true}]}}