{"id":1375808,"date":"2024-03-13T22:12:02","date_gmt":"2024-03-13T21:12:02","guid":{"rendered":"https:\/\/dnaera.com\/cs\/?post_type=product&#038;p=1375808"},"modified":"2024-03-18T14:53:26","modified_gmt":"2024-03-18T13:53:26","slug":"oncology","status":"publish","type":"product","link":"https:\/\/dnaera.com\/cs\/produkt\/oncology\/","title":{"rendered":"Onkologie"},"content":{"rendered":"<div>\n<div>Onkologick\u00e1 onemocn\u011bn\u00ed p\u0159edstavuj\u00ed velkou skupinu nemoc\u00ed, kter\u00e9 jsou charakteristick\u00e9 zejm\u00e9na nekontrolovateln\u00fdm d\u011blen\u00edm bun\u011bk a \u0161\u00ed\u0159en\u00edm t\u011bchto abnorm\u00e1ln\u00edch bun\u011bk do r\u016fzn\u00fdch \u010d\u00e1st\u00ed t\u011bla. Kv\u016fli takto naru\u0161en\u00e9 regulaci mohou tyto bu\u0148ky vytv\u00e1\u0159et v\u011bt\u0161\u00ed \u00fatvary. N\u00e1dory, kter\u00e9 mohou naru\u0161it norm\u00e1ln\u00ed fungov\u00e1n\u00ed tk\u00e1n\u00ed nebo org\u00e1n\u016f. Rakovina m\u016f\u017ee vzniknout v kter\u00e9koli \u010d\u00e1sti t\u011bla z r\u016fzn\u00fdch p\u0159\u00ed\u010din, v\u010detn\u011b genetick\u00fdch faktor\u016f, vlivu prost\u0159ed\u00ed, \u017eivotn\u00edch n\u00e1vyk\u016f, ale i oby\u010dejn\u00e9 n\u00e1hody.<\/div>\n<div><\/div>\n<div>V\u00fdsledky v t\u00e9to kategorii hovo\u0159\u00ed o genetick\u00e9 n\u00e1chylnosti, p\u0159i\u010dem\u017e nezahrnuj\u00ed vliv ostatn\u00edch faktor\u016f. Vy\u0161\u0161\u00ed genetick\u00e9 riziko proto neznamen\u00e1, \u017ee se dan\u00e9 onemocn\u011bn\u00ed u v\u00e1s mus\u00ed objevit a tak\u00e9 nen\u00ed vylou\u010deno, \u017ee se b\u011bhem \u017eivota setk\u00e1te is takov\u00fdm onemocn\u011bn\u00edm, na kter\u00e9 nem\u00e1te vy\u0161\u0161\u00ed genetickou n\u00e1chylnost. Pro sn\u00ed\u017een\u00ed pravd\u011bpodobnosti rozvoje t\u011bchto onemocn\u011bn\u00ed, jako\u017e i pro v\u010dasn\u00fd z\u00e1chyt p\u0159\u00edpadn\u00e9ho rozvinut\u00e9ho onemocn\u011bn\u00ed, v\u00e1m doporu\u010dujeme zv\u00e1\u017eit preventivn\u00ed kroky uveden\u00e9 v doporu\u010den\u00edch v\u00fdsledk\u016f.<\/div>\n<\/div>\n","protected":false},"excerpt":{"rendered":"<p>Genetika je jedn\u00edm z faktor\u016f, kter\u00e9 ovliv\u0148uj\u00ed vznik rakoviny. Poznejte sv\u00e9 genetick\u00e9 predispozice v oblasti n\u00e1chylnosti k onkologick\u00fdm onemocn\u011bn\u00edm. D\u00edky DNA anal\u00fdze m\u016f\u017eete jednat proaktivn\u011b a chr\u00e1nit tak sv\u00e9 zdrav\u00ed.<\/p>\n","protected":false},"featured_media":1375807,"template":"","meta":{"_acf_changed":false,"content-type":"","inline_featured_image":false},"product_brand":[],"product_cat":[99],"product_tag":[],"class_list":{"0":"post-1375808","1":"product","2":"type-product","3":"status-publish","4":"has-post-thumbnail","6":"product_cat-digital-content","8":"first","9":"instock","10":"virtual","11":"taxable","12":"purchasable","13":"product-type-simple"},"acf":[],"_links":{"self":[{"href":"https:\/\/dnaera.com\/cs\/wp-json\/wp\/v2\/product\/1375808","targetHints":{"allow":["GET"]}}],"collection":[{"href":"https:\/\/dnaera.com\/cs\/wp-json\/wp\/v2\/product"}],"about":[{"href":"https:\/\/dnaera.com\/cs\/wp-json\/wp\/v2\/types\/product"}],"version-history":[{"count":2,"href":"https:\/\/dnaera.com\/cs\/wp-json\/wp\/v2\/product\/1375808\/revisions"}],"predecessor-version":[{"id":1375833,"href":"https:\/\/dnaera.com\/cs\/wp-json\/wp\/v2\/product\/1375808\/revisions\/1375833"}],"wp:featuredmedia":[{"embeddable":true,"href":"https:\/\/dnaera.com\/cs\/wp-json\/wp\/v2\/media\/1375807"}],"wp:attachment":[{"href":"https:\/\/dnaera.com\/cs\/wp-json\/wp\/v2\/media?parent=1375808"}],"wp:term":[{"taxonomy":"product_brand","embeddable":true,"href":"https:\/\/dnaera.com\/cs\/wp-json\/wp\/v2\/product_brand?post=1375808"},{"taxonomy":"product_cat","embeddable":true,"href":"https:\/\/dnaera.com\/cs\/wp-json\/wp\/v2\/product_cat?post=1375808"},{"taxonomy":"product_tag","embeddable":true,"href":"https:\/\/dnaera.com\/cs\/wp-json\/wp\/v2\/product_tag?post=1375808"}],"curies":[{"name":"wp","href":"https:\/\/api.w.org\/{rel}","templated":true}]}}