{"id":1375806,"date":"2024-03-13T22:11:59","date_gmt":"2024-03-13T21:11:59","guid":{"rendered":"https:\/\/dnaera.com\/cs\/produkt\/health-other\/"},"modified":"2024-03-18T14:50:02","modified_gmt":"2024-03-18T13:50:02","slug":"health-other","status":"publish","type":"product","link":"https:\/\/dnaera.com\/cs\/produkt\/health-other\/","title":{"rendered":"Jin\u00e9 zdravotn\u00ed predispozice"},"content":{"rendered":"<div>\n<div>Pocit fyzick\u00e9, ale tak\u00e9 du\u0161evn\u00ed pohody, m\u016f\u017ee b\u00fdt ovlivn\u011bn r\u016fzn\u00fdmi zdravotn\u00edmi probl\u00e9my. Tyto probl\u00e9my mohou b\u00fdt do\u010dasn\u00e9, ale tak\u00e9 chronick\u00e9 a mohou v\u00fdznamn\u00fdm zp\u016fsobem ovlivnit n\u00e1\u0161 ka\u017edodenn\u00ed \u017eivot. V nejv\u00e1\u017en\u011bj\u0161\u00edch p\u0159\u00edpadech mohou dokonce zp\u016fsobit \u017eivot ohro\u017euj\u00edc\u00ed stav. Krom\u011b genetick\u00e9 predispozice maj\u00ed na rozvoj t\u011bchto onemocn\u011bn\u00ed vliv i jin\u00e9 faktory, v\u010detn\u011b na\u0161eho stravov\u00e1n\u00ed, fyzick\u00e9 aktivity, ale tak\u00e9 vystavov\u00e1n\u00ed se zlozvyk\u016fm, jako je nadm\u011brn\u00fd p\u0159\u00edjem alkoholu nebo kou\u0159en\u00ed.<\/div>\n<div><\/div>\n<div>V\u00fdsledky v t\u00e9to kategorii hovo\u0159\u00ed o genetick\u00e9 n\u00e1chylnosti, p\u0159i\u010dem\u017e nezahrnuj\u00ed vliv ostatn\u00edch faktor\u016f. Vy\u0161\u0161\u00ed genetick\u00e9 riziko proto neznamen\u00e1, \u017ee se dan\u00e9 onemocn\u011bn\u00ed u v\u00e1s mus\u00ed objevit a tak\u00e9 nen\u00ed vylou\u010deno, \u017ee se b\u011bhem \u017eivota setk\u00e1te is takov\u00fdm onemocn\u011bn\u00edm, na kter\u00e9 nem\u00e1te vy\u0161\u0161\u00ed genetickou n\u00e1chylnost. Pro sn\u00ed\u017een\u00ed pravd\u011bpodobnosti rozvoje t\u011bchto onemocn\u011bn\u00ed, jako\u017e i pro v\u010dasn\u00fd z\u00e1chyt p\u0159\u00edpadn\u00e9ho rozvinut\u00e9ho onemocn\u011bn\u00ed, v\u00e1m doporu\u010dujeme zv\u00e1\u017eit preventivn\u00ed kroky uveden\u00e9 v doporu\u010den\u00edch v\u00fdsledk\u016f.<\/div>\n<\/div>\n","protected":false},"excerpt":{"rendered":"<p>Zdravotn\u00ed probl\u00e9my ovliv\u0148uj\u00ed fyzickou i psychickou pohodu. N\u011bkter\u00e9 jsou do\u010dasn\u00e9, jin\u00e9 chronick\u00e9 a v\u00e1\u017en\u00e9. DNA anal\u00fdza v\u00e1m m\u016f\u017ee pomoci odhalit genetick\u00e9 predispozice k r\u016fzn\u00fdm onemocn\u011bn\u00edm a tak v\u00e1m umo\u017en\u00ed v\u010das podniknout preventivn\u00ed opat\u0159en\u00ed a zlep\u0161it tak kvalitu va\u0161eho \u017eivota.<\/p>\n","protected":false},"featured_media":1375805,"template":"","meta":{"_acf_changed":false,"content-type":"","inline_featured_image":false},"product_brand":[],"product_cat":[99],"product_tag":[],"class_list":{"0":"post-1375806","1":"product","2":"type-product","3":"status-publish","4":"has-post-thumbnail","6":"product_cat-digital-content","8":"first","9":"instock","10":"virtual","11":"taxable","12":"purchasable","13":"product-type-simple"},"acf":[],"_links":{"self":[{"href":"https:\/\/dnaera.com\/cs\/wp-json\/wp\/v2\/product\/1375806","targetHints":{"allow":["GET"]}}],"collection":[{"href":"https:\/\/dnaera.com\/cs\/wp-json\/wp\/v2\/product"}],"about":[{"href":"https:\/\/dnaera.com\/cs\/wp-json\/wp\/v2\/types\/product"}],"version-history":[{"count":1,"href":"https:\/\/dnaera.com\/cs\/wp-json\/wp\/v2\/product\/1375806\/revisions"}],"predecessor-version":[{"id":1375832,"href":"https:\/\/dnaera.com\/cs\/wp-json\/wp\/v2\/product\/1375806\/revisions\/1375832"}],"wp:featuredmedia":[{"embeddable":true,"href":"https:\/\/dnaera.com\/cs\/wp-json\/wp\/v2\/media\/1375805"}],"wp:attachment":[{"href":"https:\/\/dnaera.com\/cs\/wp-json\/wp\/v2\/media?parent=1375806"}],"wp:term":[{"taxonomy":"product_brand","embeddable":true,"href":"https:\/\/dnaera.com\/cs\/wp-json\/wp\/v2\/product_brand?post=1375806"},{"taxonomy":"product_cat","embeddable":true,"href":"https:\/\/dnaera.com\/cs\/wp-json\/wp\/v2\/product_cat?post=1375806"},{"taxonomy":"product_tag","embeddable":true,"href":"https:\/\/dnaera.com\/cs\/wp-json\/wp\/v2\/product_tag?post=1375806"}],"curies":[{"name":"wp","href":"https:\/\/api.w.org\/{rel}","templated":true}]}}