{"id":1375621,"date":"2024-02-20T09:42:35","date_gmt":"2024-02-20T08:42:35","guid":{"rendered":"https:\/\/dnaera.com\/cs\/produkt\/productivity\/"},"modified":"2024-05-17T14:26:35","modified_gmt":"2024-05-17T12:26:35","slug":"productivity","status":"publish","type":"product","link":"https:\/\/dnaera.com\/cs\/produkt\/productivity\/","title":{"rendered":"Produktivita"},"content":{"rendered":"<div>\n<div>Mnoh\u00e9 faktory ovliv\u0148uj\u00ed na\u0161i produktivitu, v\u010detn\u011b genetick\u00fdch predispozic, kter\u00e9 mohou ur\u010dovat, jak efektivn\u011b pracujeme v r\u016fzn\u00fdch \u010dasech dne. Tyto predispozice mohou tak\u00e9 ovlivnit d\u00e9lku, hloubku a kvalitu va\u0161eho sp\u00e1nku, kter\u00fd je kl\u00ed\u010dov\u00fd pro regeneraci mozku a zachov\u00e1n\u00ed va\u0161eho v\u00fdkonu na vysok\u00e9 \u00farovni.<\/div>\n<div><\/div>\n<div>Na z\u00e1klad\u011b pozn\u00e1n\u00ed sv\u00fdch genetick\u00fdch predispozic si tak\u00e9 m\u016f\u017eete porovnat, zda se v\u00e1m poda\u0159ilo sv\u00e9 geny p\u0159ekonat, p\u0159\u00edpadn\u011b do jak\u00e9 m\u00edry se je\u0161t\u011b um\u00edte zlep\u0161it.<\/div>\n<\/div>\n","protected":false},"excerpt":{"rendered":"<p>Genetick\u00e9 predispozice mohou ovliv\u0148ovat d\u00e9lku, hloubku a kvalitu sp\u00e1nku, ale tak\u00e9 efektivitu v soukrom\u00e9m a pracovn\u00edm \u017eivot\u011b.<\/p>\n","protected":false},"featured_media":1375620,"template":"","meta":{"_acf_changed":false,"content-type":"","inline_featured_image":false},"product_brand":[],"product_cat":[99],"product_tag":[],"class_list":{"0":"post-1375621","1":"product","2":"type-product","3":"status-publish","4":"has-post-thumbnail","6":"product_cat-digital-content","8":"first","9":"instock","10":"virtual","11":"taxable","12":"purchasable","13":"product-type-simple"},"acf":[],"_links":{"self":[{"href":"https:\/\/dnaera.com\/cs\/wp-json\/wp\/v2\/product\/1375621","targetHints":{"allow":["GET"]}}],"collection":[{"href":"https:\/\/dnaera.com\/cs\/wp-json\/wp\/v2\/product"}],"about":[{"href":"https:\/\/dnaera.com\/cs\/wp-json\/wp\/v2\/types\/product"}],"version-history":[{"count":1,"href":"https:\/\/dnaera.com\/cs\/wp-json\/wp\/v2\/product\/1375621\/revisions"}],"predecessor-version":[{"id":1375830,"href":"https:\/\/dnaera.com\/cs\/wp-json\/wp\/v2\/product\/1375621\/revisions\/1375830"}],"wp:featuredmedia":[{"embeddable":true,"href":"https:\/\/dnaera.com\/cs\/wp-json\/wp\/v2\/media\/1375620"}],"wp:attachment":[{"href":"https:\/\/dnaera.com\/cs\/wp-json\/wp\/v2\/media?parent=1375621"}],"wp:term":[{"taxonomy":"product_brand","embeddable":true,"href":"https:\/\/dnaera.com\/cs\/wp-json\/wp\/v2\/product_brand?post=1375621"},{"taxonomy":"product_cat","embeddable":true,"href":"https:\/\/dnaera.com\/cs\/wp-json\/wp\/v2\/product_cat?post=1375621"},{"taxonomy":"product_tag","embeddable":true,"href":"https:\/\/dnaera.com\/cs\/wp-json\/wp\/v2\/product_tag?post=1375621"}],"curies":[{"name":"wp","href":"https:\/\/api.w.org\/{rel}","templated":true}]}}