{"id":1375619,"date":"2024-02-20T09:42:34","date_gmt":"2024-02-20T08:42:34","guid":{"rendered":"https:\/\/dnaera.com\/cs\/produkt\/mental-and-neurological-health\/"},"modified":"2024-05-17T14:26:58","modified_gmt":"2024-05-17T12:26:58","slug":"mental-and-neurological-health","status":"publish","type":"product","link":"https:\/\/dnaera.com\/cs\/produkt\/mental-and-neurological-health\/","title":{"rendered":"Du\u0161evn\u00ed a neurologick\u00e9 zdrav\u00ed"},"content":{"rendered":"<div>\n<div>Na\u0161e du\u0161evn\u00ed a neurologick\u00e9 zdrav\u00ed formuje, jak mysl\u00edme, c\u00edt\u00edme, jedn\u00e1me a jak budujeme vztahy. V t\u00e9to sekci naleznete informace o tom, jak va\u0161e geny mohou ovlivnit riziko vzniku du\u0161evn\u00edch a neurologick\u00fdch onemocn\u011bn\u00ed. Jde ov\u0161em jen o genetick\u00e9 predispozice, co\u017e znamen\u00e1, \u017ee nen\u00ed jist\u00e9, zda se u v\u00e1s tato onemocn\u011bn\u00ed skute\u010dn\u011b rozvinou.<\/div>\n<div><\/div>\n<div>Je tak\u00e9 mo\u017en\u00e9, \u017ee se objev\u00ed onemocn\u011bn\u00ed, ke kter\u00fdm genetickou n\u00e1chylnost nem\u00e1te. Abyste sn\u00ed\u017eili riziko vzniku t\u011bchto onemocn\u011bn\u00ed, je dobr\u00e9 dodr\u017eovat doporu\u010den\u00e1 preventivn\u00ed opat\u0159en\u00ed uveden\u00e1 ve v\u00fdsledc\u00edch. Doporu\u010dujeme tak\u00e9 prodiskutovat tyto informace se sv\u00fdm l\u00e9ka\u0159em nebo psychoterapeutem.<\/div>\n<\/div>\n","protected":false},"excerpt":{"rendered":"<p>Deprese, \u00fazkostn\u00e9 poruchy, ADHD, Alzheimerova choroba a mnoho dal\u0161\u00edch. I p\u0159i na\u0161\u00ed du\u0161evn\u00ed pohod\u011b hraj\u00ed d\u016fle\u017eitou roli genetick\u00e9 predispozice a prevence.<\/p>\n","protected":false},"featured_media":1375618,"template":"","meta":{"_acf_changed":false,"content-type":"","inline_featured_image":false},"product_brand":[],"product_cat":[99],"product_tag":[],"class_list":{"0":"post-1375619","1":"product","2":"type-product","3":"status-publish","4":"has-post-thumbnail","6":"product_cat-digital-content","8":"first","9":"instock","10":"virtual","11":"taxable","12":"purchasable","13":"product-type-simple"},"acf":[],"_links":{"self":[{"href":"https:\/\/dnaera.com\/cs\/wp-json\/wp\/v2\/product\/1375619","targetHints":{"allow":["GET"]}}],"collection":[{"href":"https:\/\/dnaera.com\/cs\/wp-json\/wp\/v2\/product"}],"about":[{"href":"https:\/\/dnaera.com\/cs\/wp-json\/wp\/v2\/types\/product"}],"version-history":[{"count":1,"href":"https:\/\/dnaera.com\/cs\/wp-json\/wp\/v2\/product\/1375619\/revisions"}],"predecessor-version":[{"id":1375829,"href":"https:\/\/dnaera.com\/cs\/wp-json\/wp\/v2\/product\/1375619\/revisions\/1375829"}],"wp:featuredmedia":[{"embeddable":true,"href":"https:\/\/dnaera.com\/cs\/wp-json\/wp\/v2\/media\/1375618"}],"wp:attachment":[{"href":"https:\/\/dnaera.com\/cs\/wp-json\/wp\/v2\/media?parent=1375619"}],"wp:term":[{"taxonomy":"product_brand","embeddable":true,"href":"https:\/\/dnaera.com\/cs\/wp-json\/wp\/v2\/product_brand?post=1375619"},{"taxonomy":"product_cat","embeddable":true,"href":"https:\/\/dnaera.com\/cs\/wp-json\/wp\/v2\/product_cat?post=1375619"},{"taxonomy":"product_tag","embeddable":true,"href":"https:\/\/dnaera.com\/cs\/wp-json\/wp\/v2\/product_tag?post=1375619"}],"curies":[{"name":"wp","href":"https:\/\/api.w.org\/{rel}","templated":true}]}}