{"id":1375613,"date":"2024-02-20T09:42:25","date_gmt":"2024-02-20T08:42:25","guid":{"rendered":"https:\/\/dnaera.com\/cs\/produkt\/carrier-status\/"},"modified":"2024-03-18T14:29:14","modified_gmt":"2024-03-18T13:29:14","slug":"carrier-status","status":"publish","type":"product","link":"https:\/\/dnaera.com\/cs\/produkt\/carrier-status\/","title":{"rendered":"Status p\u0159ena\u0161e\u010de"},"content":{"rendered":"<div>\n<div>Za p\u0159ena\u0161e\u010de autosom\u00e1ln\u011b recesivn\u00edho onemocn\u011bn\u00ed se pova\u017euje osoba, kter\u00e1 m\u00e1 ve sv\u00e9 DNA jednu kopii zm\u011bn\u011bn\u00e9ho genu. Takov\u00fd jedinec obvykle nevykazuje p\u0159\u00edznaky onemocn\u011bn\u00ed, ale m\u016f\u017ee ovlivnit zdravotn\u00ed stav sv\u00fdch d\u011bt\u00ed. Aby se takov\u00e9 onemocn\u011bn\u00ed rozvinulo, je t\u0159eba zd\u011bdit ob\u011b mutovan\u00e9 kopie dan\u00e9ho genu.<\/div>\n<div><\/div>\n<div>Na\u0161e anal\u00fdza v\u0161ak nezahrnuje v\u0161echny genetick\u00e9 varianty, kter\u00e9 mohou b\u00fdt spojeny s rozvojem takov\u00fdch onemocn\u011bn\u00ed. Proto i s negativn\u00edm v\u00fdsledkem m\u016f\u017eete b\u00fdt nositelem varianty, kterou jsme neanalyzovali. Pokud jste vy i v\u00e1\u0161 partner dostali pozitivn\u00ed v\u00fdsledek, je vhodn\u00e9 se poradit s l\u00e9ka\u0159em.<\/div>\n<\/div>\n","protected":false},"excerpt":{"rendered":"<p>Pl\u00e1nujete nebo budete pl\u00e1novat rodinu? Zjist\u011bte, jak\u00e9 m\u00e1te predispozice, kter\u00e9 nemus\u00ed m\u00edt vliv na v\u00e1s, ale mohou m\u00edt vliv na zdrav\u00ed va\u0161ich d\u011bt\u00ed.<\/p>\n","protected":false},"featured_media":1375612,"template":"","meta":{"_acf_changed":false,"content-type":"","inline_featured_image":false},"product_brand":[],"product_cat":[99],"product_tag":[],"class_list":{"0":"post-1375613","1":"product","2":"type-product","3":"status-publish","4":"has-post-thumbnail","6":"product_cat-digital-content","8":"first","9":"instock","10":"virtual","11":"taxable","12":"purchasable","13":"product-type-simple"},"acf":[],"_links":{"self":[{"href":"https:\/\/dnaera.com\/cs\/wp-json\/wp\/v2\/product\/1375613","targetHints":{"allow":["GET"]}}],"collection":[{"href":"https:\/\/dnaera.com\/cs\/wp-json\/wp\/v2\/product"}],"about":[{"href":"https:\/\/dnaera.com\/cs\/wp-json\/wp\/v2\/types\/product"}],"version-history":[{"count":1,"href":"https:\/\/dnaera.com\/cs\/wp-json\/wp\/v2\/product\/1375613\/revisions"}],"predecessor-version":[{"id":1375826,"href":"https:\/\/dnaera.com\/cs\/wp-json\/wp\/v2\/product\/1375613\/revisions\/1375826"}],"wp:featuredmedia":[{"embeddable":true,"href":"https:\/\/dnaera.com\/cs\/wp-json\/wp\/v2\/media\/1375612"}],"wp:attachment":[{"href":"https:\/\/dnaera.com\/cs\/wp-json\/wp\/v2\/media?parent=1375613"}],"wp:term":[{"taxonomy":"product_brand","embeddable":true,"href":"https:\/\/dnaera.com\/cs\/wp-json\/wp\/v2\/product_brand?post=1375613"},{"taxonomy":"product_cat","embeddable":true,"href":"https:\/\/dnaera.com\/cs\/wp-json\/wp\/v2\/product_cat?post=1375613"},{"taxonomy":"product_tag","embeddable":true,"href":"https:\/\/dnaera.com\/cs\/wp-json\/wp\/v2\/product_tag?post=1375613"}],"curies":[{"name":"wp","href":"https:\/\/api.w.org\/{rel}","templated":true}]}}