{"id":1375611,"date":"2024-02-20T09:42:23","date_gmt":"2024-02-20T08:42:23","guid":{"rendered":"https:\/\/dnaera.com\/cs\/produkt\/sport-predispositions\/"},"modified":"2024-03-18T14:22:14","modified_gmt":"2024-03-18T13:22:14","slug":"sport-predispositions","status":"publish","type":"product","link":"https:\/\/dnaera.com\/cs\/produkt\/sport-predispositions\/","title":{"rendered":"Sportovn\u00ed predispozice"},"content":{"rendered":"<div>\n<div>Pravideln\u00e9 cvi\u010den\u00ed n\u00e1s zlep\u0161uje bez ohledu na n\u00e1\u0161 genetick\u00fd z\u00e1klad. Pokud jste ji\u017e n\u011bkdy cvi\u010dili ve skupin\u011b, mo\u017en\u00e1 jste si v\u0161imli, \u017ee ka\u017ed\u00fd reaguje na stejn\u00fd cvi\u010debn\u00ed pl\u00e1n jinak. Tyto rozd\u00edly jsou \u010dasto ovlivn\u011bny genetikou, kter\u00e1 m\u016f\u017ee ovliv\u0148ovat, jak na\u0161e t\u011blo reaguje na r\u016fzn\u00e9 druhy cvi\u010den\u00ed.<\/div>\n<div><\/div>\n<div>N\u011bkter\u00e9 genetick\u00e9 varianty mohou fungovat jako ochrann\u00e9 faktory, kter\u00e9 n\u00e1s chr\u00e1n\u00ed p\u0159ed zran\u011bn\u00edmi, zat\u00edmco jin\u00e9, kter\u00e9 se t\u00fdkaj\u00ed struktur\u00e1ln\u00edch komponent\u016f t\u011bla, mohou zvy\u0161ovat riziko zran\u011bn\u00ed. Genetika tak m\u016f\u017ee m\u00edt v\u00fdznamn\u00fd vliv na sportovn\u00ed kari\u00e9ru a v\u00fdkonnost.<\/div>\n<\/div>\n","protected":false},"excerpt":{"rendered":"<p>Objevte, jak\u00fd typ sportu sed\u00ed va\u0161emu t\u011blu nejv\u00edc a dos\u00e1hn\u011bte je\u0161t\u011b lep\u0161\u00edch v\u00fdsledk\u016f. Genetick\u00fd sportovn\u00ed profil a genetick\u00e1 n\u00e1chylnost k n\u011bkolika typ\u016fm sportovn\u00edch zran\u011bn\u00ed.<\/p>\n","protected":false},"featured_media":1375610,"template":"","meta":{"_acf_changed":false,"content-type":"","inline_featured_image":false},"product_brand":[],"product_cat":[99],"product_tag":[],"class_list":{"0":"post-1375611","1":"product","2":"type-product","3":"status-publish","4":"has-post-thumbnail","6":"product_cat-digital-content","8":"first","9":"instock","10":"virtual","11":"taxable","12":"purchasable","13":"product-type-simple"},"acf":[],"_links":{"self":[{"href":"https:\/\/dnaera.com\/cs\/wp-json\/wp\/v2\/product\/1375611","targetHints":{"allow":["GET"]}}],"collection":[{"href":"https:\/\/dnaera.com\/cs\/wp-json\/wp\/v2\/product"}],"about":[{"href":"https:\/\/dnaera.com\/cs\/wp-json\/wp\/v2\/types\/product"}],"version-history":[{"count":1,"href":"https:\/\/dnaera.com\/cs\/wp-json\/wp\/v2\/product\/1375611\/revisions"}],"predecessor-version":[{"id":1375825,"href":"https:\/\/dnaera.com\/cs\/wp-json\/wp\/v2\/product\/1375611\/revisions\/1375825"}],"wp:featuredmedia":[{"embeddable":true,"href":"https:\/\/dnaera.com\/cs\/wp-json\/wp\/v2\/media\/1375610"}],"wp:attachment":[{"href":"https:\/\/dnaera.com\/cs\/wp-json\/wp\/v2\/media?parent=1375611"}],"wp:term":[{"taxonomy":"product_brand","embeddable":true,"href":"https:\/\/dnaera.com\/cs\/wp-json\/wp\/v2\/product_brand?post=1375611"},{"taxonomy":"product_cat","embeddable":true,"href":"https:\/\/dnaera.com\/cs\/wp-json\/wp\/v2\/product_cat?post=1375611"},{"taxonomy":"product_tag","embeddable":true,"href":"https:\/\/dnaera.com\/cs\/wp-json\/wp\/v2\/product_tag?post=1375611"}],"curies":[{"name":"wp","href":"https:\/\/api.w.org\/{rel}","templated":true}]}}