{"id":1375609,"date":"2024-02-20T09:42:21","date_gmt":"2024-02-20T08:42:21","guid":{"rendered":"https:\/\/dnaera.com\/cs\/produkt\/health\/"},"modified":"2024-03-18T14:08:40","modified_gmt":"2024-03-18T13:08:40","slug":"health","status":"publish","type":"product","link":"https:\/\/dnaera.com\/cs\/produkt\/health\/","title":{"rendered":"Zdrav\u00ed"},"content":{"rendered":"<div>\n<div>C\u00edtit se fyzicky a psychicky dob\u0159e je velmi d\u016fle\u017eit\u00e9. V t\u00e9to \u010d\u00e1sti naleznete informace, kter\u00e9 mohou nazna\u010dovat, jak va\u0161e geny ovliv\u0148uj\u00ed riziko vzniku r\u016fzn\u00fdch onemocn\u011bn\u00ed. Pamatujte, \u017ee se jedn\u00e1 pouze o predispozice, tak\u017ee nen\u00ed zaru\u010deno, \u017ee nemoci, na kter\u00e9 m\u00e1te zv\u00fd\u0161en\u00e9 genetick\u00e9 riziko, se skute\u010dn\u011b rozvinou, nebo \u017ee se neobjev\u00ed onemocn\u011bn\u00ed, na kter\u00e1 genetick\u00e9 riziko neukazuje.<\/div>\n<div><\/div>\n<div>Se sn\u00ed\u017een\u00edm \u0161ance, \u017ee se u v\u00e1s takov\u00e1 onemocn\u011bn\u00ed rozvinou, v\u00e1m m\u016f\u017ee pomoci dodr\u017eov\u00e1n\u00ed preventivn\u00edch opat\u0159en\u00ed, kter\u00e1 jsou uvedena v doporu\u010den\u00edch. Rozvoj t\u011bchto onemocn\u011bn\u00ed ovliv\u0148uj\u00ed krom\u011b genetiky i jin\u00e9 faktory, jako jsou strava, pohybov\u00e1 aktivita, kou\u0159en\u00ed, konzumace alkoholu \u010di prost\u0159ed\u00ed. Tak\u00e9 je dobr\u00e9 tyto v\u00fdsledky konzultovat se sv\u00fdm l\u00e9ka\u0159em.<\/div>\n<\/div>\n","protected":false},"excerpt":{"rendered":"<p>V\u0161ichni jsme r\u016fzn\u00ed a ne ka\u017ed\u00fd m\u00e1 stejn\u00e9 riziko pro rozvoj n\u011bjak\u00e9ho onemocn\u011bn\u00ed. Zjist\u011bte sv\u00e9 zdravotn\u00ed predispozice a bu\u010fte o krok vp\u0159ed.<\/p>\n","protected":false},"featured_media":1375608,"template":"","meta":{"_acf_changed":false,"content-type":"","inline_featured_image":false},"product_brand":[],"product_cat":[99],"product_tag":[],"class_list":{"0":"post-1375609","1":"product","2":"type-product","3":"status-publish","4":"has-post-thumbnail","6":"product_cat-digital-content","8":"first","9":"instock","10":"virtual","11":"taxable","12":"purchasable","13":"product-type-simple"},"acf":[],"_links":{"self":[{"href":"https:\/\/dnaera.com\/cs\/wp-json\/wp\/v2\/product\/1375609","targetHints":{"allow":["GET"]}}],"collection":[{"href":"https:\/\/dnaera.com\/cs\/wp-json\/wp\/v2\/product"}],"about":[{"href":"https:\/\/dnaera.com\/cs\/wp-json\/wp\/v2\/types\/product"}],"version-history":[{"count":1,"href":"https:\/\/dnaera.com\/cs\/wp-json\/wp\/v2\/product\/1375609\/revisions"}],"predecessor-version":[{"id":1375824,"href":"https:\/\/dnaera.com\/cs\/wp-json\/wp\/v2\/product\/1375609\/revisions\/1375824"}],"wp:featuredmedia":[{"embeddable":true,"href":"https:\/\/dnaera.com\/cs\/wp-json\/wp\/v2\/media\/1375608"}],"wp:attachment":[{"href":"https:\/\/dnaera.com\/cs\/wp-json\/wp\/v2\/media?parent=1375609"}],"wp:term":[{"taxonomy":"product_brand","embeddable":true,"href":"https:\/\/dnaera.com\/cs\/wp-json\/wp\/v2\/product_brand?post=1375609"},{"taxonomy":"product_cat","embeddable":true,"href":"https:\/\/dnaera.com\/cs\/wp-json\/wp\/v2\/product_cat?post=1375609"},{"taxonomy":"product_tag","embeddable":true,"href":"https:\/\/dnaera.com\/cs\/wp-json\/wp\/v2\/product_tag?post=1375609"}],"curies":[{"name":"wp","href":"https:\/\/api.w.org\/{rel}","templated":true}]}}