{"id":1375607,"date":"2024-02-20T09:42:19","date_gmt":"2024-02-20T08:42:19","guid":{"rendered":"https:\/\/dnaera.com\/cs\/produkt\/intolerances\/"},"modified":"2024-03-18T14:06:17","modified_gmt":"2024-03-18T13:06:17","slug":"intolerances","status":"publish","type":"product","link":"https:\/\/dnaera.com\/cs\/produkt\/intolerances\/","title":{"rendered":"Intolerance"},"content":{"rendered":"<div>\n<div>Intolerance ch\u00e1peme jako probl\u00e9my s tr\u00e1ven\u00edm ur\u010dit\u00fdch potravin, jako\u017e i s v\u00fdrazn\u00fdmi obt\u00ed\u017eemi po jejich konzumaci, jako nap\u0159\u00edklad siln\u00e9 bolesti b\u0159icha \u010di nad\u00fdm\u00e1n\u00ed. V t\u00e9to kategorii naleznete v\u00fdsledky, kter\u00e9 mohou ovliv\u0148ovat toleranci va\u0161eho organismu ke specifick\u00fdm slo\u017ek\u00e1m potravy.<\/div>\n<div><\/div>\n<div>Jedn\u00e1 se ov\u0161em pouze o genetick\u00e9 predispozice, kter\u00e9 mohou zvy\u0161ovat n\u00e1chylnost va\u0161eho t\u011bla k intoleranci k ur\u010dit\u00e9 slo\u017ece potravy. Bez potvrzen\u00e9 intolerance l\u00e9ka\u0159em se v\u0161ak nedoporu\u010duje vy\u0159azovat \u017e\u00e1dn\u00e9 slo\u017eky potravy.<\/div>\n<\/div>\n","protected":false},"excerpt":{"rendered":"<p>Genetick\u00e9 n\u00e1chylnosti va\u0161eho organismu k intoleranci specifick\u00fdch slo\u017eek potravy.<\/p>\n","protected":false},"featured_media":1375606,"template":"","meta":{"_acf_changed":false,"content-type":"","inline_featured_image":false},"product_brand":[],"product_cat":[99],"product_tag":[],"class_list":{"0":"post-1375607","1":"product","2":"type-product","3":"status-publish","4":"has-post-thumbnail","6":"product_cat-digital-content","8":"first","9":"instock","10":"virtual","11":"taxable","12":"purchasable","13":"product-type-simple"},"acf":[],"_links":{"self":[{"href":"https:\/\/dnaera.com\/cs\/wp-json\/wp\/v2\/product\/1375607","targetHints":{"allow":["GET"]}}],"collection":[{"href":"https:\/\/dnaera.com\/cs\/wp-json\/wp\/v2\/product"}],"about":[{"href":"https:\/\/dnaera.com\/cs\/wp-json\/wp\/v2\/types\/product"}],"version-history":[{"count":1,"href":"https:\/\/dnaera.com\/cs\/wp-json\/wp\/v2\/product\/1375607\/revisions"}],"predecessor-version":[{"id":1375823,"href":"https:\/\/dnaera.com\/cs\/wp-json\/wp\/v2\/product\/1375607\/revisions\/1375823"}],"wp:featuredmedia":[{"embeddable":true,"href":"https:\/\/dnaera.com\/cs\/wp-json\/wp\/v2\/media\/1375606"}],"wp:attachment":[{"href":"https:\/\/dnaera.com\/cs\/wp-json\/wp\/v2\/media?parent=1375607"}],"wp:term":[{"taxonomy":"product_brand","embeddable":true,"href":"https:\/\/dnaera.com\/cs\/wp-json\/wp\/v2\/product_brand?post=1375607"},{"taxonomy":"product_cat","embeddable":true,"href":"https:\/\/dnaera.com\/cs\/wp-json\/wp\/v2\/product_cat?post=1375607"},{"taxonomy":"product_tag","embeddable":true,"href":"https:\/\/dnaera.com\/cs\/wp-json\/wp\/v2\/product_tag?post=1375607"}],"curies":[{"name":"wp","href":"https:\/\/api.w.org\/{rel}","templated":true}]}}