{"id":1375603,"date":"2024-02-20T09:42:14","date_gmt":"2024-02-20T08:42:14","guid":{"rendered":"https:\/\/dnaera.com\/cs\/produkt\/vitamins-and-minerals\/"},"modified":"2024-03-18T13:55:32","modified_gmt":"2024-03-18T12:55:32","slug":"vitamins-and-minerals","status":"publish","type":"product","link":"https:\/\/dnaera.com\/cs\/produkt\/vitamins-and-minerals\/","title":{"rendered":"Vitam\u00edny a miner\u00e1ly"},"content":{"rendered":"<p>Vitam\u00edny a miner\u00e1ly jsou kl\u00ed\u010dov\u00e9 \u017eiviny pro spr\u00e1vnou funkci metabolismu v lidsk\u00e9m t\u011ble. V t\u00e9to \u010d\u00e1sti naleznete informace, jak va\u0161e geny mohou ovlivnit hladiny t\u011bchto d\u016fle\u017eit\u00fdch \u017eivin ve va\u0161em organismu. P\u0159i dodr\u017eov\u00e1n\u00ed pestr\u00e9 a vyv\u00e1\u017een\u00e9 stravy by m\u011bly b\u00fdt hladiny vitam\u00edn\u016f a miner\u00e1l\u016f v norm\u011b, nez\u00e1visle na v\u00fdsledc\u00edch genetick\u00e9 anal\u00fdzy.<\/p>\n<p>Tato anal\u00fdza zkoum\u00e1 genetick\u00e9 sklony k hladin\u00e1m jednotliv\u00fdch vitam\u00edn\u016f a miner\u00e1l\u016f. Chcete-li z\u00edskat p\u0159esn\u00fd p\u0159ehled o aktu\u00e1ln\u00edch hladin\u00e1ch \u017eivin ve va\u0161em t\u011ble, doporu\u010dujeme prov\u00e9st krevn\u00ed test.<\/p>\n","protected":false},"excerpt":{"rendered":"<p>Cel\u00e9 t\u011blo pot\u0159ebuje spr\u00e1vnou d\u00e1vku vitam\u00edn\u016f a miner\u00e1l\u016f. Zjist\u011bte, jak\u00e9 m\u00e1te genetick\u00e9 predispozice a podpo\u0159te svoji imunitu.<\/p>\n","protected":false},"featured_media":1375602,"template":"","meta":{"_acf_changed":false,"content-type":"","inline_featured_image":false},"product_brand":[],"product_cat":[99],"product_tag":[],"class_list":{"0":"post-1375603","1":"product","2":"type-product","3":"status-publish","4":"has-post-thumbnail","6":"product_cat-digital-content","8":"first","9":"instock","10":"virtual","11":"taxable","12":"purchasable","13":"product-type-simple"},"acf":[],"_links":{"self":[{"href":"https:\/\/dnaera.com\/cs\/wp-json\/wp\/v2\/product\/1375603","targetHints":{"allow":["GET"]}}],"collection":[{"href":"https:\/\/dnaera.com\/cs\/wp-json\/wp\/v2\/product"}],"about":[{"href":"https:\/\/dnaera.com\/cs\/wp-json\/wp\/v2\/types\/product"}],"version-history":[{"count":1,"href":"https:\/\/dnaera.com\/cs\/wp-json\/wp\/v2\/product\/1375603\/revisions"}],"predecessor-version":[{"id":1375818,"href":"https:\/\/dnaera.com\/cs\/wp-json\/wp\/v2\/product\/1375603\/revisions\/1375818"}],"wp:featuredmedia":[{"embeddable":true,"href":"https:\/\/dnaera.com\/cs\/wp-json\/wp\/v2\/media\/1375602"}],"wp:attachment":[{"href":"https:\/\/dnaera.com\/cs\/wp-json\/wp\/v2\/media?parent=1375603"}],"wp:term":[{"taxonomy":"product_brand","embeddable":true,"href":"https:\/\/dnaera.com\/cs\/wp-json\/wp\/v2\/product_brand?post=1375603"},{"taxonomy":"product_cat","embeddable":true,"href":"https:\/\/dnaera.com\/cs\/wp-json\/wp\/v2\/product_cat?post=1375603"},{"taxonomy":"product_tag","embeddable":true,"href":"https:\/\/dnaera.com\/cs\/wp-json\/wp\/v2\/product_tag?post=1375603"}],"curies":[{"name":"wp","href":"https:\/\/api.w.org\/{rel}","templated":true}]}}